{"id":106,"date":"2021-05-28T21:01:56","date_gmt":"2021-05-28T21:01:56","guid":{"rendered":"https:\/\/www.biyochem.com.tr\/?page_id=106"},"modified":"2021-05-29T14:13:35","modified_gmt":"2021-05-29T14:13:35","slug":"seperator-filtre-sistemleri","status":"publish","type":"page","link":"https:\/\/www.biyochem.com.tr\/en\/seperator-filtre-sistemleri\/","title":{"rendered":"Seperator Filter Systems"},"content":{"rendered":"<div class=\"vce-row-container\" data-vce-boxed-width=\"true\"><div class=\"vce-row vce-row--col-gap-30 vce-row-equal-height vce-row-content--top\" id=\"el-e591ae71\" data-vce-do-apply=\"all el-e591ae71\"><div class=\"vce-content-background-container\"><\/div><div class=\"vce-row-content\" data-vce-element-content=\"true\"><div class=\"vce-col vce-col--md-24-37p vce-col--xs-1 vce-col--xs-last vce-col--xs-first vce-col--sm-last vce-col--sm-first vce-col--md-first vce-col--lg-first vce-col--xl-first\" id=\"el-b7d27379\"><div class=\"vce-col-inner\" data-vce-do-apply=\"border margin background  el-b7d27379\"><div class=\"vce-col-content\" data-vce-element-content=\"true\" data-vce-do-apply=\"padding el-b7d27379\"><div class=\"vce-single-image-container vce-single-image--align-left\"><div class=\"vce vce-single-image-wrapper\" id=\"el-e7d7964c\" data-vce-do-apply=\"all el-e7d7964c\"><figure><div class=\"vce-single-image-inner vce-single-image--absolute\" style=\"padding-bottom: 219%; width: 200px;\"><img loading=\"lazy\" decoding=\"async\" class=\"vce-single-image vcv-lozad\" data-src=\"https:\/\/www.biyochem.com.tr\/wp-content\/uploads\/2021\/05\/seperator-filtre-e1622235922580.jpg\" width=\"200\" height=\"438\" src=\"\" data-img-src=\"https:\/\/www.biyochem.com.tr\/wp-content\/uploads\/2021\/05\/seperator-filtre-e1622235922580.jpg\" alt=\"\" title=\"seperator-filtre\" \/><noscript>\n        <img loading=\"lazy\" decoding=\"async\" class=\"vce-single-image\" src=\"https:\/\/www.biyochem.com.tr\/wp-content\/uploads\/2021\/05\/seperator-filtre-e1622235922580.jpg\" width=\"200\" height=\"438\" alt=\"\" title=\"seperator-filtre\" \/>\n      <\/noscript><\/div><figcaption hidden=\"\"><\/figcaption><\/figure><\/div><\/div><\/div><\/div><\/div><div class=\"vce-col vce-col--md-75-6p vce-col--xs-1 vce-col--xs-last vce-col--xs-first vce-col--sm-last vce-col--sm-first vce-col--md-last vce-col--lg-last vce-col--xl-last\" id=\"el-ffa8b583\"><div class=\"vce-col-inner\" data-vce-do-apply=\"border margin background  el-ffa8b583\"><div class=\"vce-col-content\" data-vce-element-content=\"true\" data-vce-do-apply=\"padding el-ffa8b583\"><div class=\"vce-text-block\"><div class=\"vce-text-block-wrapper vce\" id=\"el-e2ae7a14\" data-vce-do-apply=\"all el-e2ae7a14\">\n<p>Kum ve kat\u0131 partik\u00fcllerin santrif\u00fcj etkisi ile sudan uzakla\u015ft\u0131rma prensibine dayan\u0131r. Sudan a\u011f\u0131r olan partik\u00fcller, d\u0131\u015fa do\u011fru ayr\u0131larak filtrenin alt haznesinde toplan\u0131r. Toplanan bu partik\u00fcller sistemin \u00f6zelli\u011fine g\u00f6re periyodik olarak manuel veya otomatik olarak bo\u015falt\u0131l\u0131r. Partik\u00fcllerden ar\u0131nd\u0131r\u0131lm\u0131\u015f su ise seperat\u00f6r\u00fcn ortas\u0131ndaki girdap vas\u0131tas\u0131 ile yukar\u0131 do\u011fru \u00e7ekilerek \u00e7\u0131k\u0131\u015f hatt\u0131ndan \u015febeke veya bir sonraki ar\u0131tma \u00fcnitesine verilir.<\/p>\n\n<p>&nbsp;<\/p>\n\n<ul class=\"wp-block-list\">\n<li>Paslanmaz \u00e7elik veya karbon \u00e7elik opsiyonlu imalat,<\/li>\n<li>Hareketli par\u00e7a bulundurmad\u0131\u011f\u0131 i\u00e7in bak\u0131ma ihtiya\u00e7 duymazlar,<\/li>\n<li>Opsiyonel olarak tam otomatik zaman kontroll\u00fc bl\u00f6f vanas\u0131 entegre edilebilmektedir.<\/li>\n<\/ul>\n\n<p>&nbsp;<\/p>\n<\/div><\/div><\/div><\/div><\/div><\/div><\/div><\/div><div class=\"vce-row-container\" data-vce-boxed-width=\"true\"><div class=\"vce-row vce-row--col-gap-30 vce-row-equal-height vce-row-content--top\" id=\"el-d3a9dc32\" data-vce-do-apply=\"all el-d3a9dc32\"><div class=\"vce-row-content\" data-vce-element-content=\"true\"><div class=\"vce-col vce-col--md-auto vce-col--xs-1 vce-col--xs-last vce-col--xs-first vce-col--sm-last vce-col--sm-first vce-col--md-last vce-col--lg-last vce-col--xl-last vce-col--md-first vce-col--lg-first vce-col--xl-first\" id=\"el-e2924c66\"><div class=\"vce-col-inner\" data-vce-do-apply=\"border margin background  el-e2924c66\"><div class=\"vce-col-content\" data-vce-element-content=\"true\" data-vce-do-apply=\"padding el-e2924c66\"><\/div><\/div><\/div><\/div><\/div><\/div><div class=\"vce-row-container\" data-vce-boxed-width=\"true\"><div class=\"vce-row vce-row--col-gap-30 vce-row-equal-height vce-row-content--top\" id=\"el-df87d3ba\" data-vce-do-apply=\"all el-df87d3ba\"><div class=\"vce-row-content\" data-vce-element-content=\"true\"><div class=\"vce-col vce-col--md-auto vce-col--xs-1 vce-col--xs-last vce-col--xs-first vce-col--sm-last vce-col--sm-first vce-col--md-last vce-col--lg-last vce-col--xl-last vce-col--md-first vce-col--lg-first vce-col--xl-first\" id=\"el-530b8085\"><div class=\"vce-col-inner\" data-vce-do-apply=\"border margin background  el-530b8085\"><div class=\"vce-col-content\" data-vce-element-content=\"true\" data-vce-do-apply=\"padding el-530b8085\"><\/div><\/div><\/div><\/div><\/div><\/div>","protected":false},"excerpt":{"rendered":"<p>Kum ve kat\u0131 partik\u00fcllerin santrif\u00fcj etkisi ile sudan uzakla\u015ft\u0131rma prensibine dayan\u0131r. Sudan a\u011f\u0131r olan partik\u00fcller, d\u0131\u015fa do\u011fru ayr\u0131larak filtrenin alt haznesinde toplan\u0131r. Toplanan bu partik\u00fcller sistemin \u00f6zelli\u011fine g\u00f6re periyodik olarak manuel veya otomatik olarak bo\u015falt\u0131l\u0131r. Partik\u00fcllerden ar\u0131nd\u0131r\u0131lm\u0131\u015f su ise seperat\u00f6r\u00fcn ortas\u0131ndaki girdap vas\u0131tas\u0131 ile yukar\u0131 do\u011fru \u00e7ekilerek \u00e7\u0131k\u0131\u015f hatt\u0131ndan \u015febeke veya bir sonraki ar\u0131tma \u00fcnitesine &#8230; <a title=\"Seperator Filter Systems\" class=\"read-more\" href=\"https:\/\/www.biyochem.com.tr\/en\/seperator-filtre-sistemleri\/\" aria-label=\"Read more about Seperat\u00f6r Filtre Sistemleri\">Read more<\/a><\/p>","protected":false},"author":1,"featured_media":0,"parent":0,"menu_order":0,"comment_status":"closed","ping_status":"closed","template":"","meta":{"footnotes":""},"class_list":["post-106","page","type-page","status-publish"],"yoast_head":"<!-- This site is optimized with the Yoast SEO plugin v24.2 - https:\/\/yoast.com\/wordpress\/plugins\/seo\/ -->\n<title>Seperat\u00f6r Filtre Sistemleri | Biyochem M&uuml;hendislik<\/title>\n<meta name=\"description\" content=\"Seperat\u00f6r Filtre Sistemleri\" \/>\n<meta name=\"robots\" content=\"index, follow, max-snippet:-1, max-image-preview:large, max-video-preview:-1\" \/>\n<link rel=\"canonical\" href=\"https:\/\/www.biyochem.com.tr\/en\/seperator-filtre-sistemleri\/\" \/>\n<meta property=\"og:locale\" content=\"en_US\" \/>\n<meta property=\"og:type\" content=\"article\" \/>\n<meta property=\"og:title\" content=\"Seperat\u00f6r Filtre Sistemleri | Biyochem M&uuml;hendislik\" \/>\n<meta property=\"og:description\" content=\"Seperat\u00f6r Filtre Sistemleri\" \/>\n<meta property=\"og:url\" content=\"https:\/\/www.biyochem.com.tr\/en\/seperator-filtre-sistemleri\/\" \/>\n<meta property=\"og:site_name\" content=\"Biyochem M&uuml;hendislik\" \/>\n<meta property=\"article:modified_time\" content=\"2021-05-29T14:13:35+00:00\" \/>\n<meta name=\"twitter:card\" content=\"summary_large_image\" \/>\n<meta name=\"twitter:label1\" content=\"Est. reading time\" \/>\n\t<meta name=\"twitter:data1\" content=\"1 minute\" \/>\n<script type=\"application\/ld+json\" class=\"yoast-schema-graph\">{\"@context\":\"https:\/\/schema.org\",\"@graph\":[{\"@type\":\"WebPage\",\"@id\":\"https:\/\/www.biyochem.com.tr\/seperator-filtre-sistemleri\/\",\"url\":\"https:\/\/www.biyochem.com.tr\/seperator-filtre-sistemleri\/\",\"name\":\"Seperat\u00f6r Filtre Sistemleri | Biyochem M&uuml;hendislik\",\"isPartOf\":{\"@id\":\"https:\/\/www.biyochem.com.tr\/#website\"},\"datePublished\":\"2021-05-28T21:01:56+00:00\",\"dateModified\":\"2021-05-29T14:13:35+00:00\",\"description\":\"Seperat\u00f6r Filtre Sistemleri\",\"breadcrumb\":{\"@id\":\"https:\/\/www.biyochem.com.tr\/seperator-filtre-sistemleri\/#breadcrumb\"},\"inLanguage\":\"en-US\",\"potentialAction\":[{\"@type\":\"ReadAction\",\"target\":[\"https:\/\/www.biyochem.com.tr\/seperator-filtre-sistemleri\/\"]}]},{\"@type\":\"BreadcrumbList\",\"@id\":\"https:\/\/www.biyochem.com.tr\/seperator-filtre-sistemleri\/#breadcrumb\",\"itemListElement\":[{\"@type\":\"ListItem\",\"position\":1,\"name\":\"Home\",\"item\":\"https:\/\/www.biyochem.com.tr\/\"},{\"@type\":\"ListItem\",\"position\":2,\"name\":\"Seperat\u00f6r Filtre Sistemleri\"}]},{\"@type\":\"WebSite\",\"@id\":\"https:\/\/www.biyochem.com.tr\/#website\",\"url\":\"https:\/\/www.biyochem.com.tr\/\",\"name\":\"Biyochem M&uuml;hendislik\",\"description\":\"Su ar\u0131tma ve kimyasallar\u0131\",\"publisher\":{\"@id\":\"https:\/\/www.biyochem.com.tr\/#organization\"},\"potentialAction\":[{\"@type\":\"SearchAction\",\"target\":{\"@type\":\"EntryPoint\",\"urlTemplate\":\"https:\/\/www.biyochem.com.tr\/?s={search_term_string}\"},\"query-input\":{\"@type\":\"PropertyValueSpecification\",\"valueRequired\":true,\"valueName\":\"search_term_string\"}}],\"inLanguage\":\"en-US\"},{\"@type\":\"Organization\",\"@id\":\"https:\/\/www.biyochem.com.tr\/#organization\",\"name\":\"Biyochem M\u00fchendislik Su ar\u0131tma sistemleri ve kimyasallar\u0131\",\"url\":\"https:\/\/www.biyochem.com.tr\/\",\"logo\":{\"@type\":\"ImageObject\",\"inLanguage\":\"en-US\",\"@id\":\"https:\/\/www.biyochem.com.tr\/#\/schema\/logo\/image\/\",\"url\":\"https:\/\/www.biyochem.com.tr\/wp-content\/uploads\/2021\/05\/bc.png\",\"contentUrl\":\"https:\/\/www.biyochem.com.tr\/wp-content\/uploads\/2021\/05\/bc.png\",\"width\":433,\"height\":105,\"caption\":\"Biyochem M\u00fchendislik Su ar\u0131tma sistemleri ve kimyasallar\u0131\"},\"image\":{\"@id\":\"https:\/\/www.biyochem.com.tr\/#\/schema\/logo\/image\/\"}}]}<\/script>\n<!-- \/ Yoast SEO plugin. -->","yoast_head_json":{"title":"Seperat\u00f6r Filtre Sistemleri | Biyochem M&uuml;hendislik","description":"Seperat\u00f6r Filtre Sistemleri","robots":{"index":"index","follow":"follow","max-snippet":"max-snippet:-1","max-image-preview":"max-image-preview:large","max-video-preview":"max-video-preview:-1"},"canonical":"https:\/\/www.biyochem.com.tr\/en\/seperator-filtre-sistemleri\/","og_locale":"en_US","og_type":"article","og_title":"Seperat\u00f6r Filtre Sistemleri | Biyochem M&uuml;hendislik","og_description":"Seperat\u00f6r Filtre Sistemleri","og_url":"https:\/\/www.biyochem.com.tr\/en\/seperator-filtre-sistemleri\/","og_site_name":"Biyochem M&uuml;hendislik","article_modified_time":"2021-05-29T14:13:35+00:00","twitter_card":"summary_large_image","twitter_misc":{"Est. reading time":"1 minute"},"schema":{"@context":"https:\/\/schema.org","@graph":[{"@type":"WebPage","@id":"https:\/\/www.biyochem.com.tr\/seperator-filtre-sistemleri\/","url":"https:\/\/www.biyochem.com.tr\/seperator-filtre-sistemleri\/","name":"Seperat\u00f6r Filtre Sistemleri | Biyochem M&uuml;hendislik","isPartOf":{"@id":"https:\/\/www.biyochem.com.tr\/#website"},"datePublished":"2021-05-28T21:01:56+00:00","dateModified":"2021-05-29T14:13:35+00:00","description":"Seperat\u00f6r Filtre Sistemleri","breadcrumb":{"@id":"https:\/\/www.biyochem.com.tr\/seperator-filtre-sistemleri\/#breadcrumb"},"inLanguage":"en-US","potentialAction":[{"@type":"ReadAction","target":["https:\/\/www.biyochem.com.tr\/seperator-filtre-sistemleri\/"]}]},{"@type":"BreadcrumbList","@id":"https:\/\/www.biyochem.com.tr\/seperator-filtre-sistemleri\/#breadcrumb","itemListElement":[{"@type":"ListItem","position":1,"name":"Home","item":"https:\/\/www.biyochem.com.tr\/"},{"@type":"ListItem","position":2,"name":"Seperat\u00f6r Filtre Sistemleri"}]},{"@type":"WebSite","@id":"https:\/\/www.biyochem.com.tr\/#website","url":"https:\/\/www.biyochem.com.tr\/","name":"Biyochem M&uuml;hendislik","description":"Su ar\u0131tma ve kimyasallar\u0131","publisher":{"@id":"https:\/\/www.biyochem.com.tr\/#organization"},"potentialAction":[{"@type":"SearchAction","target":{"@type":"EntryPoint","urlTemplate":"https:\/\/www.biyochem.com.tr\/?s={search_term_string}"},"query-input":{"@type":"PropertyValueSpecification","valueRequired":true,"valueName":"search_term_string"}}],"inLanguage":"en-US"},{"@type":"Organization","@id":"https:\/\/www.biyochem.com.tr\/#organization","name":"Biyochem M\u00fchendislik Su ar\u0131tma sistemleri ve kimyasallar\u0131","url":"https:\/\/www.biyochem.com.tr\/","logo":{"@type":"ImageObject","inLanguage":"en-US","@id":"https:\/\/www.biyochem.com.tr\/#\/schema\/logo\/image\/","url":"https:\/\/www.biyochem.com.tr\/wp-content\/uploads\/2021\/05\/bc.png","contentUrl":"https:\/\/www.biyochem.com.tr\/wp-content\/uploads\/2021\/05\/bc.png","width":433,"height":105,"caption":"Biyochem M\u00fchendislik Su ar\u0131tma sistemleri ve kimyasallar\u0131"},"image":{"@id":"https:\/\/www.biyochem.com.tr\/#\/schema\/logo\/image\/"}}]}},"_links":{"self":[{"href":"https:\/\/www.biyochem.com.tr\/en\/wp-json\/wp\/v2\/pages\/106","targetHints":{"allow":["GET"]}}],"collection":[{"href":"https:\/\/www.biyochem.com.tr\/en\/wp-json\/wp\/v2\/pages"}],"about":[{"href":"https:\/\/www.biyochem.com.tr\/en\/wp-json\/wp\/v2\/types\/page"}],"author":[{"embeddable":true,"href":"https:\/\/www.biyochem.com.tr\/en\/wp-json\/wp\/v2\/users\/1"}],"replies":[{"embeddable":true,"href":"https:\/\/www.biyochem.com.tr\/en\/wp-json\/wp\/v2\/comments?post=106"}],"version-history":[{"count":6,"href":"https:\/\/www.biyochem.com.tr\/en\/wp-json\/wp\/v2\/pages\/106\/revisions"}],"predecessor-version":[{"id":183,"href":"https:\/\/www.biyochem.com.tr\/en\/wp-json\/wp\/v2\/pages\/106\/revisions\/183"}],"wp:attachment":[{"href":"https:\/\/www.biyochem.com.tr\/en\/wp-json\/wp\/v2\/media?parent=106"}],"curies":[{"name":"wp","href":"https:\/\/api.w.org\/{rel}","templated":true}]}}