{"id":16,"date":"2021-05-26T19:12:26","date_gmt":"2021-05-26T19:12:26","guid":{"rendered":"http:\/\/www.biyochem.com.tr\/?page_id=16"},"modified":"2021-05-26T19:12:26","modified_gmt":"2021-05-26T19:12:26","slug":"hakkimizda","status":"publish","type":"page","link":"https:\/\/www.biyochem.com.tr\/en\/hakkimizda\/","title":{"rendered":"ABOUT"},"content":{"rendered":"<p>Her damla suya de\u011fer verilen ve ye\u015fil teknoloji merkezi olan Biyochem M\u00fchendislik olarak sorunlar\u0131 \u00e7\u00f6zmek i\u00e7in suyun do\u011fal \u00f6zelliklerini kullanmaya inan\u0131yoruz.<\/p>\n\n\n\n<p>Sistemlerimiz, teknik ve m\u00fchendislik bilgisinden yararlan\u0131larak tasarlanmaktad\u0131r. Bu sayede Ar-Ge \u00e7al\u0131\u015fmalar\u0131m\u0131z ile her karakterdeki do\u011fal kaynak ve at\u0131k sular\u0131 kullan\u0131m amac\u0131n\u0131za uygun \u015fekilde ar\u0131tabilmekteyiz.<\/p>\n\n\n\n<p>Biyochem M\u00fchendislik olarak azalan su kaynaklar\u0131 sebebiyle at\u0131k sular\u0131n yeniden kullan\u0131m\u0131na \u00f6nem vermekte ve bu ama\u00e7la bir\u00e7ok proje geli\u015ftirerek sekt\u00f6re de \u00f6nc\u00fcl\u00fck etmekteyiz. \u00c7\u00f6z\u00fcmlerimizin kurulumu ve bak\u0131m\u0131 kolay olup bak\u0131m ve su maliyetlerini d\u00fc\u015f\u00fcrd\u00fc\u011f\u00fc g\u00f6r\u00fclm\u00fc\u015ft\u00fcr.<\/p>\n\n\n\n<p>Su verimlili\u011fini art\u0131rmak ve at\u0131k sular\u0131 yeniden kullanmak i\u00e7in yeni ye\u015fil teknolojileri kullanmak isteyen d\u00fcnya \u00e7ap\u0131ndaki m\u00fchendislik dan\u0131\u015fmanl\u0131klar\u0131 ve su \u015firketleri ile daha iyi bir \u00e7evre i\u00e7in \u00e7al\u0131\u015fma ortakl\u0131\u011f\u0131 yap\u0131yoruz.<\/p>","protected":false},"excerpt":{"rendered":"<p>Her damla suya de\u011fer verilen ve ye\u015fil teknoloji merkezi olan Biyochem M\u00fchendislik olarak sorunlar\u0131 \u00e7\u00f6zmek i\u00e7in suyun do\u011fal \u00f6zelliklerini kullanmaya inan\u0131yoruz. Sistemlerimiz, teknik ve m\u00fchendislik bilgisinden yararlan\u0131larak tasarlanmaktad\u0131r. Bu sayede Ar-Ge \u00e7al\u0131\u015fmalar\u0131m\u0131z ile her karakterdeki do\u011fal kaynak ve at\u0131k sular\u0131 kullan\u0131m amac\u0131n\u0131za uygun \u015fekilde ar\u0131tabilmekteyiz. Biyochem M\u00fchendislik olarak azalan su kaynaklar\u0131 sebebiyle at\u0131k sular\u0131n yeniden &#8230; <a title=\"ABOUT\" class=\"read-more\" href=\"https:\/\/www.biyochem.com.tr\/en\/hakkimizda\/\" aria-label=\"Read more about HAKKIMIZDA\">Read more<\/a><\/p>","protected":false},"author":1,"featured_media":0,"parent":0,"menu_order":0,"comment_status":"closed","ping_status":"closed","template":"","meta":{"footnotes":""},"class_list":["post-16","page","type-page","status-publish"],"yoast_head":"<!-- This site is optimized with the Yoast SEO plugin v24.2 - https:\/\/yoast.com\/wordpress\/plugins\/seo\/ -->\n<title>HAKKIMIZDA | Biyochem M&uuml;hendislik<\/title>\n<meta name=\"description\" content=\"Biyochem M&uuml;hendislik\" \/>\n<meta name=\"robots\" content=\"index, follow, max-snippet:-1, max-image-preview:large, max-video-preview:-1\" \/>\n<link rel=\"canonical\" href=\"https:\/\/www.biyochem.com.tr\/en\/hakkimizda\/\" \/>\n<meta property=\"og:locale\" content=\"en_US\" \/>\n<meta property=\"og:type\" content=\"article\" \/>\n<meta property=\"og:title\" content=\"HAKKIMIZDA | Biyochem M&uuml;hendislik\" \/>\n<meta property=\"og:description\" content=\"Biyochem M&uuml;hendislik\" \/>\n<meta property=\"og:url\" content=\"https:\/\/www.biyochem.com.tr\/en\/hakkimizda\/\" \/>\n<meta property=\"og:site_name\" content=\"Biyochem M&uuml;hendislik\" \/>\n<meta name=\"twitter:card\" content=\"summary_large_image\" \/>\n<meta name=\"twitter:label1\" content=\"Est. reading time\" \/>\n\t<meta name=\"twitter:data1\" content=\"1 minute\" \/>\n<script type=\"application\/ld+json\" class=\"yoast-schema-graph\">{\"@context\":\"https:\/\/schema.org\",\"@graph\":[{\"@type\":\"WebPage\",\"@id\":\"https:\/\/www.biyochem.com.tr\/en\/hakkimizda\/\",\"url\":\"https:\/\/www.biyochem.com.tr\/en\/hakkimizda\/\",\"name\":\"HAKKIMIZDA | Biyochem M&uuml;hendislik\",\"isPartOf\":{\"@id\":\"https:\/\/www.biyochem.com.tr\/#website\"},\"datePublished\":\"2021-05-26T19:12:26+00:00\",\"dateModified\":\"2021-05-26T19:12:26+00:00\",\"description\":\"Biyochem M&uuml;hendislik\",\"breadcrumb\":{\"@id\":\"https:\/\/www.biyochem.com.tr\/en\/hakkimizda\/#breadcrumb\"},\"inLanguage\":\"en-US\",\"potentialAction\":[{\"@type\":\"ReadAction\",\"target\":[\"https:\/\/www.biyochem.com.tr\/en\/hakkimizda\/\"]}]},{\"@type\":\"BreadcrumbList\",\"@id\":\"https:\/\/www.biyochem.com.tr\/en\/hakkimizda\/#breadcrumb\",\"itemListElement\":[{\"@type\":\"ListItem\",\"position\":1,\"name\":\"Home\",\"item\":\"https:\/\/www.biyochem.com.tr\/\"},{\"@type\":\"ListItem\",\"position\":2,\"name\":\"HAKKIMIZDA\"}]},{\"@type\":\"WebSite\",\"@id\":\"https:\/\/www.biyochem.com.tr\/#website\",\"url\":\"https:\/\/www.biyochem.com.tr\/\",\"name\":\"Biyochem M&uuml;hendislik\",\"description\":\"Su ar\u0131tma ve kimyasallar\u0131\",\"publisher\":{\"@id\":\"https:\/\/www.biyochem.com.tr\/#organization\"},\"potentialAction\":[{\"@type\":\"SearchAction\",\"target\":{\"@type\":\"EntryPoint\",\"urlTemplate\":\"https:\/\/www.biyochem.com.tr\/?s={search_term_string}\"},\"query-input\":{\"@type\":\"PropertyValueSpecification\",\"valueRequired\":true,\"valueName\":\"search_term_string\"}}],\"inLanguage\":\"en-US\"},{\"@type\":\"Organization\",\"@id\":\"https:\/\/www.biyochem.com.tr\/#organization\",\"name\":\"Biyochem M\u00fchendislik Su ar\u0131tma sistemleri ve kimyasallar\u0131\",\"url\":\"https:\/\/www.biyochem.com.tr\/\",\"logo\":{\"@type\":\"ImageObject\",\"inLanguage\":\"en-US\",\"@id\":\"https:\/\/www.biyochem.com.tr\/#\/schema\/logo\/image\/\",\"url\":\"https:\/\/www.biyochem.com.tr\/wp-content\/uploads\/2021\/05\/bc.png\",\"contentUrl\":\"https:\/\/www.biyochem.com.tr\/wp-content\/uploads\/2021\/05\/bc.png\",\"width\":433,\"height\":105,\"caption\":\"Biyochem M\u00fchendislik Su ar\u0131tma sistemleri ve kimyasallar\u0131\"},\"image\":{\"@id\":\"https:\/\/www.biyochem.com.tr\/#\/schema\/logo\/image\/\"}}]}<\/script>\n<!-- \/ Yoast SEO plugin. -->","yoast_head_json":{"title":"HAKKIMIZDA | Biyochem M&uuml;hendislik","description":"Biyochem M&uuml;hendislik","robots":{"index":"index","follow":"follow","max-snippet":"max-snippet:-1","max-image-preview":"max-image-preview:large","max-video-preview":"max-video-preview:-1"},"canonical":"https:\/\/www.biyochem.com.tr\/en\/hakkimizda\/","og_locale":"en_US","og_type":"article","og_title":"HAKKIMIZDA | Biyochem M&uuml;hendislik","og_description":"Biyochem M&uuml;hendislik","og_url":"https:\/\/www.biyochem.com.tr\/en\/hakkimizda\/","og_site_name":"Biyochem M&uuml;hendislik","twitter_card":"summary_large_image","twitter_misc":{"Est. reading time":"1 minute"},"schema":{"@context":"https:\/\/schema.org","@graph":[{"@type":"WebPage","@id":"https:\/\/www.biyochem.com.tr\/en\/hakkimizda\/","url":"https:\/\/www.biyochem.com.tr\/en\/hakkimizda\/","name":"HAKKIMIZDA | Biyochem M&uuml;hendislik","isPartOf":{"@id":"https:\/\/www.biyochem.com.tr\/#website"},"datePublished":"2021-05-26T19:12:26+00:00","dateModified":"2021-05-26T19:12:26+00:00","description":"Biyochem M&uuml;hendislik","breadcrumb":{"@id":"https:\/\/www.biyochem.com.tr\/en\/hakkimizda\/#breadcrumb"},"inLanguage":"en-US","potentialAction":[{"@type":"ReadAction","target":["https:\/\/www.biyochem.com.tr\/en\/hakkimizda\/"]}]},{"@type":"BreadcrumbList","@id":"https:\/\/www.biyochem.com.tr\/en\/hakkimizda\/#breadcrumb","itemListElement":[{"@type":"ListItem","position":1,"name":"Home","item":"https:\/\/www.biyochem.com.tr\/"},{"@type":"ListItem","position":2,"name":"HAKKIMIZDA"}]},{"@type":"WebSite","@id":"https:\/\/www.biyochem.com.tr\/#website","url":"https:\/\/www.biyochem.com.tr\/","name":"Biyochem M&uuml;hendislik","description":"Su ar\u0131tma ve kimyasallar\u0131","publisher":{"@id":"https:\/\/www.biyochem.com.tr\/#organization"},"potentialAction":[{"@type":"SearchAction","target":{"@type":"EntryPoint","urlTemplate":"https:\/\/www.biyochem.com.tr\/?s={search_term_string}"},"query-input":{"@type":"PropertyValueSpecification","valueRequired":true,"valueName":"search_term_string"}}],"inLanguage":"en-US"},{"@type":"Organization","@id":"https:\/\/www.biyochem.com.tr\/#organization","name":"Biyochem M\u00fchendislik Su ar\u0131tma sistemleri ve kimyasallar\u0131","url":"https:\/\/www.biyochem.com.tr\/","logo":{"@type":"ImageObject","inLanguage":"en-US","@id":"https:\/\/www.biyochem.com.tr\/#\/schema\/logo\/image\/","url":"https:\/\/www.biyochem.com.tr\/wp-content\/uploads\/2021\/05\/bc.png","contentUrl":"https:\/\/www.biyochem.com.tr\/wp-content\/uploads\/2021\/05\/bc.png","width":433,"height":105,"caption":"Biyochem M\u00fchendislik Su ar\u0131tma sistemleri ve kimyasallar\u0131"},"image":{"@id":"https:\/\/www.biyochem.com.tr\/#\/schema\/logo\/image\/"}}]}},"_links":{"self":[{"href":"https:\/\/www.biyochem.com.tr\/en\/wp-json\/wp\/v2\/pages\/16","targetHints":{"allow":["GET"]}}],"collection":[{"href":"https:\/\/www.biyochem.com.tr\/en\/wp-json\/wp\/v2\/pages"}],"about":[{"href":"https:\/\/www.biyochem.com.tr\/en\/wp-json\/wp\/v2\/types\/page"}],"author":[{"embeddable":true,"href":"https:\/\/www.biyochem.com.tr\/en\/wp-json\/wp\/v2\/users\/1"}],"replies":[{"embeddable":true,"href":"https:\/\/www.biyochem.com.tr\/en\/wp-json\/wp\/v2\/comments?post=16"}],"version-history":[{"count":1,"href":"https:\/\/www.biyochem.com.tr\/en\/wp-json\/wp\/v2\/pages\/16\/revisions"}],"predecessor-version":[{"id":17,"href":"https:\/\/www.biyochem.com.tr\/en\/wp-json\/wp\/v2\/pages\/16\/revisions\/17"}],"wp:attachment":[{"href":"https:\/\/www.biyochem.com.tr\/en\/wp-json\/wp\/v2\/media?parent=16"}],"curies":[{"name":"wp","href":"https:\/\/api.w.org\/{rel}","templated":true}]}}