{"id":208,"date":"2021-05-31T06:08:24","date_gmt":"2021-05-31T06:08:24","guid":{"rendered":"https:\/\/www.biyochem.com.tr\/?page_id=208"},"modified":"2021-05-31T06:20:55","modified_gmt":"2021-05-31T06:20:55","slug":"torba-filtre-sistemleri","status":"publish","type":"page","link":"https:\/\/www.biyochem.com.tr\/en\/torba-filtre-sistemleri\/","title":{"rendered":"Bag Filter Systems"},"content":{"rendered":"<div class=\"vce-row-container\" data-vce-boxed-width=\"true\"><div class=\"vce-row vce-row--col-gap-30 vce-row-equal-height vce-row-content--top\" id=\"el-4cd088ea\" data-vce-do-apply=\"all el-4cd088ea\"><div class=\"vce-content-background-container\"><\/div><div class=\"vce-row-content\" data-vce-element-content=\"true\"><div class=\"vce-col vce-col--md-28-33p vce-col--xs-1 vce-col--xs-last vce-col--xs-first vce-col--sm-last vce-col--sm-first vce-col--md-first vce-col--lg-first vce-col--xl-first\" id=\"el-6a893075\"><div class=\"vce-col-inner\" data-vce-do-apply=\"border margin background  el-6a893075\"><div class=\"vce-col-content\" data-vce-element-content=\"true\" data-vce-do-apply=\"padding el-6a893075\"><div class=\"vce-single-image-container vce-single-image--align-left\"><div class=\"vce vce-single-image-wrapper\" id=\"el-a6ab7731\" data-vce-do-apply=\"all el-a6ab7731\"><figure><div class=\"vce-single-image-inner vce-single-image--absolute\" style=\"padding-bottom: 192.5%; width: 200px;\"><img loading=\"lazy\" decoding=\"async\" class=\"vce-single-image vcv-lozad\" data-src=\"https:\/\/www.biyochem.com.tr\/wp-content\/uploads\/2021\/05\/torba-filtre-e1622442022950.png\" width=\"200\" height=\"385\" src=\"\" data-img-src=\"https:\/\/www.biyochem.com.tr\/wp-content\/uploads\/2021\/05\/torba-filtre-e1622442022950.png\" alt=\"\" title=\"torba filtre\" \/><noscript>\n        <img loading=\"lazy\" decoding=\"async\" class=\"vce-single-image\" src=\"https:\/\/www.biyochem.com.tr\/wp-content\/uploads\/2021\/05\/torba-filtre-e1622442022950.png\" width=\"200\" height=\"385\" alt=\"\" title=\"torba filtre\" \/>\n      <\/noscript><\/div><figcaption hidden=\"\"><\/figcaption><\/figure><\/div><\/div><\/div><\/div><\/div><div class=\"vce-col vce-col--md-71-67p vce-col--xs-1 vce-col--xs-last vce-col--xs-first vce-col--sm-last vce-col--sm-first vce-col--md-last vce-col--lg-last vce-col--xl-last\" id=\"el-58768aca\"><div class=\"vce-col-inner\" data-vce-do-apply=\"border margin background  el-58768aca\"><div class=\"vce-col-content\" data-vce-element-content=\"true\" data-vce-do-apply=\"padding el-58768aca\"><div class=\"vce-text-block\"><div class=\"vce-text-block-wrapper vce\" id=\"el-2303202c\" data-vce-do-apply=\"all el-2303202c\">\n<p>Bag Filters consist of filter housing and bag filter. Filter housings are either stainless steel or PVC. Particles, sediments, sand, rust and etc coarse matters are removed from water by an inside-out flow principle. Bag filters are washable; however after a time period depending upon raw water type and flow, bag filters should be replaced.<\/p>\n<\/div><\/div><\/div><\/div><\/div><\/div><\/div><\/div>","protected":false},"excerpt":{"rendered":"<p>Torba Filtreler, filtre muhafazas\u0131 ve filtreden olu\u015fur. Filtre g\u00f6vdeleri paslanmaz \u00e7elik veya PVC&#8217;dir. Partik\u00fcller, tortular, kum, pas vb. Kaba maddeler i\u00e7ten d\u0131\u015fa ak\u0131\u015f prensibiyle sudan uzakla\u015ft\u0131r\u0131l\u0131r. Torbal\u0131 filtreler y\u0131kanabilir; ancak ham su tipine ve ak\u0131\u015f\u0131na ba\u011fl\u0131 olarak bir s\u00fcre sonra torba filtreler de\u011fi\u015ftirilmelidir.<\/p>","protected":false},"author":1,"featured_media":0,"parent":0,"menu_order":0,"comment_status":"closed","ping_status":"closed","template":"","meta":{"footnotes":""},"class_list":["post-208","page","type-page","status-publish"],"yoast_head":"<!-- This site is optimized with the Yoast SEO plugin v24.2 - https:\/\/yoast.com\/wordpress\/plugins\/seo\/ -->\n<title>Torba Filtre Sistemleri | Biyochem M&uuml;hendislik<\/title>\n<meta name=\"description\" content=\"Torba Filtre, filtre muhafazas\u0131 ve filtreden olu\u015fur. Filtre g\u00f6vdeleri paslanmaz \u00e7elik veya PVC&#039;dir. Partik\u00fcller, tortular, kum, pas vb. Kaba maddeler i\u00e7ten d\u0131\u015fa ak\u0131\u015f prensibiyle sudan uzakla\u015ft\u0131r\u0131l\u0131r. Torbal\u0131 filtreler y\u0131kanabilir; ancak ham su tipine ve ak\u0131\u015f\u0131na ba\u011fl\u0131 olarak bir s\u00fcre sonra torba filtreler de\u011fi\u015ftirilmelidir.\" \/>\n<meta name=\"robots\" content=\"index, follow, max-snippet:-1, max-image-preview:large, max-video-preview:-1\" \/>\n<link rel=\"canonical\" href=\"https:\/\/www.biyochem.com.tr\/en\/torba-filtre-sistemleri\/\" \/>\n<meta property=\"og:locale\" content=\"en_US\" \/>\n<meta property=\"og:type\" content=\"article\" \/>\n<meta property=\"og:title\" content=\"Torba Filtre Sistemleri | Biyochem M&uuml;hendislik\" \/>\n<meta property=\"og:description\" content=\"Torba Filtre, filtre muhafazas\u0131 ve filtreden olu\u015fur. Filtre g\u00f6vdeleri paslanmaz \u00e7elik veya PVC&#039;dir. Partik\u00fcller, tortular, kum, pas vb. Kaba maddeler i\u00e7ten d\u0131\u015fa ak\u0131\u015f prensibiyle sudan uzakla\u015ft\u0131r\u0131l\u0131r. Torbal\u0131 filtreler y\u0131kanabilir; ancak ham su tipine ve ak\u0131\u015f\u0131na ba\u011fl\u0131 olarak bir s\u00fcre sonra torba filtreler de\u011fi\u015ftirilmelidir.\" \/>\n<meta property=\"og:url\" content=\"https:\/\/www.biyochem.com.tr\/en\/torba-filtre-sistemleri\/\" \/>\n<meta property=\"og:site_name\" content=\"Biyochem M&uuml;hendislik\" \/>\n<meta property=\"article:modified_time\" content=\"2021-05-31T06:20:55+00:00\" \/>\n<meta name=\"twitter:card\" content=\"summary_large_image\" \/>\n<meta name=\"twitter:label1\" content=\"Est. reading time\" \/>\n\t<meta name=\"twitter:data1\" content=\"1 minute\" \/>\n<script type=\"application\/ld+json\" class=\"yoast-schema-graph\">{\"@context\":\"https:\/\/schema.org\",\"@graph\":[{\"@type\":\"WebPage\",\"@id\":\"https:\/\/www.biyochem.com.tr\/torba-filtre-sistemleri\/\",\"url\":\"https:\/\/www.biyochem.com.tr\/torba-filtre-sistemleri\/\",\"name\":\"Torba Filtre Sistemleri | Biyochem M&uuml;hendislik\",\"isPartOf\":{\"@id\":\"https:\/\/www.biyochem.com.tr\/#website\"},\"datePublished\":\"2021-05-31T06:08:24+00:00\",\"dateModified\":\"2021-05-31T06:20:55+00:00\",\"description\":\"Torba Filtre, filtre muhafazas\u0131 ve filtreden olu\u015fur. Filtre g\u00f6vdeleri paslanmaz \u00e7elik veya PVC'dir. Partik\u00fcller, tortular, kum, pas vb. Kaba maddeler i\u00e7ten d\u0131\u015fa ak\u0131\u015f prensibiyle sudan uzakla\u015ft\u0131r\u0131l\u0131r. Torbal\u0131 filtreler y\u0131kanabilir; ancak ham su tipine ve ak\u0131\u015f\u0131na ba\u011fl\u0131 olarak bir s\u00fcre sonra torba filtreler de\u011fi\u015ftirilmelidir.\",\"breadcrumb\":{\"@id\":\"https:\/\/www.biyochem.com.tr\/torba-filtre-sistemleri\/#breadcrumb\"},\"inLanguage\":\"en-US\",\"potentialAction\":[{\"@type\":\"ReadAction\",\"target\":[\"https:\/\/www.biyochem.com.tr\/torba-filtre-sistemleri\/\"]}]},{\"@type\":\"BreadcrumbList\",\"@id\":\"https:\/\/www.biyochem.com.tr\/torba-filtre-sistemleri\/#breadcrumb\",\"itemListElement\":[{\"@type\":\"ListItem\",\"position\":1,\"name\":\"Home\",\"item\":\"https:\/\/www.biyochem.com.tr\/\"},{\"@type\":\"ListItem\",\"position\":2,\"name\":\"Torba Filtre Sistemleri\"}]},{\"@type\":\"WebSite\",\"@id\":\"https:\/\/www.biyochem.com.tr\/#website\",\"url\":\"https:\/\/www.biyochem.com.tr\/\",\"name\":\"Biyochem M&uuml;hendislik\",\"description\":\"Su ar\u0131tma ve kimyasallar\u0131\",\"publisher\":{\"@id\":\"https:\/\/www.biyochem.com.tr\/#organization\"},\"potentialAction\":[{\"@type\":\"SearchAction\",\"target\":{\"@type\":\"EntryPoint\",\"urlTemplate\":\"https:\/\/www.biyochem.com.tr\/?s={search_term_string}\"},\"query-input\":{\"@type\":\"PropertyValueSpecification\",\"valueRequired\":true,\"valueName\":\"search_term_string\"}}],\"inLanguage\":\"en-US\"},{\"@type\":\"Organization\",\"@id\":\"https:\/\/www.biyochem.com.tr\/#organization\",\"name\":\"Biyochem M\u00fchendislik Su ar\u0131tma sistemleri ve kimyasallar\u0131\",\"url\":\"https:\/\/www.biyochem.com.tr\/\",\"logo\":{\"@type\":\"ImageObject\",\"inLanguage\":\"en-US\",\"@id\":\"https:\/\/www.biyochem.com.tr\/#\/schema\/logo\/image\/\",\"url\":\"https:\/\/www.biyochem.com.tr\/wp-content\/uploads\/2021\/05\/bc.png\",\"contentUrl\":\"https:\/\/www.biyochem.com.tr\/wp-content\/uploads\/2021\/05\/bc.png\",\"width\":433,\"height\":105,\"caption\":\"Biyochem M\u00fchendislik Su ar\u0131tma sistemleri ve kimyasallar\u0131\"},\"image\":{\"@id\":\"https:\/\/www.biyochem.com.tr\/#\/schema\/logo\/image\/\"}}]}<\/script>\n<!-- \/ Yoast SEO plugin. -->","yoast_head_json":{"title":"Torba Filtre Sistemleri | Biyochem M&uuml;hendislik","description":"Torba Filtre, filtre muhafazas\u0131 ve filtreden olu\u015fur. Filtre g\u00f6vdeleri paslanmaz \u00e7elik veya PVC'dir. Partik\u00fcller, tortular, kum, pas vb. Kaba maddeler i\u00e7ten d\u0131\u015fa ak\u0131\u015f prensibiyle sudan uzakla\u015ft\u0131r\u0131l\u0131r. Torbal\u0131 filtreler y\u0131kanabilir; ancak ham su tipine ve ak\u0131\u015f\u0131na ba\u011fl\u0131 olarak bir s\u00fcre sonra torba filtreler de\u011fi\u015ftirilmelidir.","robots":{"index":"index","follow":"follow","max-snippet":"max-snippet:-1","max-image-preview":"max-image-preview:large","max-video-preview":"max-video-preview:-1"},"canonical":"https:\/\/www.biyochem.com.tr\/en\/torba-filtre-sistemleri\/","og_locale":"en_US","og_type":"article","og_title":"Torba Filtre Sistemleri | Biyochem M&uuml;hendislik","og_description":"Torba Filtre, filtre muhafazas\u0131 ve filtreden olu\u015fur. Filtre g\u00f6vdeleri paslanmaz \u00e7elik veya PVC'dir. Partik\u00fcller, tortular, kum, pas vb. Kaba maddeler i\u00e7ten d\u0131\u015fa ak\u0131\u015f prensibiyle sudan uzakla\u015ft\u0131r\u0131l\u0131r. Torbal\u0131 filtreler y\u0131kanabilir; ancak ham su tipine ve ak\u0131\u015f\u0131na ba\u011fl\u0131 olarak bir s\u00fcre sonra torba filtreler de\u011fi\u015ftirilmelidir.","og_url":"https:\/\/www.biyochem.com.tr\/en\/torba-filtre-sistemleri\/","og_site_name":"Biyochem M&uuml;hendislik","article_modified_time":"2021-05-31T06:20:55+00:00","twitter_card":"summary_large_image","twitter_misc":{"Est. reading time":"1 minute"},"schema":{"@context":"https:\/\/schema.org","@graph":[{"@type":"WebPage","@id":"https:\/\/www.biyochem.com.tr\/torba-filtre-sistemleri\/","url":"https:\/\/www.biyochem.com.tr\/torba-filtre-sistemleri\/","name":"Torba Filtre Sistemleri | Biyochem M&uuml;hendislik","isPartOf":{"@id":"https:\/\/www.biyochem.com.tr\/#website"},"datePublished":"2021-05-31T06:08:24+00:00","dateModified":"2021-05-31T06:20:55+00:00","description":"Torba Filtre, filtre muhafazas\u0131 ve filtreden olu\u015fur. Filtre g\u00f6vdeleri paslanmaz \u00e7elik veya PVC'dir. Partik\u00fcller, tortular, kum, pas vb. Kaba maddeler i\u00e7ten d\u0131\u015fa ak\u0131\u015f prensibiyle sudan uzakla\u015ft\u0131r\u0131l\u0131r. Torbal\u0131 filtreler y\u0131kanabilir; ancak ham su tipine ve ak\u0131\u015f\u0131na ba\u011fl\u0131 olarak bir s\u00fcre sonra torba filtreler de\u011fi\u015ftirilmelidir.","breadcrumb":{"@id":"https:\/\/www.biyochem.com.tr\/torba-filtre-sistemleri\/#breadcrumb"},"inLanguage":"en-US","potentialAction":[{"@type":"ReadAction","target":["https:\/\/www.biyochem.com.tr\/torba-filtre-sistemleri\/"]}]},{"@type":"BreadcrumbList","@id":"https:\/\/www.biyochem.com.tr\/torba-filtre-sistemleri\/#breadcrumb","itemListElement":[{"@type":"ListItem","position":1,"name":"Home","item":"https:\/\/www.biyochem.com.tr\/"},{"@type":"ListItem","position":2,"name":"Torba Filtre Sistemleri"}]},{"@type":"WebSite","@id":"https:\/\/www.biyochem.com.tr\/#website","url":"https:\/\/www.biyochem.com.tr\/","name":"Biyochem M&uuml;hendislik","description":"Su ar\u0131tma ve kimyasallar\u0131","publisher":{"@id":"https:\/\/www.biyochem.com.tr\/#organization"},"potentialAction":[{"@type":"SearchAction","target":{"@type":"EntryPoint","urlTemplate":"https:\/\/www.biyochem.com.tr\/?s={search_term_string}"},"query-input":{"@type":"PropertyValueSpecification","valueRequired":true,"valueName":"search_term_string"}}],"inLanguage":"en-US"},{"@type":"Organization","@id":"https:\/\/www.biyochem.com.tr\/#organization","name":"Biyochem M\u00fchendislik Su ar\u0131tma sistemleri ve kimyasallar\u0131","url":"https:\/\/www.biyochem.com.tr\/","logo":{"@type":"ImageObject","inLanguage":"en-US","@id":"https:\/\/www.biyochem.com.tr\/#\/schema\/logo\/image\/","url":"https:\/\/www.biyochem.com.tr\/wp-content\/uploads\/2021\/05\/bc.png","contentUrl":"https:\/\/www.biyochem.com.tr\/wp-content\/uploads\/2021\/05\/bc.png","width":433,"height":105,"caption":"Biyochem M\u00fchendislik Su ar\u0131tma sistemleri ve kimyasallar\u0131"},"image":{"@id":"https:\/\/www.biyochem.com.tr\/#\/schema\/logo\/image\/"}}]}},"_links":{"self":[{"href":"https:\/\/www.biyochem.com.tr\/en\/wp-json\/wp\/v2\/pages\/208","targetHints":{"allow":["GET"]}}],"collection":[{"href":"https:\/\/www.biyochem.com.tr\/en\/wp-json\/wp\/v2\/pages"}],"about":[{"href":"https:\/\/www.biyochem.com.tr\/en\/wp-json\/wp\/v2\/types\/page"}],"author":[{"embeddable":true,"href":"https:\/\/www.biyochem.com.tr\/en\/wp-json\/wp\/v2\/users\/1"}],"replies":[{"embeddable":true,"href":"https:\/\/www.biyochem.com.tr\/en\/wp-json\/wp\/v2\/comments?post=208"}],"version-history":[{"count":2,"href":"https:\/\/www.biyochem.com.tr\/en\/wp-json\/wp\/v2\/pages\/208\/revisions"}],"predecessor-version":[{"id":211,"href":"https:\/\/www.biyochem.com.tr\/en\/wp-json\/wp\/v2\/pages\/208\/revisions\/211"}],"wp:attachment":[{"href":"https:\/\/www.biyochem.com.tr\/en\/wp-json\/wp\/v2\/media?parent=208"}],"curies":[{"name":"wp","href":"https:\/\/api.w.org\/{rel}","templated":true}]}}