{"id":213,"date":"2021-05-31T07:50:43","date_gmt":"2021-05-31T07:50:43","guid":{"rendered":"https:\/\/www.biyochem.com.tr\/?page_id=213"},"modified":"2021-07-07T16:00:01","modified_gmt":"2021-07-07T16:00:01","slug":"multimedya-filtrasyon-sistemleri","status":"publish","type":"page","link":"https:\/\/www.biyochem.com.tr\/en\/multimedya-filtrasyon-sistemleri\/","title":{"rendered":"Multimedya Filtrasyon Sistemleri"},"content":{"rendered":"<div class=\"vce-row-container\" data-vce-boxed-width=\"true\"><div class=\"vce-row vce-row--col-gap-30 vce-row-equal-height vce-row-content--top\" id=\"el-b29db99c\" data-vce-do-apply=\"all el-b29db99c\"><div class=\"vce-content-background-container\"><\/div><div class=\"vce-row-content\" data-vce-element-content=\"true\"><div class=\"vce-col vce-col--md-auto vce-col--xs-1 vce-col--xs-last vce-col--xs-first vce-col--sm-last vce-col--sm-first vce-col--md-first vce-col--lg-first vce-col--xl-first\" id=\"el-2745cf42\"><div class=\"vce-col-inner\" data-vce-do-apply=\"border margin background  el-2745cf42\"><div class=\"vce-col-content\" data-vce-element-content=\"true\" data-vce-do-apply=\"padding el-2745cf42\"><div class=\"vce-single-image-container vce-single-image--align-center\"><div class=\"vce vce-single-image-wrapper\" id=\"el-ebea21ba\" data-vce-do-apply=\"all el-ebea21ba\"><figure><div class=\"vce-single-image-inner vce-single-image--absolute\" style=\"padding-bottom: 66.6667%; width: 300px;\"><img loading=\"lazy\" decoding=\"async\" class=\"vce-single-image vcv-lozad\" data-src=\"https:\/\/www.biyochem.com.tr\/wp-content\/uploads\/2021\/05\/bb-e1622490453168.jpg\" width=\"300\" height=\"200\" src=\"\" data-img-src=\"https:\/\/www.biyochem.com.tr\/wp-content\/uploads\/2021\/05\/bb-e1622490453168.jpg\" alt=\"\" title=\"bb\" \/><noscript>\r\n        <img loading=\"lazy\" decoding=\"async\" class=\"vce-single-image\" src=\"https:\/\/www.biyochem.com.tr\/wp-content\/uploads\/2021\/05\/bb-e1622490453168.jpg\" width=\"300\" height=\"200\" alt=\"\" title=\"bb\" \/>\r\n      <\/noscript><\/div><figcaption hidden=\"\"><\/figcaption><\/figure><\/div><\/div><\/div><\/div><\/div><div class=\"vce-col vce-col--md-auto vce-col--xs-1 vce-col--xs-last vce-col--xs-first vce-col--sm-last vce-col--sm-first vce-col--md-last vce-col--lg-last vce-col--xl-last\" id=\"el-5f3277e0\"><div class=\"vce-col-inner\" data-vce-do-apply=\"border margin background  el-5f3277e0\"><div class=\"vce-col-content\" data-vce-element-content=\"true\" data-vce-do-apply=\"padding el-5f3277e0\"><div class=\"vce-text-block\"><div class=\"vce-text-block-wrapper vce\" id=\"el-b0d337ae\" data-vce-do-apply=\"all el-b0d337ae\">\r\n<p>Sand filtration is used to filter the particles, blur and sediments in your water and to bring your water a clear appearance and to protect the treatment systems that will be installed after it.<\/p>\r\n<p>Applications for sand filtration:<\/p>\r\n<ul>\r\n<li>Preperation of cooling water<\/li>\r\n<li>Treatment of waste water<\/li>\r\n<li>Production of drinking water<\/li>\r\n<li>Filtration in swimming pools<\/li>\r\n<li>Pre filtration for membrane systems<\/li>\r\n<li>Filtration of grey or surface water<\/li>\r\n<li>Removal of iron<\/li>\r\n<\/ul>\r\n<\/div><\/div><\/div><\/div><\/div><\/div><\/div><\/div>","protected":false},"excerpt":{"rendered":"<p>Kum filtre sistemi, suyunuzdaki partik\u00fcl, bulan\u0131kl\u0131k ve tortular\u0131 filtrelemek, suyunuza berrak bir g\u00f6r\u00fcn\u00fcm kazand\u0131rmak ve sonras\u0131nda kurulacak ar\u0131tma sistemlerini korumak i\u00e7in kullan\u0131l\u0131r. Kum filtrasyonu i\u00e7in uygulamalar: So\u011futma suyunun haz\u0131rlanmas\u0131 At\u0131k su ar\u0131t\u0131m\u0131 \u0130\u00e7me suyu \u00fcretimi Y\u00fczme havuzlar\u0131nda filtrasyon Membran sistemleri i\u00e7in \u00f6n filtreleme Gri veya y\u00fczey suyunun filtrasyonu Sudaki Demirin ar\u0131t\u0131lmas\u0131<\/p>","protected":false},"author":1,"featured_media":0,"parent":0,"menu_order":0,"comment_status":"closed","ping_status":"closed","template":"","meta":{"footnotes":""},"class_list":["post-213","page","type-page","status-publish"],"yoast_head":"<!-- This site is optimized with the Yoast SEO plugin v24.2 - https:\/\/yoast.com\/wordpress\/plugins\/seo\/ -->\n<title>Multimedya Filtrasyon Sistemleri | Biyochem M&uuml;hendislik<\/title>\n<meta name=\"description\" content=\"multimedya filtre sistemleri, kum filtre sistemleri biyochem m\u00fchendislik taraf\u0131ndan ihtiyac\u0131n\u0131za uygun olarak g\u00fcvenle kurulur.\" \/>\n<meta name=\"robots\" content=\"index, follow, max-snippet:-1, max-image-preview:large, max-video-preview:-1\" \/>\n<link rel=\"canonical\" href=\"https:\/\/www.biyochem.com.tr\/en\/multimedya-filtrasyon-sistemleri\/\" \/>\n<meta property=\"og:locale\" content=\"en_US\" \/>\n<meta property=\"og:type\" content=\"article\" \/>\n<meta property=\"og:title\" content=\"Multimedya Filtrasyon Sistemleri | Biyochem M&uuml;hendislik\" \/>\n<meta property=\"og:description\" content=\"multimedya filtre sistemleri, kum filtre sistemleri biyochem m\u00fchendislik taraf\u0131ndan ihtiyac\u0131n\u0131za uygun olarak g\u00fcvenle kurulur.\" \/>\n<meta property=\"og:url\" content=\"https:\/\/www.biyochem.com.tr\/en\/multimedya-filtrasyon-sistemleri\/\" \/>\n<meta property=\"og:site_name\" content=\"Biyochem M&uuml;hendislik\" \/>\n<meta property=\"article:modified_time\" content=\"2021-07-07T16:00:01+00:00\" \/>\n<meta name=\"twitter:card\" content=\"summary_large_image\" \/>\n<meta name=\"twitter:label1\" content=\"Est. reading time\" \/>\n\t<meta name=\"twitter:data1\" content=\"1 minute\" \/>\n<script type=\"application\/ld+json\" class=\"yoast-schema-graph\">{\"@context\":\"https:\/\/schema.org\",\"@graph\":[{\"@type\":\"WebPage\",\"@id\":\"https:\/\/www.biyochem.com.tr\/en\/multimedya-filtrasyon-sistemleri\/\",\"url\":\"https:\/\/www.biyochem.com.tr\/en\/multimedya-filtrasyon-sistemleri\/\",\"name\":\"Multimedya Filtrasyon Sistemleri | Biyochem M&uuml;hendislik\",\"isPartOf\":{\"@id\":\"https:\/\/www.biyochem.com.tr\/#website\"},\"datePublished\":\"2021-05-31T07:50:43+00:00\",\"dateModified\":\"2021-07-07T16:00:01+00:00\",\"description\":\"multimedya filtre sistemleri, kum filtre sistemleri biyochem m\u00fchendislik taraf\u0131ndan ihtiyac\u0131n\u0131za uygun olarak g\u00fcvenle kurulur.\",\"breadcrumb\":{\"@id\":\"https:\/\/www.biyochem.com.tr\/en\/multimedya-filtrasyon-sistemleri\/#breadcrumb\"},\"inLanguage\":\"en-US\",\"potentialAction\":[{\"@type\":\"ReadAction\",\"target\":[\"https:\/\/www.biyochem.com.tr\/en\/multimedya-filtrasyon-sistemleri\/\"]}]},{\"@type\":\"BreadcrumbList\",\"@id\":\"https:\/\/www.biyochem.com.tr\/en\/multimedya-filtrasyon-sistemleri\/#breadcrumb\",\"itemListElement\":[{\"@type\":\"ListItem\",\"position\":1,\"name\":\"Home\",\"item\":\"https:\/\/www.biyochem.com.tr\/\"},{\"@type\":\"ListItem\",\"position\":2,\"name\":\"Multimedya Filtrasyon Sistemleri\"}]},{\"@type\":\"WebSite\",\"@id\":\"https:\/\/www.biyochem.com.tr\/#website\",\"url\":\"https:\/\/www.biyochem.com.tr\/\",\"name\":\"Biyochem M&uuml;hendislik\",\"description\":\"Su ar\u0131tma ve kimyasallar\u0131\",\"publisher\":{\"@id\":\"https:\/\/www.biyochem.com.tr\/#organization\"},\"potentialAction\":[{\"@type\":\"SearchAction\",\"target\":{\"@type\":\"EntryPoint\",\"urlTemplate\":\"https:\/\/www.biyochem.com.tr\/?s={search_term_string}\"},\"query-input\":{\"@type\":\"PropertyValueSpecification\",\"valueRequired\":true,\"valueName\":\"search_term_string\"}}],\"inLanguage\":\"en-US\"},{\"@type\":\"Organization\",\"@id\":\"https:\/\/www.biyochem.com.tr\/#organization\",\"name\":\"Biyochem M\u00fchendislik Su ar\u0131tma sistemleri ve kimyasallar\u0131\",\"url\":\"https:\/\/www.biyochem.com.tr\/\",\"logo\":{\"@type\":\"ImageObject\",\"inLanguage\":\"en-US\",\"@id\":\"https:\/\/www.biyochem.com.tr\/#\/schema\/logo\/image\/\",\"url\":\"https:\/\/www.biyochem.com.tr\/wp-content\/uploads\/2021\/05\/bc.png\",\"contentUrl\":\"https:\/\/www.biyochem.com.tr\/wp-content\/uploads\/2021\/05\/bc.png\",\"width\":433,\"height\":105,\"caption\":\"Biyochem M\u00fchendislik Su ar\u0131tma sistemleri ve kimyasallar\u0131\"},\"image\":{\"@id\":\"https:\/\/www.biyochem.com.tr\/#\/schema\/logo\/image\/\"}}]}<\/script>\n<!-- \/ Yoast SEO plugin. -->","yoast_head_json":{"title":"Multimedya Filtrasyon Sistemleri | Biyochem M&uuml;hendislik","description":"multimedya filtre sistemleri, kum filtre sistemleri biyochem m\u00fchendislik taraf\u0131ndan ihtiyac\u0131n\u0131za uygun olarak g\u00fcvenle kurulur.","robots":{"index":"index","follow":"follow","max-snippet":"max-snippet:-1","max-image-preview":"max-image-preview:large","max-video-preview":"max-video-preview:-1"},"canonical":"https:\/\/www.biyochem.com.tr\/en\/multimedya-filtrasyon-sistemleri\/","og_locale":"en_US","og_type":"article","og_title":"Multimedya Filtrasyon Sistemleri | Biyochem M&uuml;hendislik","og_description":"multimedya filtre sistemleri, kum filtre sistemleri biyochem m\u00fchendislik taraf\u0131ndan ihtiyac\u0131n\u0131za uygun olarak g\u00fcvenle kurulur.","og_url":"https:\/\/www.biyochem.com.tr\/en\/multimedya-filtrasyon-sistemleri\/","og_site_name":"Biyochem M&uuml;hendislik","article_modified_time":"2021-07-07T16:00:01+00:00","twitter_card":"summary_large_image","twitter_misc":{"Est. reading time":"1 minute"},"schema":{"@context":"https:\/\/schema.org","@graph":[{"@type":"WebPage","@id":"https:\/\/www.biyochem.com.tr\/en\/multimedya-filtrasyon-sistemleri\/","url":"https:\/\/www.biyochem.com.tr\/en\/multimedya-filtrasyon-sistemleri\/","name":"Multimedya Filtrasyon Sistemleri | Biyochem M&uuml;hendislik","isPartOf":{"@id":"https:\/\/www.biyochem.com.tr\/#website"},"datePublished":"2021-05-31T07:50:43+00:00","dateModified":"2021-07-07T16:00:01+00:00","description":"multimedya filtre sistemleri, kum filtre sistemleri biyochem m\u00fchendislik taraf\u0131ndan ihtiyac\u0131n\u0131za uygun olarak g\u00fcvenle kurulur.","breadcrumb":{"@id":"https:\/\/www.biyochem.com.tr\/en\/multimedya-filtrasyon-sistemleri\/#breadcrumb"},"inLanguage":"en-US","potentialAction":[{"@type":"ReadAction","target":["https:\/\/www.biyochem.com.tr\/en\/multimedya-filtrasyon-sistemleri\/"]}]},{"@type":"BreadcrumbList","@id":"https:\/\/www.biyochem.com.tr\/en\/multimedya-filtrasyon-sistemleri\/#breadcrumb","itemListElement":[{"@type":"ListItem","position":1,"name":"Home","item":"https:\/\/www.biyochem.com.tr\/"},{"@type":"ListItem","position":2,"name":"Multimedya Filtrasyon Sistemleri"}]},{"@type":"WebSite","@id":"https:\/\/www.biyochem.com.tr\/#website","url":"https:\/\/www.biyochem.com.tr\/","name":"Biyochem M&uuml;hendislik","description":"Su ar\u0131tma ve kimyasallar\u0131","publisher":{"@id":"https:\/\/www.biyochem.com.tr\/#organization"},"potentialAction":[{"@type":"SearchAction","target":{"@type":"EntryPoint","urlTemplate":"https:\/\/www.biyochem.com.tr\/?s={search_term_string}"},"query-input":{"@type":"PropertyValueSpecification","valueRequired":true,"valueName":"search_term_string"}}],"inLanguage":"en-US"},{"@type":"Organization","@id":"https:\/\/www.biyochem.com.tr\/#organization","name":"Biyochem M\u00fchendislik Su ar\u0131tma sistemleri ve kimyasallar\u0131","url":"https:\/\/www.biyochem.com.tr\/","logo":{"@type":"ImageObject","inLanguage":"en-US","@id":"https:\/\/www.biyochem.com.tr\/#\/schema\/logo\/image\/","url":"https:\/\/www.biyochem.com.tr\/wp-content\/uploads\/2021\/05\/bc.png","contentUrl":"https:\/\/www.biyochem.com.tr\/wp-content\/uploads\/2021\/05\/bc.png","width":433,"height":105,"caption":"Biyochem M\u00fchendislik Su ar\u0131tma sistemleri ve kimyasallar\u0131"},"image":{"@id":"https:\/\/www.biyochem.com.tr\/#\/schema\/logo\/image\/"}}]}},"_links":{"self":[{"href":"https:\/\/www.biyochem.com.tr\/en\/wp-json\/wp\/v2\/pages\/213","targetHints":{"allow":["GET"]}}],"collection":[{"href":"https:\/\/www.biyochem.com.tr\/en\/wp-json\/wp\/v2\/pages"}],"about":[{"href":"https:\/\/www.biyochem.com.tr\/en\/wp-json\/wp\/v2\/types\/page"}],"author":[{"embeddable":true,"href":"https:\/\/www.biyochem.com.tr\/en\/wp-json\/wp\/v2\/users\/1"}],"replies":[{"embeddable":true,"href":"https:\/\/www.biyochem.com.tr\/en\/wp-json\/wp\/v2\/comments?post=213"}],"version-history":[{"count":7,"href":"https:\/\/www.biyochem.com.tr\/en\/wp-json\/wp\/v2\/pages\/213\/revisions"}],"predecessor-version":[{"id":240,"href":"https:\/\/www.biyochem.com.tr\/en\/wp-json\/wp\/v2\/pages\/213\/revisions\/240"}],"wp:attachment":[{"href":"https:\/\/www.biyochem.com.tr\/en\/wp-json\/wp\/v2\/media?parent=213"}],"curies":[{"name":"wp","href":"https:\/\/api.w.org\/{rel}","templated":true}]}}