{"id":221,"date":"2021-05-31T19:47:55","date_gmt":"2021-05-31T19:47:55","guid":{"rendered":"https:\/\/www.biyochem.com.tr\/?page_id=221"},"modified":"2021-07-06T16:25:38","modified_gmt":"2021-07-06T16:25:38","slug":"aktif-karbon-filtre-sistemi","status":"publish","type":"page","link":"https:\/\/www.biyochem.com.tr\/en\/aktif-karbon-filtre-sistemi\/","title":{"rendered":"Activated Carbon Filter Systems"},"content":{"rendered":"<div class=\"vce-row-container\" data-vce-boxed-width=\"true\"><div class=\"vce-row vce-row--col-gap-30 vce-row-equal-height vce-row-content--top\" id=\"el-7ba0ce32\" data-vce-do-apply=\"all el-7ba0ce32\"><div class=\"vce-content-background-container\"><\/div><div class=\"vce-row-content\" data-vce-element-content=\"true\"><div class=\"vce-col vce-col--md-auto vce-col--xs-1 vce-col--xs-last vce-col--xs-first vce-col--sm-last vce-col--sm-first vce-col--md-first vce-col--lg-first vce-col--xl-first\" id=\"el-b627d594\"><div class=\"vce-col-inner\" data-vce-do-apply=\"border margin background  el-b627d594\"><div class=\"vce-col-content\" data-vce-element-content=\"true\" data-vce-do-apply=\"padding el-b627d594\"><div class=\"vce-text-block\"><div class=\"vce-text-block-wrapper vce\" id=\"el-1579ad32\" data-vce-do-apply=\"all el-1579ad32\">\r\n<p>The \"Active Carbon Mineral\" in the device holds organic molecules in water that cause odour, taste and color disorders. Chlorine, which is free in water and causes unwanted odours, is also removed by this layer. Equipped with fully automatic control systems, this device automatically performs backwash and regeneration processes at certain periods, without the need for human intervention, by adhering to the program to be given at the beginning.<\/p>\r\n<\/div><\/div><\/div><\/div><\/div><div class=\"vce-col vce-col--md-auto vce-col--xs-1 vce-col--xs-last vce-col--xs-first vce-col--sm-last vce-col--sm-first vce-col--md-last vce-col--lg-last vce-col--xl-last\" id=\"el-aab6cfa3\"><div class=\"vce-col-inner\" data-vce-do-apply=\"border margin background  el-aab6cfa3\"><div class=\"vce-col-content\" data-vce-element-content=\"true\" data-vce-do-apply=\"padding el-aab6cfa3\"><div class=\"vce-single-image-container vce-single-image--align-center\"><div class=\"vce vce-single-image-wrapper\" id=\"el-5c323177\" data-vce-do-apply=\"all el-5c323177\"><figure><div class=\"vce-single-image-inner vce-single-image--absolute\" style=\"padding-bottom: 238.235%; width: 136px;\"><img loading=\"lazy\" decoding=\"async\" class=\"vce-single-image vcv-lozad\" data-src=\"https:\/\/www.biyochem.com.tr\/wp-content\/uploads\/2021\/05\/Varlik-1.png\" width=\"136\" height=\"324\" src=\"\" data-img-src=\"https:\/\/www.biyochem.com.tr\/wp-content\/uploads\/2021\/05\/Varlik-1.png\" alt=\"\" title=\"aktif karbon\" \/><noscript>\r\n        <img loading=\"lazy\" decoding=\"async\" class=\"vce-single-image\" src=\"https:\/\/www.biyochem.com.tr\/wp-content\/uploads\/2021\/05\/Varlik-1.png\" width=\"136\" height=\"324\" alt=\"\" title=\"aktif karbon\" \/>\r\n      <\/noscript><\/div><figcaption hidden=\"\"><\/figcaption><\/figure><\/div><\/div><\/div><\/div><\/div><\/div><\/div><\/div>","protected":false},"excerpt":{"rendered":"<p>Cihazda bulunan &#8220;Aktif Karbon Minerali&#8221; suda koku, tat ve renk bozukluklar\u0131na neden olan organik molek\u00fclleri tutar. Suda serbest kalan ve istenmeyen kokulara neden olan klor da bu tabaka sayesinde uzakla\u015ft\u0131r\u0131l\u0131r. Tam otomatik kontrol sistemleri ile donat\u0131lm\u0131\u015f bu cihaz, ba\u015flang\u0131\u00e7ta verilecek programa ba\u011fl\u0131 kalarak, insan m\u00fcdahalesine ihtiya\u00e7 duymadan belirli periyotlarda otomatik olarak ters y\u0131kama ve rejenerasyon &#8230; <a title=\"Activated Carbon Filter Systems\" class=\"read-more\" href=\"https:\/\/www.biyochem.com.tr\/en\/aktif-karbon-filtre-sistemi\/\" aria-label=\"Read more about Aktif Karbon Filtre Sistemi\">Read more<\/a><\/p>","protected":false},"author":1,"featured_media":0,"parent":0,"menu_order":0,"comment_status":"closed","ping_status":"closed","template":"","meta":{"footnotes":""},"class_list":["post-221","page","type-page","status-publish"],"yoast_head":"<!-- This site is optimized with the Yoast SEO plugin v24.2 - https:\/\/yoast.com\/wordpress\/plugins\/seo\/ -->\n<title>Aktif Karbon Filtre Sistemi | Biyochem M&uuml;hendislik<\/title>\n<meta name=\"description\" content=\"Aktif karbon filtre sisteminde bulunan &quot;Aktif Karbon Minerali&quot; suda koku, tat ve renk bozukluklar\u0131na neden olan organik molek\u00fclleri tutar. Suda serbest kalan ve istenmeyen kokulara neden olan klor da bu tabaka sayesinde uzakla\u015ft\u0131r\u0131l\u0131r. Tam otomatik kontrol sistemleri ile donat\u0131lm\u0131\u015f bu cihaz, ba\u015flang\u0131\u00e7ta verilecek programa ba\u011fl\u0131 kalarak, insan m\u00fcdahalesine ihtiya\u00e7 duymadan belirli periyotlarda otomatik olarak ters y\u0131kama ve rejenerasyon i\u015flemlerini ger\u00e7ekle\u015ftirir.\" \/>\n<meta name=\"robots\" content=\"index, follow, max-snippet:-1, max-image-preview:large, max-video-preview:-1\" \/>\n<link rel=\"canonical\" href=\"https:\/\/www.biyochem.com.tr\/en\/aktif-karbon-filtre-sistemi\/\" \/>\n<meta property=\"og:locale\" content=\"en_US\" \/>\n<meta property=\"og:type\" content=\"article\" \/>\n<meta property=\"og:title\" content=\"Aktif Karbon Filtre Sistemi | Biyochem M&uuml;hendislik\" \/>\n<meta property=\"og:description\" content=\"Aktif karbon filtre sisteminde bulunan &quot;Aktif Karbon Minerali&quot; suda koku, tat ve renk bozukluklar\u0131na neden olan organik molek\u00fclleri tutar. Suda serbest kalan ve istenmeyen kokulara neden olan klor da bu tabaka sayesinde uzakla\u015ft\u0131r\u0131l\u0131r. Tam otomatik kontrol sistemleri ile donat\u0131lm\u0131\u015f bu cihaz, ba\u015flang\u0131\u00e7ta verilecek programa ba\u011fl\u0131 kalarak, insan m\u00fcdahalesine ihtiya\u00e7 duymadan belirli periyotlarda otomatik olarak ters y\u0131kama ve rejenerasyon i\u015flemlerini ger\u00e7ekle\u015ftirir.\" \/>\n<meta property=\"og:url\" content=\"https:\/\/www.biyochem.com.tr\/en\/aktif-karbon-filtre-sistemi\/\" \/>\n<meta property=\"og:site_name\" content=\"Biyochem M&uuml;hendislik\" \/>\n<meta property=\"article:modified_time\" content=\"2021-07-06T16:25:38+00:00\" \/>\n<meta name=\"twitter:card\" content=\"summary_large_image\" \/>\n<script type=\"application\/ld+json\" class=\"yoast-schema-graph\">{\"@context\":\"https:\/\/schema.org\",\"@graph\":[{\"@type\":\"WebPage\",\"@id\":\"https:\/\/www.biyochem.com.tr\/en\/aktif-karbon-filtre-sistemi\/\",\"url\":\"https:\/\/www.biyochem.com.tr\/en\/aktif-karbon-filtre-sistemi\/\",\"name\":\"Aktif Karbon Filtre Sistemi | Biyochem M&uuml;hendislik\",\"isPartOf\":{\"@id\":\"https:\/\/www.biyochem.com.tr\/#website\"},\"datePublished\":\"2021-05-31T19:47:55+00:00\",\"dateModified\":\"2021-07-06T16:25:38+00:00\",\"description\":\"Aktif karbon filtre sisteminde bulunan \\\"Aktif Karbon Minerali\\\" suda koku, tat ve renk bozukluklar\u0131na neden olan organik molek\u00fclleri tutar. Suda serbest kalan ve istenmeyen kokulara neden olan klor da bu tabaka sayesinde uzakla\u015ft\u0131r\u0131l\u0131r. Tam otomatik kontrol sistemleri ile donat\u0131lm\u0131\u015f bu cihaz, ba\u015flang\u0131\u00e7ta verilecek programa ba\u011fl\u0131 kalarak, insan m\u00fcdahalesine ihtiya\u00e7 duymadan belirli periyotlarda otomatik olarak ters y\u0131kama ve rejenerasyon i\u015flemlerini ger\u00e7ekle\u015ftirir.\",\"breadcrumb\":{\"@id\":\"https:\/\/www.biyochem.com.tr\/en\/aktif-karbon-filtre-sistemi\/#breadcrumb\"},\"inLanguage\":\"en-US\",\"potentialAction\":[{\"@type\":\"ReadAction\",\"target\":[\"https:\/\/www.biyochem.com.tr\/en\/aktif-karbon-filtre-sistemi\/\"]}]},{\"@type\":\"BreadcrumbList\",\"@id\":\"https:\/\/www.biyochem.com.tr\/en\/aktif-karbon-filtre-sistemi\/#breadcrumb\",\"itemListElement\":[{\"@type\":\"ListItem\",\"position\":1,\"name\":\"Home\",\"item\":\"https:\/\/www.biyochem.com.tr\/\"},{\"@type\":\"ListItem\",\"position\":2,\"name\":\"Aktif Karbon Filtre Sistemi\"}]},{\"@type\":\"WebSite\",\"@id\":\"https:\/\/www.biyochem.com.tr\/#website\",\"url\":\"https:\/\/www.biyochem.com.tr\/\",\"name\":\"Biyochem M&uuml;hendislik\",\"description\":\"Su ar\u0131tma ve kimyasallar\u0131\",\"publisher\":{\"@id\":\"https:\/\/www.biyochem.com.tr\/#organization\"},\"potentialAction\":[{\"@type\":\"SearchAction\",\"target\":{\"@type\":\"EntryPoint\",\"urlTemplate\":\"https:\/\/www.biyochem.com.tr\/?s={search_term_string}\"},\"query-input\":{\"@type\":\"PropertyValueSpecification\",\"valueRequired\":true,\"valueName\":\"search_term_string\"}}],\"inLanguage\":\"en-US\"},{\"@type\":\"Organization\",\"@id\":\"https:\/\/www.biyochem.com.tr\/#organization\",\"name\":\"Biyochem M\u00fchendislik Su ar\u0131tma sistemleri ve kimyasallar\u0131\",\"url\":\"https:\/\/www.biyochem.com.tr\/\",\"logo\":{\"@type\":\"ImageObject\",\"inLanguage\":\"en-US\",\"@id\":\"https:\/\/www.biyochem.com.tr\/#\/schema\/logo\/image\/\",\"url\":\"https:\/\/www.biyochem.com.tr\/wp-content\/uploads\/2021\/05\/bc.png\",\"contentUrl\":\"https:\/\/www.biyochem.com.tr\/wp-content\/uploads\/2021\/05\/bc.png\",\"width\":433,\"height\":105,\"caption\":\"Biyochem M\u00fchendislik Su ar\u0131tma sistemleri ve kimyasallar\u0131\"},\"image\":{\"@id\":\"https:\/\/www.biyochem.com.tr\/#\/schema\/logo\/image\/\"}}]}<\/script>\n<!-- \/ Yoast SEO plugin. -->","yoast_head_json":{"title":"Aktif Karbon Filtre Sistemi | Biyochem M&uuml;hendislik","description":"Aktif karbon filtre sisteminde bulunan \"Aktif Karbon Minerali\" suda koku, tat ve renk bozukluklar\u0131na neden olan organik molek\u00fclleri tutar. Suda serbest kalan ve istenmeyen kokulara neden olan klor da bu tabaka sayesinde uzakla\u015ft\u0131r\u0131l\u0131r. Tam otomatik kontrol sistemleri ile donat\u0131lm\u0131\u015f bu cihaz, ba\u015flang\u0131\u00e7ta verilecek programa ba\u011fl\u0131 kalarak, insan m\u00fcdahalesine ihtiya\u00e7 duymadan belirli periyotlarda otomatik olarak ters y\u0131kama ve rejenerasyon i\u015flemlerini ger\u00e7ekle\u015ftirir.","robots":{"index":"index","follow":"follow","max-snippet":"max-snippet:-1","max-image-preview":"max-image-preview:large","max-video-preview":"max-video-preview:-1"},"canonical":"https:\/\/www.biyochem.com.tr\/en\/aktif-karbon-filtre-sistemi\/","og_locale":"en_US","og_type":"article","og_title":"Aktif Karbon Filtre Sistemi | Biyochem M&uuml;hendislik","og_description":"Aktif karbon filtre sisteminde bulunan \"Aktif Karbon Minerali\" suda koku, tat ve renk bozukluklar\u0131na neden olan organik molek\u00fclleri tutar. Suda serbest kalan ve istenmeyen kokulara neden olan klor da bu tabaka sayesinde uzakla\u015ft\u0131r\u0131l\u0131r. Tam otomatik kontrol sistemleri ile donat\u0131lm\u0131\u015f bu cihaz, ba\u015flang\u0131\u00e7ta verilecek programa ba\u011fl\u0131 kalarak, insan m\u00fcdahalesine ihtiya\u00e7 duymadan belirli periyotlarda otomatik olarak ters y\u0131kama ve rejenerasyon i\u015flemlerini ger\u00e7ekle\u015ftirir.","og_url":"https:\/\/www.biyochem.com.tr\/en\/aktif-karbon-filtre-sistemi\/","og_site_name":"Biyochem M&uuml;hendislik","article_modified_time":"2021-07-06T16:25:38+00:00","twitter_card":"summary_large_image","schema":{"@context":"https:\/\/schema.org","@graph":[{"@type":"WebPage","@id":"https:\/\/www.biyochem.com.tr\/en\/aktif-karbon-filtre-sistemi\/","url":"https:\/\/www.biyochem.com.tr\/en\/aktif-karbon-filtre-sistemi\/","name":"Aktif Karbon Filtre Sistemi | Biyochem M&uuml;hendislik","isPartOf":{"@id":"https:\/\/www.biyochem.com.tr\/#website"},"datePublished":"2021-05-31T19:47:55+00:00","dateModified":"2021-07-06T16:25:38+00:00","description":"Aktif karbon filtre sisteminde bulunan \"Aktif Karbon Minerali\" suda koku, tat ve renk bozukluklar\u0131na neden olan organik molek\u00fclleri tutar. Suda serbest kalan ve istenmeyen kokulara neden olan klor da bu tabaka sayesinde uzakla\u015ft\u0131r\u0131l\u0131r. Tam otomatik kontrol sistemleri ile donat\u0131lm\u0131\u015f bu cihaz, ba\u015flang\u0131\u00e7ta verilecek programa ba\u011fl\u0131 kalarak, insan m\u00fcdahalesine ihtiya\u00e7 duymadan belirli periyotlarda otomatik olarak ters y\u0131kama ve rejenerasyon i\u015flemlerini ger\u00e7ekle\u015ftirir.","breadcrumb":{"@id":"https:\/\/www.biyochem.com.tr\/en\/aktif-karbon-filtre-sistemi\/#breadcrumb"},"inLanguage":"en-US","potentialAction":[{"@type":"ReadAction","target":["https:\/\/www.biyochem.com.tr\/en\/aktif-karbon-filtre-sistemi\/"]}]},{"@type":"BreadcrumbList","@id":"https:\/\/www.biyochem.com.tr\/en\/aktif-karbon-filtre-sistemi\/#breadcrumb","itemListElement":[{"@type":"ListItem","position":1,"name":"Home","item":"https:\/\/www.biyochem.com.tr\/"},{"@type":"ListItem","position":2,"name":"Aktif Karbon Filtre Sistemi"}]},{"@type":"WebSite","@id":"https:\/\/www.biyochem.com.tr\/#website","url":"https:\/\/www.biyochem.com.tr\/","name":"Biyochem M&uuml;hendislik","description":"Su ar\u0131tma ve kimyasallar\u0131","publisher":{"@id":"https:\/\/www.biyochem.com.tr\/#organization"},"potentialAction":[{"@type":"SearchAction","target":{"@type":"EntryPoint","urlTemplate":"https:\/\/www.biyochem.com.tr\/?s={search_term_string}"},"query-input":{"@type":"PropertyValueSpecification","valueRequired":true,"valueName":"search_term_string"}}],"inLanguage":"en-US"},{"@type":"Organization","@id":"https:\/\/www.biyochem.com.tr\/#organization","name":"Biyochem M\u00fchendislik Su ar\u0131tma sistemleri ve kimyasallar\u0131","url":"https:\/\/www.biyochem.com.tr\/","logo":{"@type":"ImageObject","inLanguage":"en-US","@id":"https:\/\/www.biyochem.com.tr\/#\/schema\/logo\/image\/","url":"https:\/\/www.biyochem.com.tr\/wp-content\/uploads\/2021\/05\/bc.png","contentUrl":"https:\/\/www.biyochem.com.tr\/wp-content\/uploads\/2021\/05\/bc.png","width":433,"height":105,"caption":"Biyochem M\u00fchendislik Su ar\u0131tma sistemleri ve kimyasallar\u0131"},"image":{"@id":"https:\/\/www.biyochem.com.tr\/#\/schema\/logo\/image\/"}}]}},"_links":{"self":[{"href":"https:\/\/www.biyochem.com.tr\/en\/wp-json\/wp\/v2\/pages\/221","targetHints":{"allow":["GET"]}}],"collection":[{"href":"https:\/\/www.biyochem.com.tr\/en\/wp-json\/wp\/v2\/pages"}],"about":[{"href":"https:\/\/www.biyochem.com.tr\/en\/wp-json\/wp\/v2\/types\/page"}],"author":[{"embeddable":true,"href":"https:\/\/www.biyochem.com.tr\/en\/wp-json\/wp\/v2\/users\/1"}],"replies":[{"embeddable":true,"href":"https:\/\/www.biyochem.com.tr\/en\/wp-json\/wp\/v2\/comments?post=221"}],"version-history":[{"count":2,"href":"https:\/\/www.biyochem.com.tr\/en\/wp-json\/wp\/v2\/pages\/221\/revisions"}],"predecessor-version":[{"id":242,"href":"https:\/\/www.biyochem.com.tr\/en\/wp-json\/wp\/v2\/pages\/221\/revisions\/242"}],"wp:attachment":[{"href":"https:\/\/www.biyochem.com.tr\/en\/wp-json\/wp\/v2\/media?parent=221"}],"curies":[{"name":"wp","href":"https:\/\/api.w.org\/{rel}","templated":true}]}}