{"id":225,"date":"2021-05-31T19:53:14","date_gmt":"2021-05-31T19:53:14","guid":{"rendered":"https:\/\/www.biyochem.com.tr\/?page_id=225"},"modified":"2021-07-07T16:12:17","modified_gmt":"2021-07-07T16:12:17","slug":"su-yumusatma-sistemleri","status":"publish","type":"page","link":"https:\/\/www.biyochem.com.tr\/en\/su-yumusatma-sistemleri\/","title":{"rendered":"Water Softener Systems"},"content":{"rendered":"<div class=\"vce-row-container\" data-vce-boxed-width=\"true\"><div class=\"vce-row vce-row--col-gap-30 vce-row-equal-height vce-row-content--top\" id=\"el-9aa38a0a\" data-vce-do-apply=\"all el-9aa38a0a\"><div class=\"vce-content-background-container\"><\/div><div class=\"vce-row-content\" data-vce-element-content=\"true\"><div class=\"vce-col vce-col--md-50p vce-col--xs-1 vce-col--xs-last vce-col--xs-first vce-col--sm-last vce-col--sm-first vce-col--md-first vce-col--lg-first vce-col--xl-first\" id=\"el-e724b782\"><div class=\"vce-col-inner\" data-vce-do-apply=\"border margin background  el-e724b782\"><div class=\"vce-col-content\" data-vce-element-content=\"true\" data-vce-do-apply=\"padding el-e724b782\"><div class=\"vce-text-block\"><div class=\"vce-text-block-wrapper vce\" id=\"el-29fd5164\" data-vce-do-apply=\"all el-29fd5164\"><div>Softening units offer a water purification solution for hard water and lime scale removal.<\/div>\r\n<div>&nbsp;<\/div>\r\n<div>\r\n<div>The damages of hard water;<\/div>\r\n<div>&nbsp; \u2022 Consumption of soap is surplus.<\/div>\r\n<div>&nbsp; \u2022 The limestone connection of the pipes belonging to the structures such as hot water installations and steam boilers induces the pipe sections to be narrowed in a short time.<\/div>\r\n<div>&nbsp; \u2022 It is not suitable for kitchen works. The dishes such as legumes do not cook well in hard water and remain firm. The hardness also spoils the taste of tea and coffee.<\/div>\r\n<div>&nbsp; \u2022 Hard waters are not suitable for irrigation of plants and flowers.<\/div>\r\n<\/div>\r\n<div><!-- [if lte IE 11]>\r\n<script src='https:\/\/www.biyochem.com.tr\/wp-content\/themes\/generatepress\/assets\/js\/classList.min.js?ver=3.0.3' id='generate-classlist-js'><\/script>\r\n<![endif]--><\/div>\r\n<p>&nbsp;<\/p>\r\n<p><\/p><\/div><\/div><\/div><\/div><\/div><div class=\"vce-col vce-col--md-50p vce-col--xs-1 vce-col--xs-last vce-col--xs-first vce-col--sm-last vce-col--sm-first vce-col--md-last vce-col--lg-last vce-col--xl-last\" id=\"el-dbbdfc03\"><div class=\"vce-col-inner\" data-vce-do-apply=\"border margin background  el-dbbdfc03\"><div class=\"vce-col-content\" data-vce-element-content=\"true\" data-vce-do-apply=\"padding el-dbbdfc03\"><div class=\"vce-single-image-container vce-single-image--align-center\"><div class=\"vce vce-single-image-wrapper\" id=\"el-17071eb7\" data-vce-do-apply=\"all el-17071eb7\"><figure><div class=\"vce-single-image-inner vce-single-image--absolute\" style=\"padding-bottom: 141.699%; width: 259px;\"><img loading=\"lazy\" decoding=\"async\" class=\"vce-single-image vcv-lozad\" data-src=\"https:\/\/www.biyochem.com.tr\/wp-content\/uploads\/2021\/05\/Varlik-1@0.75x.png\" width=\"259\" height=\"367\" src=\"\" data-img-src=\"https:\/\/www.biyochem.com.tr\/wp-content\/uploads\/2021\/05\/Varlik-1@0.75x.png\" alt=\"\" title=\"Varl\u0131k 1@0.75x\" \/><noscript>\r\n        <img loading=\"lazy\" decoding=\"async\" class=\"vce-single-image\" src=\"https:\/\/www.biyochem.com.tr\/wp-content\/uploads\/2021\/05\/Varlik-1@0.75x.png\" width=\"259\" height=\"367\" alt=\"\" title=\"Varl\u0131k 1@0.75x\" \/>\r\n      <\/noscript><\/div><figcaption hidden=\"\"><\/figcaption><\/figure><\/div><\/div><\/div><\/div><\/div><\/div><\/div><\/div>","protected":false},"excerpt":{"rendered":"<p>Su yumu\u015fatma sistemleri, sert su ve kire\u00e7 tortusunun giderilmesi i\u00e7in su ar\u0131tma \u00e7\u00f6z\u00fcm\u00fc sunar. &nbsp; Sert sular\u0131n zararlar\u0131; &nbsp; \u2022 Sabun sarfiyat\u0131 fazlad\u0131r. &nbsp; \u2022 S\u0131cak su tesisat\u0131, buhar kazanlar\u0131 gibi yap\u0131lara ait borular\u0131n k\u0131sa zamanda kire\u00e7ta\u015f\u0131 ba\u011flanmas\u0131yla boru kesitlerinin daralmas\u0131na sebep olur. &nbsp; \u2022 Mutfak i\u015fleri bak\u0131m\u0131ndan da elveri\u015fli de\u011fildir. Baklagiller gibi yemekler sert &#8230; <a title=\"Water Softener Systems\" class=\"read-more\" href=\"https:\/\/www.biyochem.com.tr\/en\/su-yumusatma-sistemleri\/\" aria-label=\"Read more about Su Yumu\u015fatma Sistemleri\">Read more<\/a><\/p>","protected":false},"author":1,"featured_media":0,"parent":0,"menu_order":0,"comment_status":"closed","ping_status":"closed","template":"","meta":{"footnotes":""},"class_list":["post-225","page","type-page","status-publish"],"yoast_head":"<!-- This site is optimized with the Yoast SEO plugin v24.2 - https:\/\/yoast.com\/wordpress\/plugins\/seo\/ -->\n<title>Su Yumu\u015fatma Sistemleri | Biyochem M&uuml;hendislik<\/title>\n<meta name=\"description\" content=\"Su yumu\u015fatma cihaz\u0131, sert su ve kire\u00e7 tortusunun giderilmesi i\u00e7in su ar\u0131tma \u00e7\u00f6z\u00fcm\u00fc sunar. Tandem yumu\u015fatma cihaz\u0131 , yumu\u015fatma cihaz\u0131 fiyat\u0131\" \/>\n<meta name=\"robots\" content=\"index, follow, max-snippet:-1, max-image-preview:large, max-video-preview:-1\" \/>\n<link rel=\"canonical\" href=\"https:\/\/www.biyochem.com.tr\/en\/su-yumusatma-sistemleri\/\" \/>\n<meta property=\"og:locale\" content=\"en_US\" \/>\n<meta property=\"og:type\" content=\"article\" \/>\n<meta property=\"og:title\" content=\"Su Yumu\u015fatma Sistemleri | Biyochem M&uuml;hendislik\" \/>\n<meta property=\"og:description\" content=\"Su yumu\u015fatma cihaz\u0131, sert su ve kire\u00e7 tortusunun giderilmesi i\u00e7in su ar\u0131tma \u00e7\u00f6z\u00fcm\u00fc sunar. Tandem yumu\u015fatma cihaz\u0131 , yumu\u015fatma cihaz\u0131 fiyat\u0131\" \/>\n<meta property=\"og:url\" content=\"https:\/\/www.biyochem.com.tr\/en\/su-yumusatma-sistemleri\/\" \/>\n<meta property=\"og:site_name\" content=\"Biyochem M&uuml;hendislik\" \/>\n<meta property=\"article:modified_time\" content=\"2021-07-07T16:12:17+00:00\" \/>\n<meta name=\"twitter:card\" content=\"summary_large_image\" \/>\n<meta name=\"twitter:label1\" content=\"Est. reading time\" \/>\n\t<meta name=\"twitter:data1\" content=\"1 minute\" \/>\n<script type=\"application\/ld+json\" class=\"yoast-schema-graph\">{\"@context\":\"https:\/\/schema.org\",\"@graph\":[{\"@type\":\"WebPage\",\"@id\":\"https:\/\/www.biyochem.com.tr\/en\/su-yumusatma-sistemleri\/\",\"url\":\"https:\/\/www.biyochem.com.tr\/en\/su-yumusatma-sistemleri\/\",\"name\":\"Su Yumu\u015fatma Sistemleri | Biyochem M&uuml;hendislik\",\"isPartOf\":{\"@id\":\"https:\/\/www.biyochem.com.tr\/#website\"},\"datePublished\":\"2021-05-31T19:53:14+00:00\",\"dateModified\":\"2021-07-07T16:12:17+00:00\",\"description\":\"Su yumu\u015fatma cihaz\u0131, sert su ve kire\u00e7 tortusunun giderilmesi i\u00e7in su ar\u0131tma \u00e7\u00f6z\u00fcm\u00fc sunar. Tandem yumu\u015fatma cihaz\u0131 , yumu\u015fatma cihaz\u0131 fiyat\u0131\",\"breadcrumb\":{\"@id\":\"https:\/\/www.biyochem.com.tr\/en\/su-yumusatma-sistemleri\/#breadcrumb\"},\"inLanguage\":\"en-US\",\"potentialAction\":[{\"@type\":\"ReadAction\",\"target\":[\"https:\/\/www.biyochem.com.tr\/en\/su-yumusatma-sistemleri\/\"]}]},{\"@type\":\"BreadcrumbList\",\"@id\":\"https:\/\/www.biyochem.com.tr\/en\/su-yumusatma-sistemleri\/#breadcrumb\",\"itemListElement\":[{\"@type\":\"ListItem\",\"position\":1,\"name\":\"Home\",\"item\":\"https:\/\/www.biyochem.com.tr\/\"},{\"@type\":\"ListItem\",\"position\":2,\"name\":\"Su Yumu\u015fatma Sistemleri\"}]},{\"@type\":\"WebSite\",\"@id\":\"https:\/\/www.biyochem.com.tr\/#website\",\"url\":\"https:\/\/www.biyochem.com.tr\/\",\"name\":\"Biyochem M&uuml;hendislik\",\"description\":\"Su ar\u0131tma ve kimyasallar\u0131\",\"publisher\":{\"@id\":\"https:\/\/www.biyochem.com.tr\/#organization\"},\"potentialAction\":[{\"@type\":\"SearchAction\",\"target\":{\"@type\":\"EntryPoint\",\"urlTemplate\":\"https:\/\/www.biyochem.com.tr\/?s={search_term_string}\"},\"query-input\":{\"@type\":\"PropertyValueSpecification\",\"valueRequired\":true,\"valueName\":\"search_term_string\"}}],\"inLanguage\":\"en-US\"},{\"@type\":\"Organization\",\"@id\":\"https:\/\/www.biyochem.com.tr\/#organization\",\"name\":\"Biyochem M\u00fchendislik Su ar\u0131tma sistemleri ve kimyasallar\u0131\",\"url\":\"https:\/\/www.biyochem.com.tr\/\",\"logo\":{\"@type\":\"ImageObject\",\"inLanguage\":\"en-US\",\"@id\":\"https:\/\/www.biyochem.com.tr\/#\/schema\/logo\/image\/\",\"url\":\"https:\/\/www.biyochem.com.tr\/wp-content\/uploads\/2021\/05\/bc.png\",\"contentUrl\":\"https:\/\/www.biyochem.com.tr\/wp-content\/uploads\/2021\/05\/bc.png\",\"width\":433,\"height\":105,\"caption\":\"Biyochem M\u00fchendislik Su ar\u0131tma sistemleri ve kimyasallar\u0131\"},\"image\":{\"@id\":\"https:\/\/www.biyochem.com.tr\/#\/schema\/logo\/image\/\"}}]}<\/script>\n<!-- \/ Yoast SEO plugin. -->","yoast_head_json":{"title":"Su Yumu\u015fatma Sistemleri | Biyochem M&uuml;hendislik","description":"Su yumu\u015fatma cihaz\u0131, sert su ve kire\u00e7 tortusunun giderilmesi i\u00e7in su ar\u0131tma \u00e7\u00f6z\u00fcm\u00fc sunar. Tandem yumu\u015fatma cihaz\u0131 , yumu\u015fatma cihaz\u0131 fiyat\u0131","robots":{"index":"index","follow":"follow","max-snippet":"max-snippet:-1","max-image-preview":"max-image-preview:large","max-video-preview":"max-video-preview:-1"},"canonical":"https:\/\/www.biyochem.com.tr\/en\/su-yumusatma-sistemleri\/","og_locale":"en_US","og_type":"article","og_title":"Su Yumu\u015fatma Sistemleri | Biyochem M&uuml;hendislik","og_description":"Su yumu\u015fatma cihaz\u0131, sert su ve kire\u00e7 tortusunun giderilmesi i\u00e7in su ar\u0131tma \u00e7\u00f6z\u00fcm\u00fc sunar. Tandem yumu\u015fatma cihaz\u0131 , yumu\u015fatma cihaz\u0131 fiyat\u0131","og_url":"https:\/\/www.biyochem.com.tr\/en\/su-yumusatma-sistemleri\/","og_site_name":"Biyochem M&uuml;hendislik","article_modified_time":"2021-07-07T16:12:17+00:00","twitter_card":"summary_large_image","twitter_misc":{"Est. reading time":"1 minute"},"schema":{"@context":"https:\/\/schema.org","@graph":[{"@type":"WebPage","@id":"https:\/\/www.biyochem.com.tr\/en\/su-yumusatma-sistemleri\/","url":"https:\/\/www.biyochem.com.tr\/en\/su-yumusatma-sistemleri\/","name":"Su Yumu\u015fatma Sistemleri | Biyochem M&uuml;hendislik","isPartOf":{"@id":"https:\/\/www.biyochem.com.tr\/#website"},"datePublished":"2021-05-31T19:53:14+00:00","dateModified":"2021-07-07T16:12:17+00:00","description":"Su yumu\u015fatma cihaz\u0131, sert su ve kire\u00e7 tortusunun giderilmesi i\u00e7in su ar\u0131tma \u00e7\u00f6z\u00fcm\u00fc sunar. Tandem yumu\u015fatma cihaz\u0131 , yumu\u015fatma cihaz\u0131 fiyat\u0131","breadcrumb":{"@id":"https:\/\/www.biyochem.com.tr\/en\/su-yumusatma-sistemleri\/#breadcrumb"},"inLanguage":"en-US","potentialAction":[{"@type":"ReadAction","target":["https:\/\/www.biyochem.com.tr\/en\/su-yumusatma-sistemleri\/"]}]},{"@type":"BreadcrumbList","@id":"https:\/\/www.biyochem.com.tr\/en\/su-yumusatma-sistemleri\/#breadcrumb","itemListElement":[{"@type":"ListItem","position":1,"name":"Home","item":"https:\/\/www.biyochem.com.tr\/"},{"@type":"ListItem","position":2,"name":"Su Yumu\u015fatma Sistemleri"}]},{"@type":"WebSite","@id":"https:\/\/www.biyochem.com.tr\/#website","url":"https:\/\/www.biyochem.com.tr\/","name":"Biyochem M&uuml;hendislik","description":"Su ar\u0131tma ve kimyasallar\u0131","publisher":{"@id":"https:\/\/www.biyochem.com.tr\/#organization"},"potentialAction":[{"@type":"SearchAction","target":{"@type":"EntryPoint","urlTemplate":"https:\/\/www.biyochem.com.tr\/?s={search_term_string}"},"query-input":{"@type":"PropertyValueSpecification","valueRequired":true,"valueName":"search_term_string"}}],"inLanguage":"en-US"},{"@type":"Organization","@id":"https:\/\/www.biyochem.com.tr\/#organization","name":"Biyochem M\u00fchendislik Su ar\u0131tma sistemleri ve kimyasallar\u0131","url":"https:\/\/www.biyochem.com.tr\/","logo":{"@type":"ImageObject","inLanguage":"en-US","@id":"https:\/\/www.biyochem.com.tr\/#\/schema\/logo\/image\/","url":"https:\/\/www.biyochem.com.tr\/wp-content\/uploads\/2021\/05\/bc.png","contentUrl":"https:\/\/www.biyochem.com.tr\/wp-content\/uploads\/2021\/05\/bc.png","width":433,"height":105,"caption":"Biyochem M\u00fchendislik Su ar\u0131tma sistemleri ve kimyasallar\u0131"},"image":{"@id":"https:\/\/www.biyochem.com.tr\/#\/schema\/logo\/image\/"}}]}},"_links":{"self":[{"href":"https:\/\/www.biyochem.com.tr\/en\/wp-json\/wp\/v2\/pages\/225","targetHints":{"allow":["GET"]}}],"collection":[{"href":"https:\/\/www.biyochem.com.tr\/en\/wp-json\/wp\/v2\/pages"}],"about":[{"href":"https:\/\/www.biyochem.com.tr\/en\/wp-json\/wp\/v2\/types\/page"}],"author":[{"embeddable":true,"href":"https:\/\/www.biyochem.com.tr\/en\/wp-json\/wp\/v2\/users\/1"}],"replies":[{"embeddable":true,"href":"https:\/\/www.biyochem.com.tr\/en\/wp-json\/wp\/v2\/comments?post=225"}],"version-history":[{"count":3,"href":"https:\/\/www.biyochem.com.tr\/en\/wp-json\/wp\/v2\/pages\/225\/revisions"}],"predecessor-version":[{"id":239,"href":"https:\/\/www.biyochem.com.tr\/en\/wp-json\/wp\/v2\/pages\/225\/revisions\/239"}],"wp:attachment":[{"href":"https:\/\/www.biyochem.com.tr\/en\/wp-json\/wp\/v2\/media?parent=225"}],"curies":[{"name":"wp","href":"https:\/\/api.w.org\/{rel}","templated":true}]}}