{"id":229,"date":"2021-05-31T20:08:43","date_gmt":"2021-05-31T20:08:43","guid":{"rendered":"https:\/\/www.biyochem.com.tr\/?page_id=229"},"modified":"2021-05-31T20:11:33","modified_gmt":"2021-05-31T20:11:33","slug":"demir-mangan-giderim-sistemleri","status":"publish","type":"page","link":"https:\/\/www.biyochem.com.tr\/en\/demir-mangan-giderim-sistemleri\/","title":{"rendered":"Iron - Manganese Filtration Systems"},"content":{"rendered":"<div class=\"vce-row-container\" data-vce-boxed-width=\"true\"><div class=\"vce-row vce-row--col-gap-30 vce-row-equal-height vce-row-content--top\" id=\"el-3713705b\" data-vce-do-apply=\"all el-3713705b\"><div class=\"vce-content-background-container\"><\/div><div class=\"vce-row-content\" data-vce-element-content=\"true\"><div class=\"vce-col vce-col--md-auto vce-col--xs-1 vce-col--xs-last vce-col--xs-first vce-col--sm-last vce-col--sm-first vce-col--md-first vce-col--lg-first vce-col--xl-first\" id=\"el-70779e41\"><div class=\"vce-col-inner\" data-vce-do-apply=\"border margin background  el-70779e41\"><div class=\"vce-col-content\" data-vce-element-content=\"true\" data-vce-do-apply=\"padding el-70779e41\"><div class=\"vce-single-image-container vce-single-image--align-left\"><div class=\"vce vce-single-image-wrapper\" id=\"el-dec606f7\" data-vce-do-apply=\"all el-dec606f7\"><figure><div class=\"vce-single-image-inner vce-single-image--absolute\" style=\"padding-bottom: 74.7664%; width: 214px;\"><img loading=\"lazy\" decoding=\"async\" class=\"vce-single-image vcv-lozad\" data-src=\"https:\/\/www.biyochem.com.tr\/wp-content\/uploads\/2021\/05\/dm2@0.75x.png\" width=\"214\" height=\"160\" src=\"\" data-img-src=\"https:\/\/www.biyochem.com.tr\/wp-content\/uploads\/2021\/05\/dm2@0.75x.png\" alt=\"\" title=\"dm2@0.75x\" \/><noscript>\r\n        <img loading=\"lazy\" decoding=\"async\" class=\"vce-single-image\" src=\"https:\/\/www.biyochem.com.tr\/wp-content\/uploads\/2021\/05\/dm2@0.75x.png\" width=\"214\" height=\"160\" alt=\"\" title=\"dm2@0.75x\" \/>\r\n      <\/noscript><\/div><figcaption hidden=\"\"><\/figcaption><\/figure><\/div><\/div><div class=\"vce-single-image-container vce-single-image--align-right\"><div class=\"vce vce-single-image-wrapper\" id=\"el-c7f1471c\" data-vce-do-apply=\"all el-c7f1471c\"><figure><div class=\"vce-single-image-inner vce-single-image--absolute\" style=\"padding-bottom: 72.7723%; width: 202px;\"><img loading=\"lazy\" decoding=\"async\" class=\"vce-single-image vcv-lozad\" data-src=\"https:\/\/www.biyochem.com.tr\/wp-content\/uploads\/2021\/05\/dm1@0.75x.png\" width=\"202\" height=\"147\" src=\"\" data-img-src=\"https:\/\/www.biyochem.com.tr\/wp-content\/uploads\/2021\/05\/dm1@0.75x.png\" alt=\"\" title=\"dm1@0.75x\" \/><noscript>\r\n        <img loading=\"lazy\" decoding=\"async\" class=\"vce-single-image\" src=\"https:\/\/www.biyochem.com.tr\/wp-content\/uploads\/2021\/05\/dm1@0.75x.png\" width=\"202\" height=\"147\" alt=\"\" title=\"dm1@0.75x\" \/>\r\n      <\/noscript><\/div><figcaption hidden=\"\"><\/figcaption><\/figure><\/div><\/div><\/div><\/div><\/div><div class=\"vce-col vce-col--md-auto vce-col--xs-1 vce-col--xs-last vce-col--xs-first vce-col--sm-last vce-col--sm-first vce-col--md-last vce-col--lg-last vce-col--xl-last\" id=\"el-cb26dc8c\"><div class=\"vce-col-inner\" data-vce-do-apply=\"border margin background  el-cb26dc8c\"><div class=\"vce-col-content\" data-vce-element-content=\"true\" data-vce-do-apply=\"padding el-cb26dc8c\"><div class=\"vce-text-block\"><div class=\"vce-text-block-wrapper vce\" id=\"el-496c176a\" data-vce-do-apply=\"all el-496c176a\">\r\n<p>Biyochem Engineering keeps the filtration efficiency at the highest level with chemical dosing for the oxidation of iron and mangan by adjusting the appropriate pH value.<\/p>\r\n\r\n\r\n\r\n<p>Some harmful effects of iron and manganese in high concentrations;<\/p>\r\n\r\n\r\n\r\n<p>\u2022  They incline unwanted color and turbidity in drinking water.<br>\u2022  Leaves stains on laundry, fabric and porcelain items.<br>\u2022  Iron and manganese accumulated on the inner walls of water pipes cause cross-section narrowing and increase in head losses.<\/p>\r\n<\/div><\/div><\/div><\/div><\/div><\/div><\/div><\/div>","protected":false},"excerpt":{"rendered":"<p>Biyochem M\u00fchendislik uygun pH de\u011ferini ayarlay\u0131p demir ve mangan\u0131n oksidasyonu i\u00e7in kimyevi dozlamalarla filtrasyon verimini en \u00fcst d\u00fczeyde tutmaktad\u0131r. Demir ve Mangan\u2019\u0131n y\u00fcksek konsantrasyonlardaki baz\u0131 zararl\u0131 etkileri; \u2022 \u0130\u00e7me suyunda istenmeyen renk ve bulan\u0131kl\u0131\u011fa sebep olurlar.\u2022 \u00c7ama\u015f\u0131r, kuma\u015f ve porselen e\u015fya \u00fczerinde leke b\u0131rak\u0131r.\u2022 Su borular\u0131n\u0131n i\u00e7 cidarlar\u0131nda biriken demir ve mangan, kesit daralmas\u0131na ve &#8230; <a title=\"Iron - Manganese Filtration Systems\" class=\"read-more\" href=\"https:\/\/www.biyochem.com.tr\/en\/demir-mangan-giderim-sistemleri\/\" aria-label=\"Read more about Demir &#8211; Mangan Giderim Sistemleri\">Read more<\/a><\/p>","protected":false},"author":1,"featured_media":0,"parent":0,"menu_order":0,"comment_status":"closed","ping_status":"closed","template":"","meta":{"footnotes":""},"class_list":["post-229","page","type-page","status-publish"],"yoast_head":"<!-- This site is optimized with the Yoast SEO plugin v24.2 - https:\/\/yoast.com\/wordpress\/plugins\/seo\/ -->\n<title>Demir - Mangan Giderim Sistemleri | Biyochem M&uuml;hendislik<\/title>\n<meta name=\"description\" content=\"Biyochem m\u00fchendislik olarak demir mangan giderimi i\u00e7in en do\u011fru \u00e7\u00f6z\u00fcm\u00fc sunar.\" \/>\n<meta name=\"robots\" content=\"index, follow, max-snippet:-1, max-image-preview:large, max-video-preview:-1\" \/>\n<link rel=\"canonical\" href=\"https:\/\/www.biyochem.com.tr\/en\/demir-mangan-giderim-sistemleri\/\" \/>\n<meta property=\"og:locale\" content=\"en_US\" \/>\n<meta property=\"og:type\" content=\"article\" \/>\n<meta property=\"og:title\" content=\"Demir - Mangan Giderim Sistemleri | Biyochem M&uuml;hendislik\" \/>\n<meta property=\"og:description\" content=\"Biyochem m\u00fchendislik olarak demir mangan giderimi i\u00e7in en do\u011fru \u00e7\u00f6z\u00fcm\u00fc sunar.\" \/>\n<meta property=\"og:url\" content=\"https:\/\/www.biyochem.com.tr\/en\/demir-mangan-giderim-sistemleri\/\" \/>\n<meta property=\"og:site_name\" content=\"Biyochem M&uuml;hendislik\" \/>\n<meta property=\"article:modified_time\" content=\"2021-05-31T20:11:33+00:00\" \/>\n<meta name=\"twitter:card\" content=\"summary_large_image\" \/>\n<meta name=\"twitter:label1\" content=\"Est. reading time\" \/>\n\t<meta name=\"twitter:data1\" content=\"1 minute\" \/>\n<script type=\"application\/ld+json\" class=\"yoast-schema-graph\">{\"@context\":\"https:\/\/schema.org\",\"@graph\":[{\"@type\":\"WebPage\",\"@id\":\"https:\/\/www.biyochem.com.tr\/en\/demir-mangan-giderim-sistemleri\/\",\"url\":\"https:\/\/www.biyochem.com.tr\/en\/demir-mangan-giderim-sistemleri\/\",\"name\":\"Demir - Mangan Giderim Sistemleri | Biyochem M&uuml;hendislik\",\"isPartOf\":{\"@id\":\"https:\/\/www.biyochem.com.tr\/#website\"},\"datePublished\":\"2021-05-31T20:08:43+00:00\",\"dateModified\":\"2021-05-31T20:11:33+00:00\",\"description\":\"Biyochem m\u00fchendislik olarak demir mangan giderimi i\u00e7in en do\u011fru \u00e7\u00f6z\u00fcm\u00fc sunar.\",\"breadcrumb\":{\"@id\":\"https:\/\/www.biyochem.com.tr\/en\/demir-mangan-giderim-sistemleri\/#breadcrumb\"},\"inLanguage\":\"en-US\",\"potentialAction\":[{\"@type\":\"ReadAction\",\"target\":[\"https:\/\/www.biyochem.com.tr\/en\/demir-mangan-giderim-sistemleri\/\"]}]},{\"@type\":\"BreadcrumbList\",\"@id\":\"https:\/\/www.biyochem.com.tr\/en\/demir-mangan-giderim-sistemleri\/#breadcrumb\",\"itemListElement\":[{\"@type\":\"ListItem\",\"position\":1,\"name\":\"Home\",\"item\":\"https:\/\/www.biyochem.com.tr\/\"},{\"@type\":\"ListItem\",\"position\":2,\"name\":\"Demir &#8211; Mangan Giderim Sistemleri\"}]},{\"@type\":\"WebSite\",\"@id\":\"https:\/\/www.biyochem.com.tr\/#website\",\"url\":\"https:\/\/www.biyochem.com.tr\/\",\"name\":\"Biyochem M&uuml;hendislik\",\"description\":\"Su ar\u0131tma ve kimyasallar\u0131\",\"publisher\":{\"@id\":\"https:\/\/www.biyochem.com.tr\/#organization\"},\"potentialAction\":[{\"@type\":\"SearchAction\",\"target\":{\"@type\":\"EntryPoint\",\"urlTemplate\":\"https:\/\/www.biyochem.com.tr\/?s={search_term_string}\"},\"query-input\":{\"@type\":\"PropertyValueSpecification\",\"valueRequired\":true,\"valueName\":\"search_term_string\"}}],\"inLanguage\":\"en-US\"},{\"@type\":\"Organization\",\"@id\":\"https:\/\/www.biyochem.com.tr\/#organization\",\"name\":\"Biyochem M\u00fchendislik Su ar\u0131tma sistemleri ve kimyasallar\u0131\",\"url\":\"https:\/\/www.biyochem.com.tr\/\",\"logo\":{\"@type\":\"ImageObject\",\"inLanguage\":\"en-US\",\"@id\":\"https:\/\/www.biyochem.com.tr\/#\/schema\/logo\/image\/\",\"url\":\"https:\/\/www.biyochem.com.tr\/wp-content\/uploads\/2021\/05\/bc.png\",\"contentUrl\":\"https:\/\/www.biyochem.com.tr\/wp-content\/uploads\/2021\/05\/bc.png\",\"width\":433,\"height\":105,\"caption\":\"Biyochem M\u00fchendislik Su ar\u0131tma sistemleri ve kimyasallar\u0131\"},\"image\":{\"@id\":\"https:\/\/www.biyochem.com.tr\/#\/schema\/logo\/image\/\"}}]}<\/script>\n<!-- \/ Yoast SEO plugin. -->","yoast_head_json":{"title":"Demir - Mangan Giderim Sistemleri | Biyochem M&uuml;hendislik","description":"Biyochem m\u00fchendislik olarak demir mangan giderimi i\u00e7in en do\u011fru \u00e7\u00f6z\u00fcm\u00fc sunar.","robots":{"index":"index","follow":"follow","max-snippet":"max-snippet:-1","max-image-preview":"max-image-preview:large","max-video-preview":"max-video-preview:-1"},"canonical":"https:\/\/www.biyochem.com.tr\/en\/demir-mangan-giderim-sistemleri\/","og_locale":"en_US","og_type":"article","og_title":"Demir - Mangan Giderim Sistemleri | Biyochem M&uuml;hendislik","og_description":"Biyochem m\u00fchendislik olarak demir mangan giderimi i\u00e7in en do\u011fru \u00e7\u00f6z\u00fcm\u00fc sunar.","og_url":"https:\/\/www.biyochem.com.tr\/en\/demir-mangan-giderim-sistemleri\/","og_site_name":"Biyochem M&uuml;hendislik","article_modified_time":"2021-05-31T20:11:33+00:00","twitter_card":"summary_large_image","twitter_misc":{"Est. reading time":"1 minute"},"schema":{"@context":"https:\/\/schema.org","@graph":[{"@type":"WebPage","@id":"https:\/\/www.biyochem.com.tr\/en\/demir-mangan-giderim-sistemleri\/","url":"https:\/\/www.biyochem.com.tr\/en\/demir-mangan-giderim-sistemleri\/","name":"Demir - Mangan Giderim Sistemleri | Biyochem M&uuml;hendislik","isPartOf":{"@id":"https:\/\/www.biyochem.com.tr\/#website"},"datePublished":"2021-05-31T20:08:43+00:00","dateModified":"2021-05-31T20:11:33+00:00","description":"Biyochem m\u00fchendislik olarak demir mangan giderimi i\u00e7in en do\u011fru \u00e7\u00f6z\u00fcm\u00fc sunar.","breadcrumb":{"@id":"https:\/\/www.biyochem.com.tr\/en\/demir-mangan-giderim-sistemleri\/#breadcrumb"},"inLanguage":"en-US","potentialAction":[{"@type":"ReadAction","target":["https:\/\/www.biyochem.com.tr\/en\/demir-mangan-giderim-sistemleri\/"]}]},{"@type":"BreadcrumbList","@id":"https:\/\/www.biyochem.com.tr\/en\/demir-mangan-giderim-sistemleri\/#breadcrumb","itemListElement":[{"@type":"ListItem","position":1,"name":"Home","item":"https:\/\/www.biyochem.com.tr\/"},{"@type":"ListItem","position":2,"name":"Demir &#8211; Mangan Giderim Sistemleri"}]},{"@type":"WebSite","@id":"https:\/\/www.biyochem.com.tr\/#website","url":"https:\/\/www.biyochem.com.tr\/","name":"Biyochem M&uuml;hendislik","description":"Su ar\u0131tma ve kimyasallar\u0131","publisher":{"@id":"https:\/\/www.biyochem.com.tr\/#organization"},"potentialAction":[{"@type":"SearchAction","target":{"@type":"EntryPoint","urlTemplate":"https:\/\/www.biyochem.com.tr\/?s={search_term_string}"},"query-input":{"@type":"PropertyValueSpecification","valueRequired":true,"valueName":"search_term_string"}}],"inLanguage":"en-US"},{"@type":"Organization","@id":"https:\/\/www.biyochem.com.tr\/#organization","name":"Biyochem M\u00fchendislik Su ar\u0131tma sistemleri ve kimyasallar\u0131","url":"https:\/\/www.biyochem.com.tr\/","logo":{"@type":"ImageObject","inLanguage":"en-US","@id":"https:\/\/www.biyochem.com.tr\/#\/schema\/logo\/image\/","url":"https:\/\/www.biyochem.com.tr\/wp-content\/uploads\/2021\/05\/bc.png","contentUrl":"https:\/\/www.biyochem.com.tr\/wp-content\/uploads\/2021\/05\/bc.png","width":433,"height":105,"caption":"Biyochem M\u00fchendislik Su ar\u0131tma sistemleri ve kimyasallar\u0131"},"image":{"@id":"https:\/\/www.biyochem.com.tr\/#\/schema\/logo\/image\/"}}]}},"_links":{"self":[{"href":"https:\/\/www.biyochem.com.tr\/en\/wp-json\/wp\/v2\/pages\/229","targetHints":{"allow":["GET"]}}],"collection":[{"href":"https:\/\/www.biyochem.com.tr\/en\/wp-json\/wp\/v2\/pages"}],"about":[{"href":"https:\/\/www.biyochem.com.tr\/en\/wp-json\/wp\/v2\/types\/page"}],"author":[{"embeddable":true,"href":"https:\/\/www.biyochem.com.tr\/en\/wp-json\/wp\/v2\/users\/1"}],"replies":[{"embeddable":true,"href":"https:\/\/www.biyochem.com.tr\/en\/wp-json\/wp\/v2\/comments?post=229"}],"version-history":[{"count":2,"href":"https:\/\/www.biyochem.com.tr\/en\/wp-json\/wp\/v2\/pages\/229\/revisions"}],"predecessor-version":[{"id":233,"href":"https:\/\/www.biyochem.com.tr\/en\/wp-json\/wp\/v2\/pages\/229\/revisions\/233"}],"wp:attachment":[{"href":"https:\/\/www.biyochem.com.tr\/en\/wp-json\/wp\/v2\/media?parent=229"}],"curies":[{"name":"wp","href":"https:\/\/api.w.org\/{rel}","templated":true}]}}