{"id":235,"date":"2021-05-31T20:15:25","date_gmt":"2021-05-31T20:15:25","guid":{"rendered":"https:\/\/www.biyochem.com.tr\/?page_id=235"},"modified":"2021-07-07T16:01:13","modified_gmt":"2021-07-07T16:01:13","slug":"arsenik-giderim-sistemleri","status":"publish","type":"page","link":"https:\/\/www.biyochem.com.tr\/en\/arsenik-giderim-sistemleri\/","title":{"rendered":"Arsenic Removal Systems"},"content":{"rendered":"<div class=\"vce-row-container\" data-vce-boxed-width=\"true\"><div class=\"vce-row vce-row--col-gap-30 vce-row-equal-height vce-row-content--top\" id=\"el-c6bdd1e7\" data-vce-do-apply=\"all el-c6bdd1e7\"><div class=\"vce-content-background-container\"><\/div><div class=\"vce-row-content\" data-vce-element-content=\"true\"><div class=\"vce-col vce-col--md-auto vce-col--xs-1 vce-col--xs-last vce-col--xs-first vce-col--sm-last vce-col--sm-first vce-col--md-first vce-col--lg-first vce-col--xl-first\" id=\"el-5aea604e\"><div class=\"vce-col-inner\" data-vce-do-apply=\"border margin background  el-5aea604e\"><div class=\"vce-col-content\" data-vce-element-content=\"true\" data-vce-do-apply=\"padding el-5aea604e\"><div class=\"vce-text-block\"><div class=\"vce-text-block-wrapper vce\" id=\"el-984ab7db\" data-vce-do-apply=\"all el-984ab7db\">\r\n<p>Arsenic in drinking water causes skin, lung, bladder and prostate cancer in humans, according to the Environmental Protection Agency (EPA). Arsenic in drinking water is also associated with diabetes, cardiovascular disease anemia, immune and nervous system diseases.<\/p>\r\n\r\n\r\n\r\n<p>The efficiency of de-arsenic removal, the type and dosage of the softening chemical affect the pH of the water. Biyochem Engineering prepares the most appropriate treatment project with reverse osmosis or compact arsenic removal systems according to the amount of arsenic contained in the water to be treated and provides maximum removal.<\/p>\r\n<\/div><\/div><\/div><\/div><\/div><div class=\"vce-col vce-col--md-auto vce-col--xs-1 vce-col--xs-last vce-col--xs-first vce-col--sm-last vce-col--sm-first vce-col--md-last vce-col--lg-last vce-col--xl-last\" id=\"el-87143d36\"><div class=\"vce-col-inner\" data-vce-do-apply=\"border margin background  el-87143d36\"><div class=\"vce-col-content\" data-vce-element-content=\"true\" data-vce-do-apply=\"padding el-87143d36\"><div class=\"vce-single-image-container vce-single-image--align-center\"><div class=\"vce vce-single-image-wrapper\" id=\"el-7e46185d\" data-vce-do-apply=\"all el-7e46185d\"><figure><div class=\"vce-single-image-inner vce-single-image--absolute\" style=\"padding-bottom: 115.217%; width: 368px;\"><img loading=\"lazy\" decoding=\"async\" class=\"vce-single-image vcv-lozad\" data-src=\"https:\/\/www.biyochem.com.tr\/wp-content\/uploads\/2021\/05\/Varlik-3@0.75x.png\" width=\"368\" height=\"424\" src=\"\" data-img-src=\"https:\/\/www.biyochem.com.tr\/wp-content\/uploads\/2021\/05\/Varlik-3@0.75x.png\" alt=\"\" title=\"arsenik giderim\" \/><noscript>\r\n        <img loading=\"lazy\" decoding=\"async\" class=\"vce-single-image\" src=\"https:\/\/www.biyochem.com.tr\/wp-content\/uploads\/2021\/05\/Varlik-3@0.75x.png\" width=\"368\" height=\"424\" alt=\"\" title=\"arsenik giderim\" \/>\r\n      <\/noscript><\/div><figcaption hidden=\"\"><\/figcaption><\/figure><\/div><\/div><\/div><\/div><\/div><\/div><\/div><\/div>","protected":false},"excerpt":{"rendered":"<p>U.S. Environmental Protection Agency (EPA), g\u00f6re i\u00e7me suyundaki arsenik insanlarda deri, akci\u011fer, mesane ve prostat kanserine sebep olmaktad\u0131r. \u0130\u00e7me suyundaki arsenik ayr\u0131ca diyabet, kalp ve damar hastal\u0131klar\u0131 anemi, ba\u011f\u0131\u015f\u0131kl\u0131k ve sinir sistemi hastal\u0131klar\u0131 ile ili\u015fkilidir. Arsenik giderme verimini, yumakla\u015ft\u0131r\u0131c\u0131 kimyevi maddenin cinsi ve dozaj\u0131, suyun pH\u2018\u0131 etkilemektedir. Biyochem M\u00fchendislik ar\u0131t\u0131lacak olan suyun i\u00e7erdi\u011fi arsenik miktar\u0131na &#8230; <a title=\"Arsenic Removal Systems\" class=\"read-more\" href=\"https:\/\/www.biyochem.com.tr\/en\/arsenik-giderim-sistemleri\/\" aria-label=\"Read more about Arsenik Giderim Sistemleri\">Read more<\/a><\/p>","protected":false},"author":1,"featured_media":0,"parent":0,"menu_order":0,"comment_status":"closed","ping_status":"closed","template":"","meta":{"footnotes":""},"class_list":["post-235","page","type-page","status-publish"],"yoast_head":"<!-- This site is optimized with the Yoast SEO plugin v24.2 - https:\/\/yoast.com\/wordpress\/plugins\/seo\/ -->\n<title>Arsenik Giderim Sistemleri | Biyochem M&uuml;hendislik<\/title>\n<meta name=\"description\" content=\"Suda arsenik giderimi i\u00e7in ters ozmos veya kompakt arsenik giderim sistemleri ile en uygun ar\u0131tma projesini haz\u0131rlay\u0131p maksimum d\u00fczeyde giderim sa\u011flamaktad\u0131r.\" \/>\n<meta name=\"robots\" content=\"index, follow, max-snippet:-1, max-image-preview:large, max-video-preview:-1\" \/>\n<link rel=\"canonical\" href=\"https:\/\/www.biyochem.com.tr\/en\/arsenik-giderim-sistemleri\/\" \/>\n<meta property=\"og:locale\" content=\"en_US\" \/>\n<meta property=\"og:type\" content=\"article\" \/>\n<meta property=\"og:title\" content=\"Arsenik Giderim Sistemleri | Biyochem M&uuml;hendislik\" \/>\n<meta property=\"og:description\" content=\"Suda arsenik giderimi i\u00e7in ters ozmos veya kompakt arsenik giderim sistemleri ile en uygun ar\u0131tma projesini haz\u0131rlay\u0131p maksimum d\u00fczeyde giderim sa\u011flamaktad\u0131r.\" \/>\n<meta property=\"og:url\" content=\"https:\/\/www.biyochem.com.tr\/en\/arsenik-giderim-sistemleri\/\" \/>\n<meta property=\"og:site_name\" content=\"Biyochem M&uuml;hendislik\" \/>\n<meta property=\"article:modified_time\" content=\"2021-07-07T16:01:13+00:00\" \/>\n<meta name=\"twitter:card\" content=\"summary_large_image\" \/>\n<meta name=\"twitter:label1\" content=\"Est. reading time\" \/>\n\t<meta name=\"twitter:data1\" content=\"1 minute\" \/>\n<script type=\"application\/ld+json\" class=\"yoast-schema-graph\">{\"@context\":\"https:\/\/schema.org\",\"@graph\":[{\"@type\":\"WebPage\",\"@id\":\"https:\/\/www.biyochem.com.tr\/en\/arsenik-giderim-sistemleri\/\",\"url\":\"https:\/\/www.biyochem.com.tr\/en\/arsenik-giderim-sistemleri\/\",\"name\":\"Arsenik Giderim Sistemleri | Biyochem M&uuml;hendislik\",\"isPartOf\":{\"@id\":\"https:\/\/www.biyochem.com.tr\/#website\"},\"datePublished\":\"2021-05-31T20:15:25+00:00\",\"dateModified\":\"2021-07-07T16:01:13+00:00\",\"description\":\"Suda arsenik giderimi i\u00e7in ters ozmos veya kompakt arsenik giderim sistemleri ile en uygun ar\u0131tma projesini haz\u0131rlay\u0131p maksimum d\u00fczeyde giderim sa\u011flamaktad\u0131r.\",\"breadcrumb\":{\"@id\":\"https:\/\/www.biyochem.com.tr\/en\/arsenik-giderim-sistemleri\/#breadcrumb\"},\"inLanguage\":\"en-US\",\"potentialAction\":[{\"@type\":\"ReadAction\",\"target\":[\"https:\/\/www.biyochem.com.tr\/en\/arsenik-giderim-sistemleri\/\"]}]},{\"@type\":\"BreadcrumbList\",\"@id\":\"https:\/\/www.biyochem.com.tr\/en\/arsenik-giderim-sistemleri\/#breadcrumb\",\"itemListElement\":[{\"@type\":\"ListItem\",\"position\":1,\"name\":\"Home\",\"item\":\"https:\/\/www.biyochem.com.tr\/\"},{\"@type\":\"ListItem\",\"position\":2,\"name\":\"Arsenik Giderim Sistemleri\"}]},{\"@type\":\"WebSite\",\"@id\":\"https:\/\/www.biyochem.com.tr\/#website\",\"url\":\"https:\/\/www.biyochem.com.tr\/\",\"name\":\"Biyochem M&uuml;hendislik\",\"description\":\"Su ar\u0131tma ve kimyasallar\u0131\",\"publisher\":{\"@id\":\"https:\/\/www.biyochem.com.tr\/#organization\"},\"potentialAction\":[{\"@type\":\"SearchAction\",\"target\":{\"@type\":\"EntryPoint\",\"urlTemplate\":\"https:\/\/www.biyochem.com.tr\/?s={search_term_string}\"},\"query-input\":{\"@type\":\"PropertyValueSpecification\",\"valueRequired\":true,\"valueName\":\"search_term_string\"}}],\"inLanguage\":\"en-US\"},{\"@type\":\"Organization\",\"@id\":\"https:\/\/www.biyochem.com.tr\/#organization\",\"name\":\"Biyochem M\u00fchendislik Su ar\u0131tma sistemleri ve kimyasallar\u0131\",\"url\":\"https:\/\/www.biyochem.com.tr\/\",\"logo\":{\"@type\":\"ImageObject\",\"inLanguage\":\"en-US\",\"@id\":\"https:\/\/www.biyochem.com.tr\/#\/schema\/logo\/image\/\",\"url\":\"https:\/\/www.biyochem.com.tr\/wp-content\/uploads\/2021\/05\/bc.png\",\"contentUrl\":\"https:\/\/www.biyochem.com.tr\/wp-content\/uploads\/2021\/05\/bc.png\",\"width\":433,\"height\":105,\"caption\":\"Biyochem M\u00fchendislik Su ar\u0131tma sistemleri ve kimyasallar\u0131\"},\"image\":{\"@id\":\"https:\/\/www.biyochem.com.tr\/#\/schema\/logo\/image\/\"}}]}<\/script>\n<!-- \/ Yoast SEO plugin. -->","yoast_head_json":{"title":"Arsenik Giderim Sistemleri | Biyochem M&uuml;hendislik","description":"Suda arsenik giderimi i\u00e7in ters ozmos veya kompakt arsenik giderim sistemleri ile en uygun ar\u0131tma projesini haz\u0131rlay\u0131p maksimum d\u00fczeyde giderim sa\u011flamaktad\u0131r.","robots":{"index":"index","follow":"follow","max-snippet":"max-snippet:-1","max-image-preview":"max-image-preview:large","max-video-preview":"max-video-preview:-1"},"canonical":"https:\/\/www.biyochem.com.tr\/en\/arsenik-giderim-sistemleri\/","og_locale":"en_US","og_type":"article","og_title":"Arsenik Giderim Sistemleri | Biyochem M&uuml;hendislik","og_description":"Suda arsenik giderimi i\u00e7in ters ozmos veya kompakt arsenik giderim sistemleri ile en uygun ar\u0131tma projesini haz\u0131rlay\u0131p maksimum d\u00fczeyde giderim sa\u011flamaktad\u0131r.","og_url":"https:\/\/www.biyochem.com.tr\/en\/arsenik-giderim-sistemleri\/","og_site_name":"Biyochem M&uuml;hendislik","article_modified_time":"2021-07-07T16:01:13+00:00","twitter_card":"summary_large_image","twitter_misc":{"Est. reading time":"1 minute"},"schema":{"@context":"https:\/\/schema.org","@graph":[{"@type":"WebPage","@id":"https:\/\/www.biyochem.com.tr\/en\/arsenik-giderim-sistemleri\/","url":"https:\/\/www.biyochem.com.tr\/en\/arsenik-giderim-sistemleri\/","name":"Arsenik Giderim Sistemleri | Biyochem M&uuml;hendislik","isPartOf":{"@id":"https:\/\/www.biyochem.com.tr\/#website"},"datePublished":"2021-05-31T20:15:25+00:00","dateModified":"2021-07-07T16:01:13+00:00","description":"Suda arsenik giderimi i\u00e7in ters ozmos veya kompakt arsenik giderim sistemleri ile en uygun ar\u0131tma projesini haz\u0131rlay\u0131p maksimum d\u00fczeyde giderim sa\u011flamaktad\u0131r.","breadcrumb":{"@id":"https:\/\/www.biyochem.com.tr\/en\/arsenik-giderim-sistemleri\/#breadcrumb"},"inLanguage":"en-US","potentialAction":[{"@type":"ReadAction","target":["https:\/\/www.biyochem.com.tr\/en\/arsenik-giderim-sistemleri\/"]}]},{"@type":"BreadcrumbList","@id":"https:\/\/www.biyochem.com.tr\/en\/arsenik-giderim-sistemleri\/#breadcrumb","itemListElement":[{"@type":"ListItem","position":1,"name":"Home","item":"https:\/\/www.biyochem.com.tr\/"},{"@type":"ListItem","position":2,"name":"Arsenik Giderim Sistemleri"}]},{"@type":"WebSite","@id":"https:\/\/www.biyochem.com.tr\/#website","url":"https:\/\/www.biyochem.com.tr\/","name":"Biyochem M&uuml;hendislik","description":"Su ar\u0131tma ve kimyasallar\u0131","publisher":{"@id":"https:\/\/www.biyochem.com.tr\/#organization"},"potentialAction":[{"@type":"SearchAction","target":{"@type":"EntryPoint","urlTemplate":"https:\/\/www.biyochem.com.tr\/?s={search_term_string}"},"query-input":{"@type":"PropertyValueSpecification","valueRequired":true,"valueName":"search_term_string"}}],"inLanguage":"en-US"},{"@type":"Organization","@id":"https:\/\/www.biyochem.com.tr\/#organization","name":"Biyochem M\u00fchendislik Su ar\u0131tma sistemleri ve kimyasallar\u0131","url":"https:\/\/www.biyochem.com.tr\/","logo":{"@type":"ImageObject","inLanguage":"en-US","@id":"https:\/\/www.biyochem.com.tr\/#\/schema\/logo\/image\/","url":"https:\/\/www.biyochem.com.tr\/wp-content\/uploads\/2021\/05\/bc.png","contentUrl":"https:\/\/www.biyochem.com.tr\/wp-content\/uploads\/2021\/05\/bc.png","width":433,"height":105,"caption":"Biyochem M\u00fchendislik Su ar\u0131tma sistemleri ve kimyasallar\u0131"},"image":{"@id":"https:\/\/www.biyochem.com.tr\/#\/schema\/logo\/image\/"}}]}},"_links":{"self":[{"href":"https:\/\/www.biyochem.com.tr\/en\/wp-json\/wp\/v2\/pages\/235","targetHints":{"allow":["GET"]}}],"collection":[{"href":"https:\/\/www.biyochem.com.tr\/en\/wp-json\/wp\/v2\/pages"}],"about":[{"href":"https:\/\/www.biyochem.com.tr\/en\/wp-json\/wp\/v2\/types\/page"}],"author":[{"embeddable":true,"href":"https:\/\/www.biyochem.com.tr\/en\/wp-json\/wp\/v2\/users\/1"}],"replies":[{"embeddable":true,"href":"https:\/\/www.biyochem.com.tr\/en\/wp-json\/wp\/v2\/comments?post=235"}],"version-history":[{"count":2,"href":"https:\/\/www.biyochem.com.tr\/en\/wp-json\/wp\/v2\/pages\/235\/revisions"}],"predecessor-version":[{"id":238,"href":"https:\/\/www.biyochem.com.tr\/en\/wp-json\/wp\/v2\/pages\/235\/revisions\/238"}],"wp:attachment":[{"href":"https:\/\/www.biyochem.com.tr\/en\/wp-json\/wp\/v2\/media?parent=235"}],"curies":[{"name":"wp","href":"https:\/\/api.w.org\/{rel}","templated":true}]}}