{"id":252,"date":"2021-06-01T08:31:06","date_gmt":"2021-06-01T08:31:06","guid":{"rendered":"https:\/\/www.biyochem.com.tr\/?page_id=252"},"modified":"2021-07-07T16:17:37","modified_gmt":"2021-07-07T16:17:37","slug":"ters-ozmoz-sistemleri","status":"publish","type":"page","link":"https:\/\/www.biyochem.com.tr\/en\/ters-ozmoz-sistemleri\/","title":{"rendered":"Reverse Osmosis Systems"},"content":{"rendered":"<div class=\"vce-row-container\" data-vce-boxed-width=\"true\"><div class=\"vce-row vce-row--col-gap-30 vce-row-equal-height vce-row-content--top\" id=\"el-639100dd\" data-vce-do-apply=\"all el-639100dd\"><div class=\"vce-row-content\" data-vce-element-content=\"true\"><div class=\"vce-col vce-col--md-auto vce-col--xs-1 vce-col--xs-last vce-col--xs-first vce-col--sm-last vce-col--sm-first vce-col--md-last vce-col--lg-last vce-col--xl-last vce-col--md-first vce-col--lg-first vce-col--xl-first\" id=\"el-91b734cb\"><div class=\"vce-col-inner\" data-vce-do-apply=\"border margin background  el-91b734cb\"><div class=\"vce-col-content\" data-vce-element-content=\"true\" data-vce-do-apply=\"padding el-91b734cb\"><div class=\"vce-google-fonts-heading vce-google-fonts-heading--align-left vce-google-fonts-heading--color-empty--45--5C00FF--FF7200 vce-google-fonts-heading--font-family-Lato\"><div class=\"vce-google-fonts-heading-wrapper\"><div class=\"vce-google-fonts-heading--background vce\" id=\"el-f3753394\" data-vce-do-apply=\"border background  padding margin el-f3753394\"><p class=\"vce-google-fonts-heading-inner\" style=\"font-weight: 400;\">Reverse Osmosis, commonly referred as RO, is a process where water is demineralised by flowing under pressure through a semi-permeable membrane. <\/p><\/div><\/div><\/div><div class=\"vce-text-block\"><div class=\"vce-text-block-wrapper vce\" id=\"el-f501b078\" data-vce-do-apply=\"all el-f501b078\"><p>The processes that may be required according to the state of the raw water before entering the Reverse Osmosis devices can be counted as acid dosing for pH adjustment, pre filtration, chlorine and organic matter removal, iron manganese removal, hardness removal, antiscalant dosing. Biochem Engineering provides you with the quality of water you want by including the systems deemed necessary according to the analysis of your water into the project.<\/p><\/div><\/div><\/div><\/div><\/div><\/div><\/div><\/div><div class=\"vce-row-container\" data-vce-boxed-width=\"true\"><div class=\"vce-row vce-row--col-gap-30 vce-row-equal-height vce-row-content--top\" id=\"el-b70bde0f\" data-vce-do-apply=\"all el-b70bde0f\"><div class=\"vce-content-background-container\"><\/div><div class=\"vce-row-content\" data-vce-element-content=\"true\"><div class=\"vce-col vce-col--md-auto vce-col--xs-1 vce-col--xs-last vce-col--xs-first vce-col--sm-last vce-col--sm-first vce-col--md-first vce-col--lg-first vce-col--xl-first\" id=\"el-29509a08\"><div class=\"vce-col-inner\" data-vce-do-apply=\"border margin background  el-29509a08\"><div class=\"vce-col-content\" data-vce-element-content=\"true\" data-vce-do-apply=\"padding el-29509a08\"><div class=\"vce-text-block\"><div class=\"vce-text-block-wrapper vce\" id=\"el-a4b0e87c\" data-vce-do-apply=\"all el-a4b0e87c\"><h6>Areas where reverse osmosis systems are used;<\/h6>\r\n<ul>\r\n<li>Drinking water treatment,<\/li>\r\n<li>Pure water production,<\/li>\r\n<li>Agricultural watering,<\/li>\r\n<li>Retrieval of wastewater,<\/li>\r\n<li>Energy industry (boiler feed water, cooling towers)<\/li>\r\n<li>Groundwater treatment,<\/li>\r\n<li>Hemodialysis water treatment,<\/li>\r\n<li>Sea water treatment<\/li>\r\n<li>Pharmacy,<\/li>\r\n<li>Food and beverage industry,<\/li>\r\n<li>Tourism industry \/ hotels,<\/li>\r\n<li>Dwelling,<\/li>\r\n<\/ul>\r\n<p>&nbsp;<\/p><\/div><\/div><\/div><\/div><\/div><div class=\"vce-col vce-col--md-auto vce-col--xs-1 vce-col--xs-last vce-col--xs-first vce-col--sm-last vce-col--sm-first vce-col--md-last vce-col--lg-last vce-col--xl-last\" id=\"el-66452347\"><div class=\"vce-col-inner\" data-vce-do-apply=\"border margin background  el-66452347\"><div class=\"vce-col-content\" data-vce-element-content=\"true\" data-vce-do-apply=\"padding el-66452347\"><div class=\"vce-single-image-container vce-single-image--align-left\"><div class=\"vce vce-single-image-wrapper\" id=\"el-924e95a1\" data-vce-do-apply=\"all el-924e95a1\"><figure><div class=\"vce-single-image-inner vce-single-image--absolute\" style=\"padding-bottom: 63.0165%; width: 484px;\"><img loading=\"lazy\" decoding=\"async\" class=\"vce-single-image vcv-lozad\" data-src=\"https:\/\/www.biyochem.com.tr\/wp-content\/uploads\/2021\/06\/to1.png\" width=\"484\" height=\"305\" src=\"\" data-img-src=\"https:\/\/www.biyochem.com.tr\/wp-content\/uploads\/2021\/06\/to1.png\" alt=\"\" title=\"to1\" \/><noscript>\r\n        <img loading=\"lazy\" decoding=\"async\" class=\"vce-single-image\" src=\"https:\/\/www.biyochem.com.tr\/wp-content\/uploads\/2021\/06\/to1.png\" width=\"484\" height=\"305\" alt=\"\" title=\"to1\" \/>\r\n      <\/noscript><\/div><figcaption hidden=\"\"><\/figcaption><\/figure><\/div><\/div><div class=\"vce-text-block\"><div class=\"vce-text-block-wrapper vce\" id=\"el-e6ba8fb8\" data-vce-do-apply=\"all el-e6ba8fb8\"><p>Optional epoxy painted carbon steel or stainless steel chassis<br>Food grade U-PVC piping,<br>Vertical shaft SS304 stainless high pressure pump,<br>IP56 Control Panel<br>Low Pressure Switch<br>Purified water conductivity indicator<br>Wastewater and treated water flow meters<br>Stainless waste adjustment valve<\/p><\/div><\/div><\/div><\/div><\/div><\/div><\/div><\/div><div class=\"vce-row-container\" data-vce-boxed-width=\"true\"><div class=\"vce-row vce-row--col-gap-30 vce-row-equal-height vce-row-content--top\" id=\"el-15fe7d82\" data-vce-do-apply=\"all el-15fe7d82\"><div class=\"vce-content-background-container\"><\/div><div class=\"vce-row-content\" data-vce-element-content=\"true\"><div class=\"vce-col vce-col--md-35-75p vce-col--xs-1 vce-col--xs-last vce-col--xs-first vce-col--sm-last vce-col--sm-first vce-col--md-first vce-col--lg-first vce-col--xl-first\" id=\"el-d043f8fa\"><div class=\"vce-col-inner\" data-vce-do-apply=\"border margin background  el-d043f8fa\"><div class=\"vce-col-content\" data-vce-element-content=\"true\" data-vce-do-apply=\"padding el-d043f8fa\"><div class=\"vce-single-image-container vce-single-image--align-center\"><div class=\"vce vce-single-image-wrapper\" id=\"el-9792308f\" data-vce-do-apply=\"all el-9792308f\"><figure><div class=\"vce-single-image-inner vce-single-image--absolute\" style=\"padding-bottom: 221.951%; width: 205px;\"><img loading=\"lazy\" decoding=\"async\" class=\"vce-single-image vcv-lozad\" data-src=\"https:\/\/www.biyochem.com.tr\/wp-content\/uploads\/2021\/06\/to2.png\" width=\"205\" height=\"455\" src=\"\" data-img-src=\"https:\/\/www.biyochem.com.tr\/wp-content\/uploads\/2021\/06\/to2.png\" alt=\"\" title=\"to2\" \/><noscript>\r\n        <img loading=\"lazy\" decoding=\"async\" class=\"vce-single-image\" src=\"https:\/\/www.biyochem.com.tr\/wp-content\/uploads\/2021\/06\/to2.png\" width=\"205\" height=\"455\" alt=\"\" title=\"to2\" \/>\r\n      <\/noscript><\/div><figcaption hidden=\"\"><\/figcaption><\/figure><\/div><\/div><\/div><\/div><\/div><div class=\"vce-col vce-col--md-64-25p vce-col--xs-1 vce-col--xs-last vce-col--xs-first vce-col--sm-last vce-col--sm-first vce-col--md-last vce-col--lg-last vce-col--xl-last\" id=\"el-6fb765f4\"><div class=\"vce-col-inner\" data-vce-do-apply=\"border margin background  el-6fb765f4\"><div class=\"vce-col-content\" data-vce-element-content=\"true\" data-vce-do-apply=\"padding el-6fb765f4\"><div class=\"vce-text-block\"><div class=\"vce-text-block-wrapper vce\" id=\"el-f7735259\" data-vce-do-apply=\"all el-f7735259\">\r\n<p>Our advantages;<br>Engineered and custom designed solutions for unique solutions<br>Turn-key solutions including design, engineering, manufacturing, automation, installation, maintenance and training.<br>State-of-art technologies for effective water and wastewater treatment, recycling, reuse, and disposal.<br>Best on-line assistance and on-site service and support.<\/p>\r\n<\/div><\/div><\/div><\/div><\/div><\/div><\/div><\/div><div class=\"vce-row-container\" data-vce-boxed-width=\"true\"><div class=\"vce-row vce-row--col-gap-30 vce-row-equal-height vce-row-content--top\" id=\"el-246ff90b\" data-vce-do-apply=\"all el-246ff90b\"><div class=\"vce-row-content\" data-vce-element-content=\"true\"><div class=\"vce-col vce-col--md-auto vce-col--xs-1 vce-col--xs-last vce-col--xs-first vce-col--sm-last vce-col--sm-first vce-col--md-last vce-col--lg-last vce-col--xl-last vce-col--md-first vce-col--lg-first vce-col--xl-first\" id=\"el-4d86b571\"><div class=\"vce-col-inner\" data-vce-do-apply=\"border margin background  el-4d86b571\"><div class=\"vce-col-content\" data-vce-element-content=\"true\" data-vce-do-apply=\"padding el-4d86b571\"><\/div><\/div><\/div><\/div><\/div><\/div>","protected":false},"excerpt":{"rendered":"<p>Genel olarak RO olarak adland\u0131r\u0131lan Ters Ozmoz, suyun yar\u0131 ge\u00e7irgen bir membrandan bas\u0131n\u00e7 alt\u0131nda akarak demineralize edildi\u011fi bir s\u00fcre\u00e7tir. Ters Ozmoz cihazlar\u0131na giri\u015ften \u00f6nce ham suyun durumuna g\u00f6re gerekli olabilecek i\u015flemler, pH ayar\u0131 i\u00e7in asit dozlama, \u00f6n filtrasyon, klor ve organik madde giderme, demir-mangan giderme, sertlik giderme, antiskalant dozlama olarak say\u0131labilir. Biyochem M\u00fchendislik suyunuzun tahliline &#8230; <a title=\"Reverse Osmosis Systems\" class=\"read-more\" href=\"https:\/\/www.biyochem.com.tr\/en\/ters-ozmoz-sistemleri\/\" aria-label=\"Read more about Ters Ozmoz Sistemleri\">Read more<\/a><\/p>","protected":false},"author":1,"featured_media":0,"parent":0,"menu_order":0,"comment_status":"closed","ping_status":"closed","template":"","meta":{"footnotes":""},"class_list":["post-252","page","type-page","status-publish"],"yoast_head":"<!-- This site is optimized with the Yoast SEO plugin v24.2 - https:\/\/yoast.com\/wordpress\/plugins\/seo\/ -->\n<title>Ters Ozmoz Sistemleri | Biyochem M&uuml;hendislik<\/title>\n<meta name=\"description\" content=\"Ters ozmoz nedir? Ters ozmoz su ar\u0131tma y\u00f6ntemlerinden birisidir. Devam\u0131 i\u00e7in sitemizi ziyaret edin. Ters ozmoz su ar\u0131tma , ters ozmoz membran\" \/>\n<meta name=\"robots\" content=\"index, follow, max-snippet:-1, max-image-preview:large, max-video-preview:-1\" \/>\n<link rel=\"canonical\" href=\"https:\/\/www.biyochem.com.tr\/en\/ters-ozmoz-sistemleri\/\" \/>\n<meta property=\"og:locale\" content=\"en_US\" \/>\n<meta property=\"og:type\" content=\"article\" \/>\n<meta property=\"og:title\" content=\"Ters Ozmoz Sistemleri | Biyochem M&uuml;hendislik\" \/>\n<meta property=\"og:description\" content=\"Ters ozmoz nedir? Ters ozmoz su ar\u0131tma y\u00f6ntemlerinden birisidir. Devam\u0131 i\u00e7in sitemizi ziyaret edin. Ters ozmoz su ar\u0131tma , ters ozmoz membran\" \/>\n<meta property=\"og:url\" content=\"https:\/\/www.biyochem.com.tr\/en\/ters-ozmoz-sistemleri\/\" \/>\n<meta property=\"og:site_name\" content=\"Biyochem M&uuml;hendislik\" \/>\n<meta property=\"article:modified_time\" content=\"2021-07-07T16:17:37+00:00\" \/>\n<meta name=\"twitter:card\" content=\"summary_large_image\" \/>\n<meta name=\"twitter:label1\" content=\"Est. reading time\" \/>\n\t<meta name=\"twitter:data1\" content=\"1 minute\" \/>\n<script type=\"application\/ld+json\" class=\"yoast-schema-graph\">{\"@context\":\"https:\/\/schema.org\",\"@graph\":[{\"@type\":\"WebPage\",\"@id\":\"https:\/\/www.biyochem.com.tr\/en\/ters-ozmoz-sistemleri\/\",\"url\":\"https:\/\/www.biyochem.com.tr\/en\/ters-ozmoz-sistemleri\/\",\"name\":\"Ters Ozmoz Sistemleri | Biyochem M&uuml;hendislik\",\"isPartOf\":{\"@id\":\"https:\/\/www.biyochem.com.tr\/#website\"},\"datePublished\":\"2021-06-01T08:31:06+00:00\",\"dateModified\":\"2021-07-07T16:17:37+00:00\",\"description\":\"Ters ozmoz nedir? Ters ozmoz su ar\u0131tma y\u00f6ntemlerinden birisidir. Devam\u0131 i\u00e7in sitemizi ziyaret edin. Ters ozmoz su ar\u0131tma , ters ozmoz membran\",\"breadcrumb\":{\"@id\":\"https:\/\/www.biyochem.com.tr\/en\/ters-ozmoz-sistemleri\/#breadcrumb\"},\"inLanguage\":\"en-US\",\"potentialAction\":[{\"@type\":\"ReadAction\",\"target\":[\"https:\/\/www.biyochem.com.tr\/en\/ters-ozmoz-sistemleri\/\"]}]},{\"@type\":\"BreadcrumbList\",\"@id\":\"https:\/\/www.biyochem.com.tr\/en\/ters-ozmoz-sistemleri\/#breadcrumb\",\"itemListElement\":[{\"@type\":\"ListItem\",\"position\":1,\"name\":\"Home\",\"item\":\"https:\/\/www.biyochem.com.tr\/\"},{\"@type\":\"ListItem\",\"position\":2,\"name\":\"Ters Ozmoz Sistemleri\"}]},{\"@type\":\"WebSite\",\"@id\":\"https:\/\/www.biyochem.com.tr\/#website\",\"url\":\"https:\/\/www.biyochem.com.tr\/\",\"name\":\"Biyochem M&uuml;hendislik\",\"description\":\"Su ar\u0131tma ve kimyasallar\u0131\",\"publisher\":{\"@id\":\"https:\/\/www.biyochem.com.tr\/#organization\"},\"potentialAction\":[{\"@type\":\"SearchAction\",\"target\":{\"@type\":\"EntryPoint\",\"urlTemplate\":\"https:\/\/www.biyochem.com.tr\/?s={search_term_string}\"},\"query-input\":{\"@type\":\"PropertyValueSpecification\",\"valueRequired\":true,\"valueName\":\"search_term_string\"}}],\"inLanguage\":\"en-US\"},{\"@type\":\"Organization\",\"@id\":\"https:\/\/www.biyochem.com.tr\/#organization\",\"name\":\"Biyochem M\u00fchendislik Su ar\u0131tma sistemleri ve kimyasallar\u0131\",\"url\":\"https:\/\/www.biyochem.com.tr\/\",\"logo\":{\"@type\":\"ImageObject\",\"inLanguage\":\"en-US\",\"@id\":\"https:\/\/www.biyochem.com.tr\/#\/schema\/logo\/image\/\",\"url\":\"https:\/\/www.biyochem.com.tr\/wp-content\/uploads\/2021\/05\/bc.png\",\"contentUrl\":\"https:\/\/www.biyochem.com.tr\/wp-content\/uploads\/2021\/05\/bc.png\",\"width\":433,\"height\":105,\"caption\":\"Biyochem M\u00fchendislik Su ar\u0131tma sistemleri ve kimyasallar\u0131\"},\"image\":{\"@id\":\"https:\/\/www.biyochem.com.tr\/#\/schema\/logo\/image\/\"}}]}<\/script>\n<!-- \/ Yoast SEO plugin. -->","yoast_head_json":{"title":"Ters Ozmoz Sistemleri | Biyochem M&uuml;hendislik","description":"Ters ozmoz nedir? Ters ozmoz su ar\u0131tma y\u00f6ntemlerinden birisidir. Devam\u0131 i\u00e7in sitemizi ziyaret edin. Ters ozmoz su ar\u0131tma , ters ozmoz membran","robots":{"index":"index","follow":"follow","max-snippet":"max-snippet:-1","max-image-preview":"max-image-preview:large","max-video-preview":"max-video-preview:-1"},"canonical":"https:\/\/www.biyochem.com.tr\/en\/ters-ozmoz-sistemleri\/","og_locale":"en_US","og_type":"article","og_title":"Ters Ozmoz Sistemleri | Biyochem M&uuml;hendislik","og_description":"Ters ozmoz nedir? Ters ozmoz su ar\u0131tma y\u00f6ntemlerinden birisidir. Devam\u0131 i\u00e7in sitemizi ziyaret edin. Ters ozmoz su ar\u0131tma , ters ozmoz membran","og_url":"https:\/\/www.biyochem.com.tr\/en\/ters-ozmoz-sistemleri\/","og_site_name":"Biyochem M&uuml;hendislik","article_modified_time":"2021-07-07T16:17:37+00:00","twitter_card":"summary_large_image","twitter_misc":{"Est. reading time":"1 minute"},"schema":{"@context":"https:\/\/schema.org","@graph":[{"@type":"WebPage","@id":"https:\/\/www.biyochem.com.tr\/en\/ters-ozmoz-sistemleri\/","url":"https:\/\/www.biyochem.com.tr\/en\/ters-ozmoz-sistemleri\/","name":"Ters Ozmoz Sistemleri | Biyochem M&uuml;hendislik","isPartOf":{"@id":"https:\/\/www.biyochem.com.tr\/#website"},"datePublished":"2021-06-01T08:31:06+00:00","dateModified":"2021-07-07T16:17:37+00:00","description":"Ters ozmoz nedir? Ters ozmoz su ar\u0131tma y\u00f6ntemlerinden birisidir. Devam\u0131 i\u00e7in sitemizi ziyaret edin. Ters ozmoz su ar\u0131tma , ters ozmoz membran","breadcrumb":{"@id":"https:\/\/www.biyochem.com.tr\/en\/ters-ozmoz-sistemleri\/#breadcrumb"},"inLanguage":"en-US","potentialAction":[{"@type":"ReadAction","target":["https:\/\/www.biyochem.com.tr\/en\/ters-ozmoz-sistemleri\/"]}]},{"@type":"BreadcrumbList","@id":"https:\/\/www.biyochem.com.tr\/en\/ters-ozmoz-sistemleri\/#breadcrumb","itemListElement":[{"@type":"ListItem","position":1,"name":"Home","item":"https:\/\/www.biyochem.com.tr\/"},{"@type":"ListItem","position":2,"name":"Ters Ozmoz Sistemleri"}]},{"@type":"WebSite","@id":"https:\/\/www.biyochem.com.tr\/#website","url":"https:\/\/www.biyochem.com.tr\/","name":"Biyochem M&uuml;hendislik","description":"Su ar\u0131tma ve kimyasallar\u0131","publisher":{"@id":"https:\/\/www.biyochem.com.tr\/#organization"},"potentialAction":[{"@type":"SearchAction","target":{"@type":"EntryPoint","urlTemplate":"https:\/\/www.biyochem.com.tr\/?s={search_term_string}"},"query-input":{"@type":"PropertyValueSpecification","valueRequired":true,"valueName":"search_term_string"}}],"inLanguage":"en-US"},{"@type":"Organization","@id":"https:\/\/www.biyochem.com.tr\/#organization","name":"Biyochem M\u00fchendislik Su ar\u0131tma sistemleri ve kimyasallar\u0131","url":"https:\/\/www.biyochem.com.tr\/","logo":{"@type":"ImageObject","inLanguage":"en-US","@id":"https:\/\/www.biyochem.com.tr\/#\/schema\/logo\/image\/","url":"https:\/\/www.biyochem.com.tr\/wp-content\/uploads\/2021\/05\/bc.png","contentUrl":"https:\/\/www.biyochem.com.tr\/wp-content\/uploads\/2021\/05\/bc.png","width":433,"height":105,"caption":"Biyochem M\u00fchendislik Su ar\u0131tma sistemleri ve kimyasallar\u0131"},"image":{"@id":"https:\/\/www.biyochem.com.tr\/#\/schema\/logo\/image\/"}}]}},"_links":{"self":[{"href":"https:\/\/www.biyochem.com.tr\/en\/wp-json\/wp\/v2\/pages\/252","targetHints":{"allow":["GET"]}}],"collection":[{"href":"https:\/\/www.biyochem.com.tr\/en\/wp-json\/wp\/v2\/pages"}],"about":[{"href":"https:\/\/www.biyochem.com.tr\/en\/wp-json\/wp\/v2\/types\/page"}],"author":[{"embeddable":true,"href":"https:\/\/www.biyochem.com.tr\/en\/wp-json\/wp\/v2\/users\/1"}],"replies":[{"embeddable":true,"href":"https:\/\/www.biyochem.com.tr\/en\/wp-json\/wp\/v2\/comments?post=252"}],"version-history":[{"count":4,"href":"https:\/\/www.biyochem.com.tr\/en\/wp-json\/wp\/v2\/pages\/252\/revisions"}],"predecessor-version":[{"id":257,"href":"https:\/\/www.biyochem.com.tr\/en\/wp-json\/wp\/v2\/pages\/252\/revisions\/257"}],"wp:attachment":[{"href":"https:\/\/www.biyochem.com.tr\/en\/wp-json\/wp\/v2\/media?parent=252"}],"curies":[{"name":"wp","href":"https:\/\/api.w.org\/{rel}","templated":true}]}}