{"id":258,"date":"2021-06-01T10:20:16","date_gmt":"2021-06-01T10:20:16","guid":{"rendered":"https:\/\/www.biyochem.com.tr\/?page_id=258"},"modified":"2021-06-01T10:23:48","modified_gmt":"2021-06-01T10:23:48","slug":"dolomit-filtre-sistemleri","status":"publish","type":"page","link":"https:\/\/www.biyochem.com.tr\/en\/dolomit-filtre-sistemleri\/","title":{"rendered":"Remineralise Systems"},"content":{"rendered":"<div class=\"vce-row-container\" data-vce-boxed-width=\"true\"><div class=\"vce-row vce-row--col-gap-30 vce-row-equal-height vce-row-content--top\" id=\"el-eac88711\" data-vce-do-apply=\"all el-eac88711\"><div class=\"vce-content-background-container\"><\/div><div class=\"vce-row-content\" data-vce-element-content=\"true\"><div class=\"vce-col vce-col--md-auto vce-col--xs-1 vce-col--xs-last vce-col--xs-first vce-col--sm-last vce-col--sm-first vce-col--md-last vce-col--lg-last vce-col--xl-last vce-col--md-first vce-col--lg-first vce-col--xl-first\" id=\"el-d4eecf88\"><div class=\"vce-col-inner\" data-vce-do-apply=\"border margin background  el-d4eecf88\"><div class=\"vce-col-content\" data-vce-element-content=\"true\" data-vce-do-apply=\"padding el-d4eecf88\"><div class=\"vce-text-block\"><div class=\"vce-text-block-wrapper vce\" id=\"el-383805dd\" data-vce-do-apply=\"all el-383805dd\"><p>It is used to increase the pH value of the water treated after the reverse osmosis system and to gain minerals that are beneficial for human health.<\/p><\/div><\/div><div class=\"vce-text-block\"><div class=\"vce-text-block-wrapper vce\" id=\"el-6c22d7cf\" data-vce-do-apply=\"all el-6c22d7cf\"><p>Low mineralized water have few adverse effects:<br>- High corrosion potential<br>- Dietary deficiency causing risks of ischaemic heart and cerebrovascular disease (WHO, 2005a; WHO, 2006; Cotruvo, 2006)<\/p><\/div><\/div><\/div><\/div><\/div><\/div><\/div><\/div><div class=\"vce-row-container\" data-vce-boxed-width=\"true\"><div class=\"vce-row vce-row--col-gap-30 vce-row-equal-height vce-row-content--top\" id=\"el-02828253\" data-vce-do-apply=\"all el-02828253\"><div class=\"vce-row-content\" data-vce-element-content=\"true\"><div class=\"vce-col vce-col--md-auto vce-col--xs-1 vce-col--xs-last vce-col--xs-first vce-col--sm-last vce-col--sm-first vce-col--md-last vce-col--lg-last vce-col--xl-last vce-col--md-first vce-col--lg-first vce-col--xl-first\" id=\"el-f4ac862e\"><div class=\"vce-col-inner\" data-vce-do-apply=\"border margin background  el-f4ac862e\"><div class=\"vce-col-content\" data-vce-element-content=\"true\" data-vce-do-apply=\"padding el-f4ac862e\"><\/div><\/div><\/div><\/div><\/div><\/div><div class=\"vce-row-container\" data-vce-boxed-width=\"true\"><div class=\"vce-row vce-row--col-gap-30 vce-row-equal-height vce-row-content--top\" id=\"el-fbf1eb3b\" data-vce-do-apply=\"all el-fbf1eb3b\"><div class=\"vce-row-content\" data-vce-element-content=\"true\"><div class=\"vce-col vce-col--md-auto vce-col--xs-1 vce-col--xs-last vce-col--xs-first vce-col--sm-last vce-col--sm-first vce-col--md-last vce-col--lg-last vce-col--xl-last vce-col--md-first vce-col--lg-first vce-col--xl-first\" id=\"el-4b8baec0\"><div class=\"vce-col-inner\" data-vce-do-apply=\"border margin background  el-4b8baec0\"><div class=\"vce-col-content\" data-vce-element-content=\"true\" data-vce-do-apply=\"padding el-4b8baec0\"><\/div><\/div><\/div><\/div><\/div><\/div>","protected":false},"excerpt":{"rendered":"<p>Ters ozmos sistemi sonras\u0131nda ar\u0131t\u0131lm\u0131\u015f olan suyun pH de\u011ferini y\u00fckseltmek ve insan sa\u011fl\u0131\u011f\u0131na faydal\u0131 olan mineralleri kazand\u0131rmak i\u00e7in kullan\u0131lmaktad\u0131r.D\u00fc\u015f\u00fck mineralli suyun birka\u00e7 yan etkisi vard\u0131r:- Y\u00fcksek korozyon potansiyeli- Kemik, kalp ve serebrovask\u00fcler hastal\u0131k riskine neden olan beslenme yetersizli\u011fi (WHO, 2005a; WHO, 2006; Cotruvo, 2006)<\/p>","protected":false},"author":1,"featured_media":0,"parent":0,"menu_order":0,"comment_status":"closed","ping_status":"closed","template":"","meta":{"footnotes":""},"class_list":["post-258","page","type-page","status-publish"],"yoast_head":"<!-- This site is optimized with the Yoast SEO plugin v24.2 - https:\/\/yoast.com\/wordpress\/plugins\/seo\/ -->\n<title>Dolomit Filtre Sistemleri | Biyochem M&uuml;hendislik<\/title>\n<meta name=\"description\" content=\"Dolomit filtre sistemi, ters ozmos sistemi sonras\u0131nda ar\u0131t\u0131lm\u0131\u015f olan suyun pH de\u011ferini y\u00fckseltmek ve insan sa\u011fl\u0131\u011f\u0131na faydal\u0131 olan mineralleri kazand\u0131rmak i\u00e7in kullan\u0131lmaktad\u0131r.\" \/>\n<meta name=\"robots\" content=\"index, follow, max-snippet:-1, max-image-preview:large, max-video-preview:-1\" \/>\n<link rel=\"canonical\" href=\"https:\/\/www.biyochem.com.tr\/en\/dolomit-filtre-sistemleri\/\" \/>\n<meta property=\"og:locale\" content=\"en_US\" \/>\n<meta property=\"og:type\" content=\"article\" \/>\n<meta property=\"og:title\" content=\"Dolomit Filtre Sistemleri | Biyochem M&uuml;hendislik\" \/>\n<meta property=\"og:description\" content=\"Dolomit filtre sistemi, ters ozmos sistemi sonras\u0131nda ar\u0131t\u0131lm\u0131\u015f olan suyun pH de\u011ferini y\u00fckseltmek ve insan sa\u011fl\u0131\u011f\u0131na faydal\u0131 olan mineralleri kazand\u0131rmak i\u00e7in kullan\u0131lmaktad\u0131r.\" \/>\n<meta property=\"og:url\" content=\"https:\/\/www.biyochem.com.tr\/en\/dolomit-filtre-sistemleri\/\" \/>\n<meta property=\"og:site_name\" content=\"Biyochem M&uuml;hendislik\" \/>\n<meta property=\"article:modified_time\" content=\"2021-06-01T10:23:48+00:00\" \/>\n<meta name=\"twitter:card\" content=\"summary_large_image\" \/>\n<script type=\"application\/ld+json\" class=\"yoast-schema-graph\">{\"@context\":\"https:\/\/schema.org\",\"@graph\":[{\"@type\":\"WebPage\",\"@id\":\"https:\/\/www.biyochem.com.tr\/en\/dolomit-filtre-sistemleri\/\",\"url\":\"https:\/\/www.biyochem.com.tr\/en\/dolomit-filtre-sistemleri\/\",\"name\":\"Dolomit Filtre Sistemleri | Biyochem M&uuml;hendislik\",\"isPartOf\":{\"@id\":\"https:\/\/www.biyochem.com.tr\/#website\"},\"datePublished\":\"2021-06-01T10:20:16+00:00\",\"dateModified\":\"2021-06-01T10:23:48+00:00\",\"description\":\"Dolomit filtre sistemi, ters ozmos sistemi sonras\u0131nda ar\u0131t\u0131lm\u0131\u015f olan suyun pH de\u011ferini y\u00fckseltmek ve insan sa\u011fl\u0131\u011f\u0131na faydal\u0131 olan mineralleri kazand\u0131rmak i\u00e7in kullan\u0131lmaktad\u0131r.\",\"breadcrumb\":{\"@id\":\"https:\/\/www.biyochem.com.tr\/en\/dolomit-filtre-sistemleri\/#breadcrumb\"},\"inLanguage\":\"en-US\",\"potentialAction\":[{\"@type\":\"ReadAction\",\"target\":[\"https:\/\/www.biyochem.com.tr\/en\/dolomit-filtre-sistemleri\/\"]}]},{\"@type\":\"BreadcrumbList\",\"@id\":\"https:\/\/www.biyochem.com.tr\/en\/dolomit-filtre-sistemleri\/#breadcrumb\",\"itemListElement\":[{\"@type\":\"ListItem\",\"position\":1,\"name\":\"Home\",\"item\":\"https:\/\/www.biyochem.com.tr\/\"},{\"@type\":\"ListItem\",\"position\":2,\"name\":\"Dolomit Filtre Sistemleri\"}]},{\"@type\":\"WebSite\",\"@id\":\"https:\/\/www.biyochem.com.tr\/#website\",\"url\":\"https:\/\/www.biyochem.com.tr\/\",\"name\":\"Biyochem M&uuml;hendislik\",\"description\":\"Su ar\u0131tma ve kimyasallar\u0131\",\"publisher\":{\"@id\":\"https:\/\/www.biyochem.com.tr\/#organization\"},\"potentialAction\":[{\"@type\":\"SearchAction\",\"target\":{\"@type\":\"EntryPoint\",\"urlTemplate\":\"https:\/\/www.biyochem.com.tr\/?s={search_term_string}\"},\"query-input\":{\"@type\":\"PropertyValueSpecification\",\"valueRequired\":true,\"valueName\":\"search_term_string\"}}],\"inLanguage\":\"en-US\"},{\"@type\":\"Organization\",\"@id\":\"https:\/\/www.biyochem.com.tr\/#organization\",\"name\":\"Biyochem M\u00fchendislik Su ar\u0131tma sistemleri ve kimyasallar\u0131\",\"url\":\"https:\/\/www.biyochem.com.tr\/\",\"logo\":{\"@type\":\"ImageObject\",\"inLanguage\":\"en-US\",\"@id\":\"https:\/\/www.biyochem.com.tr\/#\/schema\/logo\/image\/\",\"url\":\"https:\/\/www.biyochem.com.tr\/wp-content\/uploads\/2021\/05\/bc.png\",\"contentUrl\":\"https:\/\/www.biyochem.com.tr\/wp-content\/uploads\/2021\/05\/bc.png\",\"width\":433,\"height\":105,\"caption\":\"Biyochem M\u00fchendislik Su ar\u0131tma sistemleri ve kimyasallar\u0131\"},\"image\":{\"@id\":\"https:\/\/www.biyochem.com.tr\/#\/schema\/logo\/image\/\"}}]}<\/script>\n<!-- \/ Yoast SEO plugin. -->","yoast_head_json":{"title":"Dolomit Filtre Sistemleri | Biyochem M&uuml;hendislik","description":"Dolomit filtre sistemi, ters ozmos sistemi sonras\u0131nda ar\u0131t\u0131lm\u0131\u015f olan suyun pH de\u011ferini y\u00fckseltmek ve insan sa\u011fl\u0131\u011f\u0131na faydal\u0131 olan mineralleri kazand\u0131rmak i\u00e7in kullan\u0131lmaktad\u0131r.","robots":{"index":"index","follow":"follow","max-snippet":"max-snippet:-1","max-image-preview":"max-image-preview:large","max-video-preview":"max-video-preview:-1"},"canonical":"https:\/\/www.biyochem.com.tr\/en\/dolomit-filtre-sistemleri\/","og_locale":"en_US","og_type":"article","og_title":"Dolomit Filtre Sistemleri | Biyochem M&uuml;hendislik","og_description":"Dolomit filtre sistemi, ters ozmos sistemi sonras\u0131nda ar\u0131t\u0131lm\u0131\u015f olan suyun pH de\u011ferini y\u00fckseltmek ve insan sa\u011fl\u0131\u011f\u0131na faydal\u0131 olan mineralleri kazand\u0131rmak i\u00e7in kullan\u0131lmaktad\u0131r.","og_url":"https:\/\/www.biyochem.com.tr\/en\/dolomit-filtre-sistemleri\/","og_site_name":"Biyochem M&uuml;hendislik","article_modified_time":"2021-06-01T10:23:48+00:00","twitter_card":"summary_large_image","schema":{"@context":"https:\/\/schema.org","@graph":[{"@type":"WebPage","@id":"https:\/\/www.biyochem.com.tr\/en\/dolomit-filtre-sistemleri\/","url":"https:\/\/www.biyochem.com.tr\/en\/dolomit-filtre-sistemleri\/","name":"Dolomit Filtre Sistemleri | Biyochem M&uuml;hendislik","isPartOf":{"@id":"https:\/\/www.biyochem.com.tr\/#website"},"datePublished":"2021-06-01T10:20:16+00:00","dateModified":"2021-06-01T10:23:48+00:00","description":"Dolomit filtre sistemi, ters ozmos sistemi sonras\u0131nda ar\u0131t\u0131lm\u0131\u015f olan suyun pH de\u011ferini y\u00fckseltmek ve insan sa\u011fl\u0131\u011f\u0131na faydal\u0131 olan mineralleri kazand\u0131rmak i\u00e7in kullan\u0131lmaktad\u0131r.","breadcrumb":{"@id":"https:\/\/www.biyochem.com.tr\/en\/dolomit-filtre-sistemleri\/#breadcrumb"},"inLanguage":"en-US","potentialAction":[{"@type":"ReadAction","target":["https:\/\/www.biyochem.com.tr\/en\/dolomit-filtre-sistemleri\/"]}]},{"@type":"BreadcrumbList","@id":"https:\/\/www.biyochem.com.tr\/en\/dolomit-filtre-sistemleri\/#breadcrumb","itemListElement":[{"@type":"ListItem","position":1,"name":"Home","item":"https:\/\/www.biyochem.com.tr\/"},{"@type":"ListItem","position":2,"name":"Dolomit Filtre Sistemleri"}]},{"@type":"WebSite","@id":"https:\/\/www.biyochem.com.tr\/#website","url":"https:\/\/www.biyochem.com.tr\/","name":"Biyochem M&uuml;hendislik","description":"Su ar\u0131tma ve kimyasallar\u0131","publisher":{"@id":"https:\/\/www.biyochem.com.tr\/#organization"},"potentialAction":[{"@type":"SearchAction","target":{"@type":"EntryPoint","urlTemplate":"https:\/\/www.biyochem.com.tr\/?s={search_term_string}"},"query-input":{"@type":"PropertyValueSpecification","valueRequired":true,"valueName":"search_term_string"}}],"inLanguage":"en-US"},{"@type":"Organization","@id":"https:\/\/www.biyochem.com.tr\/#organization","name":"Biyochem M\u00fchendislik Su ar\u0131tma sistemleri ve kimyasallar\u0131","url":"https:\/\/www.biyochem.com.tr\/","logo":{"@type":"ImageObject","inLanguage":"en-US","@id":"https:\/\/www.biyochem.com.tr\/#\/schema\/logo\/image\/","url":"https:\/\/www.biyochem.com.tr\/wp-content\/uploads\/2021\/05\/bc.png","contentUrl":"https:\/\/www.biyochem.com.tr\/wp-content\/uploads\/2021\/05\/bc.png","width":433,"height":105,"caption":"Biyochem M\u00fchendislik Su ar\u0131tma sistemleri ve kimyasallar\u0131"},"image":{"@id":"https:\/\/www.biyochem.com.tr\/#\/schema\/logo\/image\/"}}]}},"_links":{"self":[{"href":"https:\/\/www.biyochem.com.tr\/en\/wp-json\/wp\/v2\/pages\/258","targetHints":{"allow":["GET"]}}],"collection":[{"href":"https:\/\/www.biyochem.com.tr\/en\/wp-json\/wp\/v2\/pages"}],"about":[{"href":"https:\/\/www.biyochem.com.tr\/en\/wp-json\/wp\/v2\/types\/page"}],"author":[{"embeddable":true,"href":"https:\/\/www.biyochem.com.tr\/en\/wp-json\/wp\/v2\/users\/1"}],"replies":[{"embeddable":true,"href":"https:\/\/www.biyochem.com.tr\/en\/wp-json\/wp\/v2\/comments?post=258"}],"version-history":[{"count":3,"href":"https:\/\/www.biyochem.com.tr\/en\/wp-json\/wp\/v2\/pages\/258\/revisions"}],"predecessor-version":[{"id":261,"href":"https:\/\/www.biyochem.com.tr\/en\/wp-json\/wp\/v2\/pages\/258\/revisions\/261"}],"wp:attachment":[{"href":"https:\/\/www.biyochem.com.tr\/en\/wp-json\/wp\/v2\/media?parent=258"}],"curies":[{"name":"wp","href":"https:\/\/api.w.org\/{rel}","templated":true}]}}