{"id":264,"date":"2021-06-01T10:49:54","date_gmt":"2021-06-01T10:49:54","guid":{"rendered":"https:\/\/www.biyochem.com.tr\/?page_id=264"},"modified":"2021-06-01T11:01:08","modified_gmt":"2021-06-01T11:01:08","slug":"ultraviyole-dezenfeksiyon-yontemleri","status":"publish","type":"page","link":"https:\/\/www.biyochem.com.tr\/en\/ultraviyole-dezenfeksiyon-yontemleri\/","title":{"rendered":"Ultraviolet Disinfection Methods"},"content":{"rendered":"<div class=\"vce-row-container\" data-vce-boxed-width=\"true\"><div class=\"vce-row vce-row--col-gap-30 vce-row-equal-height vce-row-content--top\" id=\"el-412918b0\" data-vce-do-apply=\"all el-412918b0\"><div class=\"vce-content-background-container\"><\/div><div class=\"vce-row-content\" data-vce-element-content=\"true\"><div class=\"vce-col vce-col--md-auto vce-col--xs-1 vce-col--xs-last vce-col--xs-first vce-col--sm-last vce-col--sm-first vce-col--md-first vce-col--lg-first vce-col--xl-first\" id=\"el-8c91f6df\"><div class=\"vce-col-inner\" data-vce-do-apply=\"border margin background  el-8c91f6df\"><div class=\"vce-col-content\" data-vce-element-content=\"true\" data-vce-do-apply=\"padding el-8c91f6df\"><div class=\"vce-text-block\"><div class=\"vce-text-block-wrapper vce\" id=\"el-81a50495\" data-vce-do-apply=\"all el-81a50495\">\n<p>Thanks to UV rays, possible microbial contamination in water is eliminated by 99.9%.<\/p>\n\n\n\n<p>Usage areas;<br>Pharmaceuticals<br>\u2022 Drinking water industry<br>\u2022 Catering<br>\u2022 Food and beverage production<br>\u2022 Swimming and leisure industry<br>\u2022 Waste water treatment industry<\/p>\n<\/div><\/div><\/div><\/div><\/div><div class=\"vce-col vce-col--md-auto vce-col--xs-1 vce-col--xs-last vce-col--xs-first vce-col--sm-last vce-col--sm-first vce-col--md-last vce-col--lg-last vce-col--xl-last\" id=\"el-0d8fa5fa\"><div class=\"vce-col-inner\" data-vce-do-apply=\"border margin background  el-0d8fa5fa\"><div class=\"vce-col-content\" data-vce-element-content=\"true\" data-vce-do-apply=\"padding el-0d8fa5fa\"><div class=\"vce-single-image-container vce-single-image--align-left\"><div class=\"vce vce-single-image-wrapper\" id=\"el-cc77272a\" data-vce-do-apply=\"all el-cc77272a\"><figure><div class=\"vce-single-image-inner vce-single-image--absolute\" style=\"padding-bottom: 51.0526%; width: 570px;\"><img loading=\"lazy\" decoding=\"async\" class=\"vce-single-image vcv-lozad\" data-src=\"https:\/\/www.biyochem.com.tr\/wp-content\/uploads\/2021\/06\/uv.png\" width=\"570\" height=\"291\" src=\"\" data-img-src=\"https:\/\/www.biyochem.com.tr\/wp-content\/uploads\/2021\/06\/uv.png\" alt=\"\" title=\"uv\" \/><noscript>\n        <img loading=\"lazy\" decoding=\"async\" class=\"vce-single-image\" src=\"https:\/\/www.biyochem.com.tr\/wp-content\/uploads\/2021\/06\/uv.png\" width=\"570\" height=\"291\" alt=\"\" title=\"uv\" \/>\n      <\/noscript><\/div><figcaption hidden=\"\"><\/figcaption><\/figure><\/div><\/div><\/div><\/div><\/div><\/div><\/div><\/div>","protected":false},"excerpt":{"rendered":"<p>UV \u0131\u015f\u0131nlar\u0131 sayesinde suda bulunmas\u0131 muhtemel mikrobiyal kirlilikler %99,9 oran\u0131nda giderilmektedir. Kullan\u0131m alanlar\u0131:\u2022 \u0130la\u00e7 sanayi\u2022 \u0130\u00e7me suyu\u2022 Yemekhaneler\u2022 G\u0131da sekt\u00f6r\u00fc\u2022 Y\u00fczme ve e\u011flence sekt\u00f6r\u00fc\u2022 At\u0131k su ar\u0131tma end\u00fcstrisi<\/p>","protected":false},"author":1,"featured_media":0,"parent":0,"menu_order":0,"comment_status":"closed","ping_status":"closed","template":"","meta":{"footnotes":""},"class_list":["post-264","page","type-page","status-publish"],"yoast_head":"<!-- This site is optimized with the Yoast SEO plugin v24.2 - https:\/\/yoast.com\/wordpress\/plugins\/seo\/ -->\n<title>Ultraviyole Dezenfeksiyon Y\u00f6ntemleri | Biyochem M&uuml;hendislik<\/title>\n<meta name=\"description\" content=\"UV \u0131\u015f\u0131nlar\u0131 sayesinde suda bulunmas\u0131 muhtemel mikrobiyal kirlilikler ,9 oran\u0131nda giderilmektedir.\" \/>\n<meta name=\"robots\" content=\"index, follow, max-snippet:-1, max-image-preview:large, max-video-preview:-1\" \/>\n<link rel=\"canonical\" href=\"https:\/\/www.biyochem.com.tr\/en\/ultraviyole-dezenfeksiyon-yontemleri\/\" \/>\n<meta property=\"og:locale\" content=\"en_US\" \/>\n<meta property=\"og:type\" content=\"article\" \/>\n<meta property=\"og:title\" content=\"Ultraviyole Dezenfeksiyon Y\u00f6ntemleri | Biyochem M&uuml;hendislik\" \/>\n<meta property=\"og:description\" content=\"UV \u0131\u015f\u0131nlar\u0131 sayesinde suda bulunmas\u0131 muhtemel mikrobiyal kirlilikler ,9 oran\u0131nda giderilmektedir.\" \/>\n<meta property=\"og:url\" content=\"https:\/\/www.biyochem.com.tr\/en\/ultraviyole-dezenfeksiyon-yontemleri\/\" \/>\n<meta property=\"og:site_name\" content=\"Biyochem M&uuml;hendislik\" \/>\n<meta property=\"article:modified_time\" content=\"2021-06-01T11:01:08+00:00\" \/>\n<meta name=\"twitter:card\" content=\"summary_large_image\" \/>\n<meta name=\"twitter:label1\" content=\"Est. reading time\" \/>\n\t<meta name=\"twitter:data1\" content=\"1 minute\" \/>\n<script type=\"application\/ld+json\" class=\"yoast-schema-graph\">{\"@context\":\"https:\/\/schema.org\",\"@graph\":[{\"@type\":\"WebPage\",\"@id\":\"https:\/\/www.biyochem.com.tr\/ultraviyole-dezenfeksiyon-yontemleri\/\",\"url\":\"https:\/\/www.biyochem.com.tr\/ultraviyole-dezenfeksiyon-yontemleri\/\",\"name\":\"Ultraviyole Dezenfeksiyon Y\u00f6ntemleri | Biyochem M&uuml;hendislik\",\"isPartOf\":{\"@id\":\"https:\/\/www.biyochem.com.tr\/#website\"},\"datePublished\":\"2021-06-01T10:49:54+00:00\",\"dateModified\":\"2021-06-01T11:01:08+00:00\",\"description\":\"UV \u0131\u015f\u0131nlar\u0131 sayesinde suda bulunmas\u0131 muhtemel mikrobiyal kirlilikler ,9 oran\u0131nda giderilmektedir.\",\"breadcrumb\":{\"@id\":\"https:\/\/www.biyochem.com.tr\/ultraviyole-dezenfeksiyon-yontemleri\/#breadcrumb\"},\"inLanguage\":\"en-US\",\"potentialAction\":[{\"@type\":\"ReadAction\",\"target\":[\"https:\/\/www.biyochem.com.tr\/ultraviyole-dezenfeksiyon-yontemleri\/\"]}]},{\"@type\":\"BreadcrumbList\",\"@id\":\"https:\/\/www.biyochem.com.tr\/ultraviyole-dezenfeksiyon-yontemleri\/#breadcrumb\",\"itemListElement\":[{\"@type\":\"ListItem\",\"position\":1,\"name\":\"Home\",\"item\":\"https:\/\/www.biyochem.com.tr\/\"},{\"@type\":\"ListItem\",\"position\":2,\"name\":\"Ultraviyole Dezenfeksiyon Y\u00f6ntemleri\"}]},{\"@type\":\"WebSite\",\"@id\":\"https:\/\/www.biyochem.com.tr\/#website\",\"url\":\"https:\/\/www.biyochem.com.tr\/\",\"name\":\"Biyochem M&uuml;hendislik\",\"description\":\"Su ar\u0131tma ve kimyasallar\u0131\",\"publisher\":{\"@id\":\"https:\/\/www.biyochem.com.tr\/#organization\"},\"potentialAction\":[{\"@type\":\"SearchAction\",\"target\":{\"@type\":\"EntryPoint\",\"urlTemplate\":\"https:\/\/www.biyochem.com.tr\/?s={search_term_string}\"},\"query-input\":{\"@type\":\"PropertyValueSpecification\",\"valueRequired\":true,\"valueName\":\"search_term_string\"}}],\"inLanguage\":\"en-US\"},{\"@type\":\"Organization\",\"@id\":\"https:\/\/www.biyochem.com.tr\/#organization\",\"name\":\"Biyochem M\u00fchendislik Su ar\u0131tma sistemleri ve kimyasallar\u0131\",\"url\":\"https:\/\/www.biyochem.com.tr\/\",\"logo\":{\"@type\":\"ImageObject\",\"inLanguage\":\"en-US\",\"@id\":\"https:\/\/www.biyochem.com.tr\/#\/schema\/logo\/image\/\",\"url\":\"https:\/\/www.biyochem.com.tr\/wp-content\/uploads\/2021\/05\/bc.png\",\"contentUrl\":\"https:\/\/www.biyochem.com.tr\/wp-content\/uploads\/2021\/05\/bc.png\",\"width\":433,\"height\":105,\"caption\":\"Biyochem M\u00fchendislik Su ar\u0131tma sistemleri ve kimyasallar\u0131\"},\"image\":{\"@id\":\"https:\/\/www.biyochem.com.tr\/#\/schema\/logo\/image\/\"}}]}<\/script>\n<!-- \/ Yoast SEO plugin. -->","yoast_head_json":{"title":"Ultraviyole Dezenfeksiyon Y\u00f6ntemleri | Biyochem M&uuml;hendislik","description":"UV \u0131\u015f\u0131nlar\u0131 sayesinde suda bulunmas\u0131 muhtemel mikrobiyal kirlilikler ,9 oran\u0131nda giderilmektedir.","robots":{"index":"index","follow":"follow","max-snippet":"max-snippet:-1","max-image-preview":"max-image-preview:large","max-video-preview":"max-video-preview:-1"},"canonical":"https:\/\/www.biyochem.com.tr\/en\/ultraviyole-dezenfeksiyon-yontemleri\/","og_locale":"en_US","og_type":"article","og_title":"Ultraviyole Dezenfeksiyon Y\u00f6ntemleri | Biyochem M&uuml;hendislik","og_description":"UV \u0131\u015f\u0131nlar\u0131 sayesinde suda bulunmas\u0131 muhtemel mikrobiyal kirlilikler ,9 oran\u0131nda giderilmektedir.","og_url":"https:\/\/www.biyochem.com.tr\/en\/ultraviyole-dezenfeksiyon-yontemleri\/","og_site_name":"Biyochem M&uuml;hendislik","article_modified_time":"2021-06-01T11:01:08+00:00","twitter_card":"summary_large_image","twitter_misc":{"Est. reading time":"1 minute"},"schema":{"@context":"https:\/\/schema.org","@graph":[{"@type":"WebPage","@id":"https:\/\/www.biyochem.com.tr\/ultraviyole-dezenfeksiyon-yontemleri\/","url":"https:\/\/www.biyochem.com.tr\/ultraviyole-dezenfeksiyon-yontemleri\/","name":"Ultraviyole Dezenfeksiyon Y\u00f6ntemleri | Biyochem M&uuml;hendislik","isPartOf":{"@id":"https:\/\/www.biyochem.com.tr\/#website"},"datePublished":"2021-06-01T10:49:54+00:00","dateModified":"2021-06-01T11:01:08+00:00","description":"UV \u0131\u015f\u0131nlar\u0131 sayesinde suda bulunmas\u0131 muhtemel mikrobiyal kirlilikler ,9 oran\u0131nda giderilmektedir.","breadcrumb":{"@id":"https:\/\/www.biyochem.com.tr\/ultraviyole-dezenfeksiyon-yontemleri\/#breadcrumb"},"inLanguage":"en-US","potentialAction":[{"@type":"ReadAction","target":["https:\/\/www.biyochem.com.tr\/ultraviyole-dezenfeksiyon-yontemleri\/"]}]},{"@type":"BreadcrumbList","@id":"https:\/\/www.biyochem.com.tr\/ultraviyole-dezenfeksiyon-yontemleri\/#breadcrumb","itemListElement":[{"@type":"ListItem","position":1,"name":"Home","item":"https:\/\/www.biyochem.com.tr\/"},{"@type":"ListItem","position":2,"name":"Ultraviyole Dezenfeksiyon Y\u00f6ntemleri"}]},{"@type":"WebSite","@id":"https:\/\/www.biyochem.com.tr\/#website","url":"https:\/\/www.biyochem.com.tr\/","name":"Biyochem M&uuml;hendislik","description":"Su ar\u0131tma ve kimyasallar\u0131","publisher":{"@id":"https:\/\/www.biyochem.com.tr\/#organization"},"potentialAction":[{"@type":"SearchAction","target":{"@type":"EntryPoint","urlTemplate":"https:\/\/www.biyochem.com.tr\/?s={search_term_string}"},"query-input":{"@type":"PropertyValueSpecification","valueRequired":true,"valueName":"search_term_string"}}],"inLanguage":"en-US"},{"@type":"Organization","@id":"https:\/\/www.biyochem.com.tr\/#organization","name":"Biyochem M\u00fchendislik Su ar\u0131tma sistemleri ve kimyasallar\u0131","url":"https:\/\/www.biyochem.com.tr\/","logo":{"@type":"ImageObject","inLanguage":"en-US","@id":"https:\/\/www.biyochem.com.tr\/#\/schema\/logo\/image\/","url":"https:\/\/www.biyochem.com.tr\/wp-content\/uploads\/2021\/05\/bc.png","contentUrl":"https:\/\/www.biyochem.com.tr\/wp-content\/uploads\/2021\/05\/bc.png","width":433,"height":105,"caption":"Biyochem M\u00fchendislik Su ar\u0131tma sistemleri ve kimyasallar\u0131"},"image":{"@id":"https:\/\/www.biyochem.com.tr\/#\/schema\/logo\/image\/"}}]}},"_links":{"self":[{"href":"https:\/\/www.biyochem.com.tr\/en\/wp-json\/wp\/v2\/pages\/264","targetHints":{"allow":["GET"]}}],"collection":[{"href":"https:\/\/www.biyochem.com.tr\/en\/wp-json\/wp\/v2\/pages"}],"about":[{"href":"https:\/\/www.biyochem.com.tr\/en\/wp-json\/wp\/v2\/types\/page"}],"author":[{"embeddable":true,"href":"https:\/\/www.biyochem.com.tr\/en\/wp-json\/wp\/v2\/users\/1"}],"replies":[{"embeddable":true,"href":"https:\/\/www.biyochem.com.tr\/en\/wp-json\/wp\/v2\/comments?post=264"}],"version-history":[{"count":2,"href":"https:\/\/www.biyochem.com.tr\/en\/wp-json\/wp\/v2\/pages\/264\/revisions"}],"predecessor-version":[{"id":267,"href":"https:\/\/www.biyochem.com.tr\/en\/wp-json\/wp\/v2\/pages\/264\/revisions\/267"}],"wp:attachment":[{"href":"https:\/\/www.biyochem.com.tr\/en\/wp-json\/wp\/v2\/media?parent=264"}],"curies":[{"name":"wp","href":"https:\/\/api.w.org\/{rel}","templated":true}]}}