{"id":278,"date":"2021-06-01T18:01:56","date_gmt":"2021-06-01T18:01:56","guid":{"rendered":"https:\/\/www.biyochem.com.tr\/?page_id=278"},"modified":"2021-06-01T18:09:59","modified_gmt":"2021-06-01T18:09:59","slug":"dozaj-sistemleri","status":"publish","type":"page","link":"https:\/\/www.biyochem.com.tr\/en\/dozaj-sistemleri\/","title":{"rendered":"Dosage Systems"},"content":{"rendered":"<div class=\"vce-row-container\" data-vce-boxed-width=\"true\"><div class=\"vce-row vce-row--col-gap-30 vce-row-equal-height vce-row-content--top\" id=\"el-17a79201\" data-vce-do-apply=\"all el-17a79201\"><div class=\"vce-row-content\" data-vce-element-content=\"true\"><div class=\"vce-col vce-col--md-42-54p vce-col--xs-1 vce-col--xs-last vce-col--xs-first vce-col--sm-last vce-col--sm-first vce-col--md-first vce-col--lg-first vce-col--xl-first\" id=\"el-bcb4be61\"><div class=\"vce-col-inner\" data-vce-do-apply=\"border margin background  el-bcb4be61\"><div class=\"vce-col-content\" data-vce-element-content=\"true\" data-vce-do-apply=\"padding el-bcb4be61\"><div class=\"vce-single-image-container vce-single-image--align-center\"><div class=\"vce vce-single-image-wrapper\" id=\"el-a4389013\" data-vce-do-apply=\"all el-a4389013\"><figure><div class=\"vce-single-image-inner vce-single-image--absolute\" style=\"padding-bottom: 215.556%; width: 270px;\"><img loading=\"lazy\" decoding=\"async\" class=\"vce-single-image vcv-lozad\" data-src=\"https:\/\/www.biyochem.com.tr\/wp-content\/uploads\/2021\/06\/dozaj.png\" width=\"270\" height=\"582\" src=\"\" data-img-src=\"https:\/\/www.biyochem.com.tr\/wp-content\/uploads\/2021\/06\/dozaj.png\" alt=\"\" title=\"dozaj\" \/><noscript>\n        <img loading=\"lazy\" decoding=\"async\" class=\"vce-single-image\" src=\"https:\/\/www.biyochem.com.tr\/wp-content\/uploads\/2021\/06\/dozaj.png\" width=\"270\" height=\"582\" alt=\"\" title=\"dozaj\" \/>\n      <\/noscript><\/div><figcaption hidden=\"\"><\/figcaption><\/figure><\/div><\/div><\/div><\/div><\/div><div class=\"vce-col vce-col--md-57-46p vce-col--xs-1 vce-col--xs-last vce-col--xs-first vce-col--sm-last vce-col--sm-first vce-col--md-last vce-col--lg-last vce-col--xl-last\" id=\"el-b2cad914\"><div class=\"vce-col-inner\" data-vce-do-apply=\"border margin background  el-b2cad914\"><div class=\"vce-col-content\" data-vce-element-content=\"true\" data-vce-do-apply=\"padding el-b2cad914\"><div class=\"vce-text-block\"><div class=\"vce-text-block-wrapper vce\" id=\"el-c3f5d453\" data-vce-do-apply=\"all el-c3f5d453\"><p>Biochem Dosing Systems are used for the elimination of microorganisms in your water or that may occur in the future and oxidation of heavy metals. These devices are designed to serve for years without needing any maintenance other than filling the chemical storage  at regular intervals. It provides a homogeneous dosage thanks to its injector providing high spraying power. Today, it is one of the most economical methods used especially for disinfection.<\/p><\/div><\/div><div class=\"vce-text-block\"><div class=\"vce-text-block-wrapper vce\" id=\"el-c8509d8a\" data-vce-do-apply=\"all el-c8509d8a\"><p>Usage areas;<br>\u2022 Reverse osmosis systems,<br>\u2022 Steam and heating boilers,<br>\u2022 water tanks<br>\u2022 Closed circuit systems<br>\u2022 Industrial processes,<br>\u2022 Food and beverage production<br>\u2022 Pools (ornamental, swimming and industrial)<br>\u2022 Wastewater treatment facilities<\/p><\/div><\/div><\/div><\/div><\/div><\/div><\/div><\/div><div class=\"vce-row-container\" data-vce-boxed-width=\"true\"><div class=\"vce-row vce-row--col-gap-30 vce-row-equal-height vce-row-content--top\" id=\"el-93a530b8\" data-vce-do-apply=\"all el-93a530b8\"><div class=\"vce-row-content\" data-vce-element-content=\"true\"><div class=\"vce-col vce-col--md-auto vce-col--xs-1 vce-col--xs-last vce-col--xs-first vce-col--sm-last vce-col--sm-first vce-col--md-last vce-col--lg-last vce-col--xl-last vce-col--md-first vce-col--lg-first vce-col--xl-first\" id=\"el-3e18183c\"><div class=\"vce-col-inner\" data-vce-do-apply=\"border margin background  el-3e18183c\"><div class=\"vce-col-content\" data-vce-element-content=\"true\" data-vce-do-apply=\"padding el-3e18183c\"><\/div><\/div><\/div><\/div><\/div><\/div>","protected":false},"excerpt":{"rendered":"<p>Suyunuzda bulunan veya ilerde ortaya \u00e7\u0131kabilecek mikroorganizmalar\u0131n bertaraf edilmesi, a\u011f\u0131r metallerin oksidasyonu i\u00e7in Biyochem Dozaj Sistemleri kullan\u0131lmaktad\u0131r. Bu cihazlar kimyasal deposunun belirli aral\u0131klarla doldurulmas\u0131 d\u0131\u015f\u0131nda hi\u00e7bir bak\u0131ma ihtiya\u00e7 duymadan y\u0131llarca hizmet verecek \u015fekilde tasarlanm\u0131\u015ft\u0131r. Y\u00fcksek p\u00fcsk\u00fcrtme g\u00fcc\u00fc sa\u011flayan enjekt\u00f6r\u00fc sayesinde homojen bir dozaj imkan\u0131 sa\u011flar. G\u00fcn\u00fcm\u00fczde \u00f6zellikle dezenfeksiyon ama\u00e7l\u0131 kullan\u0131lan en ekonomik y\u00f6ntemlerin ba\u015f\u0131nda gelmektedir.Kullan\u0131m &#8230; <a title=\"Dosage Systems\" class=\"read-more\" href=\"https:\/\/www.biyochem.com.tr\/en\/dozaj-sistemleri\/\" aria-label=\"Read more about Dozaj Sistemleri\">Read more<\/a><\/p>","protected":false},"author":1,"featured_media":0,"parent":0,"menu_order":0,"comment_status":"closed","ping_status":"closed","template":"","meta":{"footnotes":""},"class_list":["post-278","page","type-page","status-publish"],"yoast_head":"<!-- This site is optimized with the Yoast SEO plugin v24.2 - https:\/\/yoast.com\/wordpress\/plugins\/seo\/ -->\n<title>Dozaj Sistemleri | Biyochem M&uuml;hendislik<\/title>\n<meta name=\"description\" content=\"Biyochem M&uuml;hendislik\" \/>\n<meta name=\"robots\" content=\"index, follow, max-snippet:-1, max-image-preview:large, max-video-preview:-1\" \/>\n<link rel=\"canonical\" href=\"https:\/\/www.biyochem.com.tr\/en\/dozaj-sistemleri\/\" \/>\n<meta property=\"og:locale\" content=\"en_US\" \/>\n<meta property=\"og:type\" content=\"article\" \/>\n<meta property=\"og:title\" content=\"Dozaj Sistemleri | Biyochem M&uuml;hendislik\" \/>\n<meta property=\"og:description\" content=\"Biyochem M&uuml;hendislik\" \/>\n<meta property=\"og:url\" content=\"https:\/\/www.biyochem.com.tr\/en\/dozaj-sistemleri\/\" \/>\n<meta property=\"og:site_name\" content=\"Biyochem M&uuml;hendislik\" \/>\n<meta property=\"article:modified_time\" content=\"2021-06-01T18:09:59+00:00\" \/>\n<meta name=\"twitter:card\" content=\"summary_large_image\" \/>\n<meta name=\"twitter:label1\" content=\"Est. reading time\" \/>\n\t<meta name=\"twitter:data1\" content=\"1 minute\" \/>\n<script type=\"application\/ld+json\" class=\"yoast-schema-graph\">{\"@context\":\"https:\/\/schema.org\",\"@graph\":[{\"@type\":\"WebPage\",\"@id\":\"https:\/\/www.biyochem.com.tr\/dozaj-sistemleri\/\",\"url\":\"https:\/\/www.biyochem.com.tr\/dozaj-sistemleri\/\",\"name\":\"Dozaj Sistemleri | Biyochem M&uuml;hendislik\",\"isPartOf\":{\"@id\":\"https:\/\/www.biyochem.com.tr\/#website\"},\"datePublished\":\"2021-06-01T18:01:56+00:00\",\"dateModified\":\"2021-06-01T18:09:59+00:00\",\"description\":\"Biyochem M&uuml;hendislik\",\"breadcrumb\":{\"@id\":\"https:\/\/www.biyochem.com.tr\/dozaj-sistemleri\/#breadcrumb\"},\"inLanguage\":\"en-US\",\"potentialAction\":[{\"@type\":\"ReadAction\",\"target\":[\"https:\/\/www.biyochem.com.tr\/dozaj-sistemleri\/\"]}]},{\"@type\":\"BreadcrumbList\",\"@id\":\"https:\/\/www.biyochem.com.tr\/dozaj-sistemleri\/#breadcrumb\",\"itemListElement\":[{\"@type\":\"ListItem\",\"position\":1,\"name\":\"Home\",\"item\":\"https:\/\/www.biyochem.com.tr\/\"},{\"@type\":\"ListItem\",\"position\":2,\"name\":\"Dozaj Sistemleri\"}]},{\"@type\":\"WebSite\",\"@id\":\"https:\/\/www.biyochem.com.tr\/#website\",\"url\":\"https:\/\/www.biyochem.com.tr\/\",\"name\":\"Biyochem M&uuml;hendislik\",\"description\":\"Su ar\u0131tma ve kimyasallar\u0131\",\"publisher\":{\"@id\":\"https:\/\/www.biyochem.com.tr\/#organization\"},\"potentialAction\":[{\"@type\":\"SearchAction\",\"target\":{\"@type\":\"EntryPoint\",\"urlTemplate\":\"https:\/\/www.biyochem.com.tr\/?s={search_term_string}\"},\"query-input\":{\"@type\":\"PropertyValueSpecification\",\"valueRequired\":true,\"valueName\":\"search_term_string\"}}],\"inLanguage\":\"en-US\"},{\"@type\":\"Organization\",\"@id\":\"https:\/\/www.biyochem.com.tr\/#organization\",\"name\":\"Biyochem M\u00fchendislik Su ar\u0131tma sistemleri ve kimyasallar\u0131\",\"url\":\"https:\/\/www.biyochem.com.tr\/\",\"logo\":{\"@type\":\"ImageObject\",\"inLanguage\":\"en-US\",\"@id\":\"https:\/\/www.biyochem.com.tr\/#\/schema\/logo\/image\/\",\"url\":\"https:\/\/www.biyochem.com.tr\/wp-content\/uploads\/2021\/05\/bc.png\",\"contentUrl\":\"https:\/\/www.biyochem.com.tr\/wp-content\/uploads\/2021\/05\/bc.png\",\"width\":433,\"height\":105,\"caption\":\"Biyochem M\u00fchendislik Su ar\u0131tma sistemleri ve kimyasallar\u0131\"},\"image\":{\"@id\":\"https:\/\/www.biyochem.com.tr\/#\/schema\/logo\/image\/\"}}]}<\/script>\n<!-- \/ Yoast SEO plugin. -->","yoast_head_json":{"title":"Dozaj Sistemleri | Biyochem M&uuml;hendislik","description":"Biyochem M&uuml;hendislik","robots":{"index":"index","follow":"follow","max-snippet":"max-snippet:-1","max-image-preview":"max-image-preview:large","max-video-preview":"max-video-preview:-1"},"canonical":"https:\/\/www.biyochem.com.tr\/en\/dozaj-sistemleri\/","og_locale":"en_US","og_type":"article","og_title":"Dozaj Sistemleri | Biyochem M&uuml;hendislik","og_description":"Biyochem M&uuml;hendislik","og_url":"https:\/\/www.biyochem.com.tr\/en\/dozaj-sistemleri\/","og_site_name":"Biyochem M&uuml;hendislik","article_modified_time":"2021-06-01T18:09:59+00:00","twitter_card":"summary_large_image","twitter_misc":{"Est. reading time":"1 minute"},"schema":{"@context":"https:\/\/schema.org","@graph":[{"@type":"WebPage","@id":"https:\/\/www.biyochem.com.tr\/dozaj-sistemleri\/","url":"https:\/\/www.biyochem.com.tr\/dozaj-sistemleri\/","name":"Dozaj Sistemleri | Biyochem M&uuml;hendislik","isPartOf":{"@id":"https:\/\/www.biyochem.com.tr\/#website"},"datePublished":"2021-06-01T18:01:56+00:00","dateModified":"2021-06-01T18:09:59+00:00","description":"Biyochem M&uuml;hendislik","breadcrumb":{"@id":"https:\/\/www.biyochem.com.tr\/dozaj-sistemleri\/#breadcrumb"},"inLanguage":"en-US","potentialAction":[{"@type":"ReadAction","target":["https:\/\/www.biyochem.com.tr\/dozaj-sistemleri\/"]}]},{"@type":"BreadcrumbList","@id":"https:\/\/www.biyochem.com.tr\/dozaj-sistemleri\/#breadcrumb","itemListElement":[{"@type":"ListItem","position":1,"name":"Home","item":"https:\/\/www.biyochem.com.tr\/"},{"@type":"ListItem","position":2,"name":"Dozaj Sistemleri"}]},{"@type":"WebSite","@id":"https:\/\/www.biyochem.com.tr\/#website","url":"https:\/\/www.biyochem.com.tr\/","name":"Biyochem M&uuml;hendislik","description":"Su ar\u0131tma ve kimyasallar\u0131","publisher":{"@id":"https:\/\/www.biyochem.com.tr\/#organization"},"potentialAction":[{"@type":"SearchAction","target":{"@type":"EntryPoint","urlTemplate":"https:\/\/www.biyochem.com.tr\/?s={search_term_string}"},"query-input":{"@type":"PropertyValueSpecification","valueRequired":true,"valueName":"search_term_string"}}],"inLanguage":"en-US"},{"@type":"Organization","@id":"https:\/\/www.biyochem.com.tr\/#organization","name":"Biyochem M\u00fchendislik Su ar\u0131tma sistemleri ve kimyasallar\u0131","url":"https:\/\/www.biyochem.com.tr\/","logo":{"@type":"ImageObject","inLanguage":"en-US","@id":"https:\/\/www.biyochem.com.tr\/#\/schema\/logo\/image\/","url":"https:\/\/www.biyochem.com.tr\/wp-content\/uploads\/2021\/05\/bc.png","contentUrl":"https:\/\/www.biyochem.com.tr\/wp-content\/uploads\/2021\/05\/bc.png","width":433,"height":105,"caption":"Biyochem M\u00fchendislik Su ar\u0131tma sistemleri ve kimyasallar\u0131"},"image":{"@id":"https:\/\/www.biyochem.com.tr\/#\/schema\/logo\/image\/"}}]}},"_links":{"self":[{"href":"https:\/\/www.biyochem.com.tr\/en\/wp-json\/wp\/v2\/pages\/278","targetHints":{"allow":["GET"]}}],"collection":[{"href":"https:\/\/www.biyochem.com.tr\/en\/wp-json\/wp\/v2\/pages"}],"about":[{"href":"https:\/\/www.biyochem.com.tr\/en\/wp-json\/wp\/v2\/types\/page"}],"author":[{"embeddable":true,"href":"https:\/\/www.biyochem.com.tr\/en\/wp-json\/wp\/v2\/users\/1"}],"replies":[{"embeddable":true,"href":"https:\/\/www.biyochem.com.tr\/en\/wp-json\/wp\/v2\/comments?post=278"}],"version-history":[{"count":2,"href":"https:\/\/www.biyochem.com.tr\/en\/wp-json\/wp\/v2\/pages\/278\/revisions"}],"predecessor-version":[{"id":281,"href":"https:\/\/www.biyochem.com.tr\/en\/wp-json\/wp\/v2\/pages\/278\/revisions\/281"}],"wp:attachment":[{"href":"https:\/\/www.biyochem.com.tr\/en\/wp-json\/wp\/v2\/media?parent=278"}],"curies":[{"name":"wp","href":"https:\/\/api.w.org\/{rel}","templated":true}]}}