{"id":283,"date":"2021-06-01T18:25:03","date_gmt":"2021-06-01T18:25:03","guid":{"rendered":"https:\/\/www.biyochem.com.tr\/?page_id=283"},"modified":"2021-06-01T18:47:38","modified_gmt":"2021-06-01T18:47:38","slug":"ultrafiltrasyon","status":"publish","type":"page","link":"https:\/\/www.biyochem.com.tr\/en\/ultrafiltrasyon\/","title":{"rendered":"Ultrafiltration Systems"},"content":{"rendered":"<div class=\"vce-row-container\" data-vce-boxed-width=\"true\"><div class=\"vce-row vce-row--col-gap-30 vce-row-equal-height vce-row-content--top\" id=\"el-3bbe8c82\" data-vce-do-apply=\"all el-3bbe8c82\"><div class=\"vce-row-content\" data-vce-element-content=\"true\"><div class=\"vce-col vce-col--md-auto vce-col--xs-1 vce-col--xs-last vce-col--xs-first vce-col--sm-last vce-col--sm-first vce-col--md-last vce-col--lg-last vce-col--xl-last vce-col--md-first vce-col--lg-first vce-col--xl-first\" id=\"el-ad265c5d\"><div class=\"vce-col-inner\" data-vce-do-apply=\"border margin background  el-ad265c5d\"><div class=\"vce-col-content\" data-vce-element-content=\"true\" data-vce-do-apply=\"padding el-ad265c5d\"><div class=\"vce-text-block\"><div class=\"vce-text-block-wrapper vce\" id=\"el-c7978685\" data-vce-do-apply=\"all el-c7978685\"><p>Biyochem engineers design and build tailor-made ultrafiltration plants.<\/p>\n<p>Our UF plants are build with hollow fiber outside-in membranes, up to 100 m3\/h, to purify surface or groundwater from suspended solids, colloids and all kind of micro-organisms such as bacteria, virus, protozoa, germs and larvae.<\/p><\/div><\/div><\/div><\/div><\/div><\/div><\/div><\/div><div class=\"vce-row-container\" data-vce-boxed-width=\"true\"><div class=\"vce-row vce-row--col-gap-30 vce-row-equal-height vce-row-content--top\" id=\"el-1ef67778\" data-vce-do-apply=\"all el-1ef67778\"><div class=\"vce-content-background-container\"><\/div><div class=\"vce-row-content\" data-vce-element-content=\"true\"><div class=\"vce-col vce-col--md-auto vce-col--xs-1 vce-col--xs-last vce-col--xs-first vce-col--sm-last vce-col--sm-first vce-col--md-first vce-col--lg-first vce-col--xl-first\" id=\"el-dcc0a1bd\"><div class=\"vce-col-inner\" data-vce-do-apply=\"border margin background  el-dcc0a1bd\"><div class=\"vce-col-content\" data-vce-element-content=\"true\" data-vce-do-apply=\"padding el-dcc0a1bd\"><div class=\"vce-text-block\"><div class=\"vce-text-block-wrapper vce\" id=\"el-2db9c894\" data-vce-do-apply=\"all el-2db9c894\">\n<p>&nbsp;<\/p>\n<p>Usage areas;<br>\u2022 Laboratory quality water purification<br>Treatment of waste water<br>Drinking water treatment,<br>\u2022 Recovery of waste paint in the automotive and textile industry<br>\u2022 Juice, wine and beverage industries<br>\u2022 Pre-treatment for reverse osmosis<br>\u2022 Desalination and protein solvent replacement<\/p>\n<p>&nbsp;<\/p>\n\n<p>&nbsp;<\/p>\n<p>&nbsp;<\/p>\n<p>&nbsp;<\/p>\n<\/div><\/div><\/div><\/div><\/div><div class=\"vce-col vce-col--md-auto vce-col--xs-1 vce-col--xs-last vce-col--xs-first vce-col--sm-last vce-col--sm-first vce-col--md-last vce-col--lg-last vce-col--xl-last\" id=\"el-0a13ee20\"><div class=\"vce-col-inner\" data-vce-do-apply=\"border margin background  el-0a13ee20\"><div class=\"vce-col-content\" data-vce-element-content=\"true\" data-vce-do-apply=\"padding el-0a13ee20\"><div class=\"vce-single-image-container vce-single-image--align-center\"><div class=\"vce vce-single-image-wrapper\" id=\"el-ae860558\" data-vce-do-apply=\"all el-ae860558\"><figure><div class=\"vce-single-image-inner vce-single-image--absolute\" style=\"padding-bottom: 141.624%; width: 394px;\"><img loading=\"lazy\" decoding=\"async\" class=\"vce-single-image vcv-lozad\" data-src=\"https:\/\/www.biyochem.com.tr\/wp-content\/uploads\/2021\/06\/uf-cihazi.png\" width=\"394\" height=\"558\" src=\"\" data-img-src=\"https:\/\/www.biyochem.com.tr\/wp-content\/uploads\/2021\/06\/uf-cihazi.png\" alt=\"\" title=\"uf cihaz\u0131\" \/><noscript>\n        <img loading=\"lazy\" decoding=\"async\" class=\"vce-single-image\" src=\"https:\/\/www.biyochem.com.tr\/wp-content\/uploads\/2021\/06\/uf-cihazi.png\" width=\"394\" height=\"558\" alt=\"\" title=\"uf cihaz\u0131\" \/>\n      <\/noscript><\/div><figcaption hidden=\"\"><\/figcaption><\/figure><\/div><\/div><\/div><\/div><\/div><\/div><\/div><\/div><div class=\"vce-row-container\" data-vce-boxed-width=\"true\"><div class=\"vce-row vce-row--col-gap-30 vce-row-equal-height vce-row-content--top\" id=\"el-e045dfd1\" data-vce-do-apply=\"all el-e045dfd1\"><div class=\"vce-row-content\" data-vce-element-content=\"true\"><div class=\"vce-col vce-col--md-auto vce-col--xs-1 vce-col--xs-last vce-col--xs-first vce-col--sm-last vce-col--sm-first vce-col--md-last vce-col--lg-last vce-col--xl-last vce-col--md-first vce-col--lg-first vce-col--xl-first\" id=\"el-d4e17112\"><div class=\"vce-col-inner\" data-vce-do-apply=\"border margin background  el-d4e17112\"><div class=\"vce-col-content\" data-vce-element-content=\"true\" data-vce-do-apply=\"padding el-d4e17112\"><\/div><\/div><\/div><\/div><\/div><\/div>","protected":false},"excerpt":{"rendered":"<p>Biyochem m\u00fchendisleri, ki\u015fiye \u00f6zel ultrafiltrasyon tesisleri tasarlar ve \u00fcretir. UF tesislerimiz, y\u00fczey veya yer alt\u0131 sular\u0131n\u0131 ask\u0131da kat\u0131 maddelerden, koloidlerden ve bakteri, vir\u00fcs, protozoa, mikroplar ve larvalar gibi her t\u00fcr mikroorganizmalardan ar\u0131nd\u0131rmak i\u00e7in 100 m3 \/ saate kadar i\u00e7i bo\u015f fiber d\u0131\u015f-i\u00e7 membranlar ile ar\u0131t\u0131l\u0131r. &nbsp; Kullan\u0131m alanlar\u0131;\u2022 Laboratuvar kalitesinde su safla\u015ft\u0131rma\u2022 At\u0131k su ar\u0131tma\u2022 &#8230; <a title=\"Ultrafiltration Systems\" class=\"read-more\" href=\"https:\/\/www.biyochem.com.tr\/en\/ultrafiltrasyon\/\" aria-label=\"Read more about Ultrafiltrasyon Sistemleri\">Read more<\/a><\/p>","protected":false},"author":1,"featured_media":0,"parent":0,"menu_order":0,"comment_status":"closed","ping_status":"closed","template":"","meta":{"footnotes":""},"class_list":["post-283","page","type-page","status-publish"],"yoast_head":"<!-- This site is optimized with the Yoast SEO plugin v24.2 - https:\/\/yoast.com\/wordpress\/plugins\/seo\/ -->\n<title>Ultrafiltrasyon Sistemleri | Biyochem M&uuml;hendislik<\/title>\n<meta name=\"description\" content=\"Biyochem m\u00fchendislik olarak ultrafiltrasyon gereken ar\u0131tma sistemlerinde en iyi ultrafiltrasyon cihaz\u0131 hizmet vermekteyiz. Detaylar....\" \/>\n<meta name=\"robots\" content=\"index, follow, max-snippet:-1, max-image-preview:large, max-video-preview:-1\" \/>\n<link rel=\"canonical\" href=\"https:\/\/www.biyochem.com.tr\/en\/ultrafiltrasyon\/\" \/>\n<meta property=\"og:locale\" content=\"en_US\" \/>\n<meta property=\"og:type\" content=\"article\" \/>\n<meta property=\"og:title\" content=\"Ultrafiltrasyon Sistemleri | Biyochem M&uuml;hendislik\" \/>\n<meta property=\"og:description\" content=\"Biyochem m\u00fchendislik olarak ultrafiltrasyon gereken ar\u0131tma sistemlerinde en iyi ultrafiltrasyon cihaz\u0131 hizmet vermekteyiz. Detaylar....\" \/>\n<meta property=\"og:url\" content=\"https:\/\/www.biyochem.com.tr\/en\/ultrafiltrasyon\/\" \/>\n<meta property=\"og:site_name\" content=\"Biyochem M&uuml;hendislik\" \/>\n<meta property=\"article:modified_time\" content=\"2021-06-01T18:47:38+00:00\" \/>\n<meta name=\"twitter:card\" content=\"summary_large_image\" \/>\n<meta name=\"twitter:label1\" content=\"Est. reading time\" \/>\n\t<meta name=\"twitter:data1\" content=\"1 minute\" \/>\n<script type=\"application\/ld+json\" class=\"yoast-schema-graph\">{\"@context\":\"https:\/\/schema.org\",\"@graph\":[{\"@type\":\"WebPage\",\"@id\":\"https:\/\/www.biyochem.com.tr\/ultrafiltrasyon\/\",\"url\":\"https:\/\/www.biyochem.com.tr\/ultrafiltrasyon\/\",\"name\":\"Ultrafiltrasyon Sistemleri | Biyochem M&uuml;hendislik\",\"isPartOf\":{\"@id\":\"https:\/\/www.biyochem.com.tr\/#website\"},\"datePublished\":\"2021-06-01T18:25:03+00:00\",\"dateModified\":\"2021-06-01T18:47:38+00:00\",\"description\":\"Biyochem m\u00fchendislik olarak ultrafiltrasyon gereken ar\u0131tma sistemlerinde en iyi ultrafiltrasyon cihaz\u0131 hizmet vermekteyiz. Detaylar....\",\"breadcrumb\":{\"@id\":\"https:\/\/www.biyochem.com.tr\/ultrafiltrasyon\/#breadcrumb\"},\"inLanguage\":\"en-US\",\"potentialAction\":[{\"@type\":\"ReadAction\",\"target\":[\"https:\/\/www.biyochem.com.tr\/ultrafiltrasyon\/\"]}]},{\"@type\":\"BreadcrumbList\",\"@id\":\"https:\/\/www.biyochem.com.tr\/ultrafiltrasyon\/#breadcrumb\",\"itemListElement\":[{\"@type\":\"ListItem\",\"position\":1,\"name\":\"Home\",\"item\":\"https:\/\/www.biyochem.com.tr\/\"},{\"@type\":\"ListItem\",\"position\":2,\"name\":\"Ultrafiltrasyon Sistemleri\"}]},{\"@type\":\"WebSite\",\"@id\":\"https:\/\/www.biyochem.com.tr\/#website\",\"url\":\"https:\/\/www.biyochem.com.tr\/\",\"name\":\"Biyochem M&uuml;hendislik\",\"description\":\"Su ar\u0131tma ve kimyasallar\u0131\",\"publisher\":{\"@id\":\"https:\/\/www.biyochem.com.tr\/#organization\"},\"potentialAction\":[{\"@type\":\"SearchAction\",\"target\":{\"@type\":\"EntryPoint\",\"urlTemplate\":\"https:\/\/www.biyochem.com.tr\/?s={search_term_string}\"},\"query-input\":{\"@type\":\"PropertyValueSpecification\",\"valueRequired\":true,\"valueName\":\"search_term_string\"}}],\"inLanguage\":\"en-US\"},{\"@type\":\"Organization\",\"@id\":\"https:\/\/www.biyochem.com.tr\/#organization\",\"name\":\"Biyochem M\u00fchendislik Su ar\u0131tma sistemleri ve kimyasallar\u0131\",\"url\":\"https:\/\/www.biyochem.com.tr\/\",\"logo\":{\"@type\":\"ImageObject\",\"inLanguage\":\"en-US\",\"@id\":\"https:\/\/www.biyochem.com.tr\/#\/schema\/logo\/image\/\",\"url\":\"https:\/\/www.biyochem.com.tr\/wp-content\/uploads\/2021\/05\/bc.png\",\"contentUrl\":\"https:\/\/www.biyochem.com.tr\/wp-content\/uploads\/2021\/05\/bc.png\",\"width\":433,\"height\":105,\"caption\":\"Biyochem M\u00fchendislik Su ar\u0131tma sistemleri ve kimyasallar\u0131\"},\"image\":{\"@id\":\"https:\/\/www.biyochem.com.tr\/#\/schema\/logo\/image\/\"}}]}<\/script>\n<!-- \/ Yoast SEO plugin. -->","yoast_head_json":{"title":"Ultrafiltrasyon Sistemleri | Biyochem M&uuml;hendislik","description":"Biyochem m\u00fchendislik olarak ultrafiltrasyon gereken ar\u0131tma sistemlerinde en iyi ultrafiltrasyon cihaz\u0131 hizmet vermekteyiz. Detaylar....","robots":{"index":"index","follow":"follow","max-snippet":"max-snippet:-1","max-image-preview":"max-image-preview:large","max-video-preview":"max-video-preview:-1"},"canonical":"https:\/\/www.biyochem.com.tr\/en\/ultrafiltrasyon\/","og_locale":"en_US","og_type":"article","og_title":"Ultrafiltrasyon Sistemleri | Biyochem M&uuml;hendislik","og_description":"Biyochem m\u00fchendislik olarak ultrafiltrasyon gereken ar\u0131tma sistemlerinde en iyi ultrafiltrasyon cihaz\u0131 hizmet vermekteyiz. Detaylar....","og_url":"https:\/\/www.biyochem.com.tr\/en\/ultrafiltrasyon\/","og_site_name":"Biyochem M&uuml;hendislik","article_modified_time":"2021-06-01T18:47:38+00:00","twitter_card":"summary_large_image","twitter_misc":{"Est. reading time":"1 minute"},"schema":{"@context":"https:\/\/schema.org","@graph":[{"@type":"WebPage","@id":"https:\/\/www.biyochem.com.tr\/ultrafiltrasyon\/","url":"https:\/\/www.biyochem.com.tr\/ultrafiltrasyon\/","name":"Ultrafiltrasyon Sistemleri | Biyochem M&uuml;hendislik","isPartOf":{"@id":"https:\/\/www.biyochem.com.tr\/#website"},"datePublished":"2021-06-01T18:25:03+00:00","dateModified":"2021-06-01T18:47:38+00:00","description":"Biyochem m\u00fchendislik olarak ultrafiltrasyon gereken ar\u0131tma sistemlerinde en iyi ultrafiltrasyon cihaz\u0131 hizmet vermekteyiz. Detaylar....","breadcrumb":{"@id":"https:\/\/www.biyochem.com.tr\/ultrafiltrasyon\/#breadcrumb"},"inLanguage":"en-US","potentialAction":[{"@type":"ReadAction","target":["https:\/\/www.biyochem.com.tr\/ultrafiltrasyon\/"]}]},{"@type":"BreadcrumbList","@id":"https:\/\/www.biyochem.com.tr\/ultrafiltrasyon\/#breadcrumb","itemListElement":[{"@type":"ListItem","position":1,"name":"Home","item":"https:\/\/www.biyochem.com.tr\/"},{"@type":"ListItem","position":2,"name":"Ultrafiltrasyon Sistemleri"}]},{"@type":"WebSite","@id":"https:\/\/www.biyochem.com.tr\/#website","url":"https:\/\/www.biyochem.com.tr\/","name":"Biyochem M&uuml;hendislik","description":"Su ar\u0131tma ve kimyasallar\u0131","publisher":{"@id":"https:\/\/www.biyochem.com.tr\/#organization"},"potentialAction":[{"@type":"SearchAction","target":{"@type":"EntryPoint","urlTemplate":"https:\/\/www.biyochem.com.tr\/?s={search_term_string}"},"query-input":{"@type":"PropertyValueSpecification","valueRequired":true,"valueName":"search_term_string"}}],"inLanguage":"en-US"},{"@type":"Organization","@id":"https:\/\/www.biyochem.com.tr\/#organization","name":"Biyochem M\u00fchendislik Su ar\u0131tma sistemleri ve kimyasallar\u0131","url":"https:\/\/www.biyochem.com.tr\/","logo":{"@type":"ImageObject","inLanguage":"en-US","@id":"https:\/\/www.biyochem.com.tr\/#\/schema\/logo\/image\/","url":"https:\/\/www.biyochem.com.tr\/wp-content\/uploads\/2021\/05\/bc.png","contentUrl":"https:\/\/www.biyochem.com.tr\/wp-content\/uploads\/2021\/05\/bc.png","width":433,"height":105,"caption":"Biyochem M\u00fchendislik Su ar\u0131tma sistemleri ve kimyasallar\u0131"},"image":{"@id":"https:\/\/www.biyochem.com.tr\/#\/schema\/logo\/image\/"}}]}},"_links":{"self":[{"href":"https:\/\/www.biyochem.com.tr\/en\/wp-json\/wp\/v2\/pages\/283","targetHints":{"allow":["GET"]}}],"collection":[{"href":"https:\/\/www.biyochem.com.tr\/en\/wp-json\/wp\/v2\/pages"}],"about":[{"href":"https:\/\/www.biyochem.com.tr\/en\/wp-json\/wp\/v2\/types\/page"}],"author":[{"embeddable":true,"href":"https:\/\/www.biyochem.com.tr\/en\/wp-json\/wp\/v2\/users\/1"}],"replies":[{"embeddable":true,"href":"https:\/\/www.biyochem.com.tr\/en\/wp-json\/wp\/v2\/comments?post=283"}],"version-history":[{"count":2,"href":"https:\/\/www.biyochem.com.tr\/en\/wp-json\/wp\/v2\/pages\/283\/revisions"}],"predecessor-version":[{"id":287,"href":"https:\/\/www.biyochem.com.tr\/en\/wp-json\/wp\/v2\/pages\/283\/revisions\/287"}],"wp:attachment":[{"href":"https:\/\/www.biyochem.com.tr\/en\/wp-json\/wp\/v2\/media?parent=283"}],"curies":[{"name":"wp","href":"https:\/\/api.w.org\/{rel}","templated":true}]}}