{"id":289,"date":"2021-06-01T19:06:18","date_gmt":"2021-06-01T19:06:18","guid":{"rendered":"https:\/\/www.biyochem.com.tr\/?page_id=289"},"modified":"2021-07-06T16:28:53","modified_gmt":"2021-07-06T16:28:53","slug":"gri-su-aritma-sistemler","status":"publish","type":"page","link":"https:\/\/www.biyochem.com.tr\/en\/gri-su-aritma-sistemler\/","title":{"rendered":"Grey Water Treatment Systems"},"content":{"rendered":"<div class=\"vce-row-container\" data-vce-boxed-width=\"true\"><div class=\"vce-row vce-row--col-gap-30 vce-row-equal-height vce-row-content--top\" id=\"el-28050279\" data-vce-do-apply=\"all el-28050279\"><div class=\"vce-row-content\" data-vce-element-content=\"true\"><div class=\"vce-col vce-col--md-auto vce-col--xs-1 vce-col--xs-last vce-col--xs-first vce-col--sm-last vce-col--sm-first vce-col--md-last vce-col--lg-last vce-col--xl-last vce-col--md-first vce-col--lg-first vce-col--xl-first\" id=\"el-fb056b29\"><div class=\"vce-col-inner\" data-vce-do-apply=\"border margin background  el-fb056b29\"><div class=\"vce-col-content\" data-vce-element-content=\"true\" data-vce-do-apply=\"padding el-fb056b29\"><div class=\"vce-text-block\"><div class=\"vce-text-block-wrapper vce\" id=\"el-8d8e9a68\" data-vce-do-apply=\"all el-8d8e9a68\">\r\n<p>\u201cGray Water\u201d means domestic sewage with low contamination originated from showers, bathtubs and washbasins without cesspool waste. Through recycling Gray Water: we can reduce requirement for mains water by using recycled Gray Water in applications such as reservoir supply, garden irrigation, car wash or rough cleaning works. Besides protecting the environment through recycling the water, we can substantially reduce expenses from water<\/p>\r\n\r\n\r\n\r\n<p>According to the studies that have been conducted taking 200 liters of daily water consumption per person, in a house with 4-5 people that uses Grey\nWater Recycling System, annually up to 120.000 liters clean water (mains water) can be saved. Thus, annually 120.000 liters can be saved from the mains water and water costs can be reduced to half.<\/p>\r\n<\/div><\/div><\/div><\/div><\/div><\/div><\/div><\/div><div class=\"vce-row-container\" data-vce-boxed-width=\"true\"><div class=\"vce-row vce-row--col-gap-30 vce-row-equal-height vce-row-content--top\" id=\"el-eaa95c5e\" data-vce-do-apply=\"all el-eaa95c5e\"><div class=\"vce-content-background-container\"><\/div><div class=\"vce-row-content\" data-vce-element-content=\"true\"><div class=\"vce-col vce-col--md-28-59p vce-col--xs-1 vce-col--xs-last vce-col--xs-first vce-col--sm-last vce-col--sm-first vce-col--md-first vce-col--lg-first vce-col--xl-first\" id=\"el-4f6aff21\"><div class=\"vce-col-inner\" data-vce-do-apply=\"border margin background  el-4f6aff21\"><div class=\"vce-col-content\" data-vce-element-content=\"true\" data-vce-do-apply=\"padding el-4f6aff21\"><div class=\"vce-text-block\"><div class=\"vce-text-block-wrapper vce\" id=\"el-e4a2fed9\" data-vce-do-apply=\"all el-e4a2fed9\"><p>Usage areas; <br>\u2022 Shopping malls<br>\u2022 Hotels and Hostels<br>\u2022 Dormitories<br>\u2022 Government agencies<br>\u2022 Mass Housing Projects and Villas<br>\u2022 Airports<br>\u2022 Business centers<\/p><\/div><\/div><\/div><\/div><\/div><div class=\"vce-col vce-col--md-32-58p vce-col--xs-1 vce-col--xs-last vce-col--xs-first vce-col--sm-last vce-col--sm-first\" id=\"el-403571ef\"><div class=\"vce-col-inner\" data-vce-do-apply=\"border margin background  el-403571ef\"><div class=\"vce-col-content\" data-vce-element-content=\"true\" data-vce-do-apply=\"padding el-403571ef\"><div class=\"vce-text-block\"><div class=\"vce-text-block-wrapper vce\" id=\"el-291b67fa\" data-vce-do-apply=\"all el-291b67fa\"><p>Advantages;<br>\u2022 Gray Water Recovery System always provides clean and odorless water.<br>\u2022 Water is hygienically safe<br>\u2022 Provides savings up to % 50 from mains water.<br>\u2022 Low energy consumption with advanced membrane technology.<br>\u2022 More efficient use of natural water resources<\/p><\/div><\/div><\/div><\/div><\/div><div class=\"vce-col vce-col--md-38-83p vce-col--xs-1 vce-col--xs-last vce-col--xs-first vce-col--sm-last vce-col--sm-first vce-col--md-last vce-col--lg-last vce-col--xl-last\" id=\"el-63077455\"><div class=\"vce-col-inner\" data-vce-do-apply=\"border margin background  el-63077455\"><div class=\"vce-col-content\" data-vce-element-content=\"true\" data-vce-do-apply=\"padding el-63077455\"><\/div><\/div><\/div><\/div><\/div><\/div><div class=\"vce-row-container\" data-vce-boxed-width=\"true\"><div class=\"vce-row vce-row--col-gap-30 vce-row-equal-height vce-row-content--top\" id=\"el-baffd8e0\" data-vce-do-apply=\"all el-baffd8e0\"><div class=\"vce-row-content\" data-vce-element-content=\"true\"><div class=\"vce-col vce-col--md-auto vce-col--xs-1 vce-col--xs-last vce-col--xs-first vce-col--sm-last vce-col--sm-first vce-col--md-last vce-col--lg-last vce-col--xl-last vce-col--md-first vce-col--lg-first vce-col--xl-first\" id=\"el-88e02b16\"><div class=\"vce-col-inner\" data-vce-do-apply=\"border margin background  el-88e02b16\"><div class=\"vce-col-content\" data-vce-element-content=\"true\" data-vce-do-apply=\"padding el-88e02b16\"><\/div><\/div><\/div><\/div><\/div><\/div>","protected":false},"excerpt":{"rendered":"<p>Foseptik at\u0131\u011f\u0131 i\u00e7ermeyen, du\u015f, k\u00fcvet ve lavabolardan gelen az kirli evsel at\u0131k sulara \u201cGri Su\u201ddenir. Gri Su geri kazan\u0131larak; rezervuar besleme, bah\u00e7e sulama, ara\u00e7 y\u0131kama, kaba temizlik i\u015fleri gibi i\u00e7me suyu kalitesinde olmas\u0131 gerekmeyen alanlarda kullan\u0131larak, \u015febeke suyuna duyulan ihtiya\u00e7 azalt\u0131lmaktad\u0131r. Suyun geri d\u00f6n\u00fc\u015f\u00fcm\u00fcn\u00fc sa\u011flayarak do\u011faya yapt\u0131\u011f\u0131m\u0131z katk\u0131n\u0131n yan\u0131nda, su masraflar\u0131m\u0131z\u0131 da b\u00fcy\u00fck \u00f6l\u00e7\u00fcde azaltabiliriz. &#8230; <a title=\"Grey Water Treatment Systems\" class=\"read-more\" href=\"https:\/\/www.biyochem.com.tr\/en\/gri-su-aritma-sistemler\/\" aria-label=\"Read more about Gri Su Ar\u0131tma Sistemleri\">Read more<\/a><\/p>","protected":false},"author":1,"featured_media":0,"parent":0,"menu_order":0,"comment_status":"closed","ping_status":"closed","template":"","meta":{"footnotes":""},"class_list":["post-289","page","type-page","status-publish"],"yoast_head":"<!-- This site is optimized with the Yoast SEO plugin v24.2 - https:\/\/yoast.com\/wordpress\/plugins\/seo\/ -->\n<title>Gri Su Ar\u0131tma Sistemleri | Biyochem M&uuml;hendislik<\/title>\n<meta name=\"description\" content=\"Foseptik at\u0131\u011f\u0131 i\u00e7ermeyen, du\u015f, k\u00fcvet ve lavabolardan gelen az kirli evsel at\u0131k sulara \u201cGri Su\u201ddenir. Gri Su geri kazan\u0131larak; rezervuar besleme, bah\u00e7e sulama, ara\u00e7 y\u0131kama, kaba temizlik i\u015fleri gibi i\u00e7me suyu kalitesinde olmas\u0131 gerekmeyen alanlarda kullan\u0131larak, \u015febeke suyuna duyulan ihtiya\u00e7 azalt\u0131lmaktad\u0131r. gri su proje gri su ar\u0131tma fiyat\u0131\" \/>\n<meta name=\"robots\" content=\"index, follow, max-snippet:-1, max-image-preview:large, max-video-preview:-1\" \/>\n<link rel=\"canonical\" href=\"https:\/\/www.biyochem.com.tr\/en\/gri-su-aritma-sistemler\/\" \/>\n<meta property=\"og:locale\" content=\"en_US\" \/>\n<meta property=\"og:type\" content=\"article\" \/>\n<meta property=\"og:title\" content=\"Gri Su Ar\u0131tma Sistemleri | Biyochem M&uuml;hendislik\" \/>\n<meta property=\"og:description\" content=\"Foseptik at\u0131\u011f\u0131 i\u00e7ermeyen, du\u015f, k\u00fcvet ve lavabolardan gelen az kirli evsel at\u0131k sulara \u201cGri Su\u201ddenir. Gri Su geri kazan\u0131larak; rezervuar besleme, bah\u00e7e sulama, ara\u00e7 y\u0131kama, kaba temizlik i\u015fleri gibi i\u00e7me suyu kalitesinde olmas\u0131 gerekmeyen alanlarda kullan\u0131larak, \u015febeke suyuna duyulan ihtiya\u00e7 azalt\u0131lmaktad\u0131r. gri su proje gri su ar\u0131tma fiyat\u0131\" \/>\n<meta property=\"og:url\" content=\"https:\/\/www.biyochem.com.tr\/en\/gri-su-aritma-sistemler\/\" \/>\n<meta property=\"og:site_name\" content=\"Biyochem M&uuml;hendislik\" \/>\n<meta property=\"article:modified_time\" content=\"2021-07-06T16:28:53+00:00\" \/>\n<meta name=\"twitter:card\" content=\"summary_large_image\" \/>\n<meta name=\"twitter:label1\" content=\"Est. reading time\" \/>\n\t<meta name=\"twitter:data1\" content=\"1 minute\" \/>\n<script type=\"application\/ld+json\" class=\"yoast-schema-graph\">{\"@context\":\"https:\/\/schema.org\",\"@graph\":[{\"@type\":\"WebPage\",\"@id\":\"https:\/\/www.biyochem.com.tr\/gri-su-aritma-sistemler\/\",\"url\":\"https:\/\/www.biyochem.com.tr\/gri-su-aritma-sistemler\/\",\"name\":\"Gri Su Ar\u0131tma Sistemleri | Biyochem M&uuml;hendislik\",\"isPartOf\":{\"@id\":\"https:\/\/www.biyochem.com.tr\/#website\"},\"datePublished\":\"2021-06-01T19:06:18+00:00\",\"dateModified\":\"2021-07-06T16:28:53+00:00\",\"description\":\"Foseptik at\u0131\u011f\u0131 i\u00e7ermeyen, du\u015f, k\u00fcvet ve lavabolardan gelen az kirli evsel at\u0131k sulara \u201cGri Su\u201ddenir. Gri Su geri kazan\u0131larak; rezervuar besleme, bah\u00e7e sulama, ara\u00e7 y\u0131kama, kaba temizlik i\u015fleri gibi i\u00e7me suyu kalitesinde olmas\u0131 gerekmeyen alanlarda kullan\u0131larak, \u015febeke suyuna duyulan ihtiya\u00e7 azalt\u0131lmaktad\u0131r. gri su proje gri su ar\u0131tma fiyat\u0131\",\"breadcrumb\":{\"@id\":\"https:\/\/www.biyochem.com.tr\/gri-su-aritma-sistemler\/#breadcrumb\"},\"inLanguage\":\"en-US\",\"potentialAction\":[{\"@type\":\"ReadAction\",\"target\":[\"https:\/\/www.biyochem.com.tr\/gri-su-aritma-sistemler\/\"]}]},{\"@type\":\"BreadcrumbList\",\"@id\":\"https:\/\/www.biyochem.com.tr\/gri-su-aritma-sistemler\/#breadcrumb\",\"itemListElement\":[{\"@type\":\"ListItem\",\"position\":1,\"name\":\"Home\",\"item\":\"https:\/\/www.biyochem.com.tr\/\"},{\"@type\":\"ListItem\",\"position\":2,\"name\":\"Gri Su Ar\u0131tma Sistemleri\"}]},{\"@type\":\"WebSite\",\"@id\":\"https:\/\/www.biyochem.com.tr\/#website\",\"url\":\"https:\/\/www.biyochem.com.tr\/\",\"name\":\"Biyochem M&uuml;hendislik\",\"description\":\"Su ar\u0131tma ve kimyasallar\u0131\",\"publisher\":{\"@id\":\"https:\/\/www.biyochem.com.tr\/#organization\"},\"potentialAction\":[{\"@type\":\"SearchAction\",\"target\":{\"@type\":\"EntryPoint\",\"urlTemplate\":\"https:\/\/www.biyochem.com.tr\/?s={search_term_string}\"},\"query-input\":{\"@type\":\"PropertyValueSpecification\",\"valueRequired\":true,\"valueName\":\"search_term_string\"}}],\"inLanguage\":\"en-US\"},{\"@type\":\"Organization\",\"@id\":\"https:\/\/www.biyochem.com.tr\/#organization\",\"name\":\"Biyochem M\u00fchendislik Su ar\u0131tma sistemleri ve kimyasallar\u0131\",\"url\":\"https:\/\/www.biyochem.com.tr\/\",\"logo\":{\"@type\":\"ImageObject\",\"inLanguage\":\"en-US\",\"@id\":\"https:\/\/www.biyochem.com.tr\/#\/schema\/logo\/image\/\",\"url\":\"https:\/\/www.biyochem.com.tr\/wp-content\/uploads\/2021\/05\/bc.png\",\"contentUrl\":\"https:\/\/www.biyochem.com.tr\/wp-content\/uploads\/2021\/05\/bc.png\",\"width\":433,\"height\":105,\"caption\":\"Biyochem M\u00fchendislik Su ar\u0131tma sistemleri ve kimyasallar\u0131\"},\"image\":{\"@id\":\"https:\/\/www.biyochem.com.tr\/#\/schema\/logo\/image\/\"}}]}<\/script>\n<!-- \/ Yoast SEO plugin. -->","yoast_head_json":{"title":"Gri Su Ar\u0131tma Sistemleri | Biyochem M&uuml;hendislik","description":"Foseptik at\u0131\u011f\u0131 i\u00e7ermeyen, du\u015f, k\u00fcvet ve lavabolardan gelen az kirli evsel at\u0131k sulara \u201cGri Su\u201ddenir. Gri Su geri kazan\u0131larak; rezervuar besleme, bah\u00e7e sulama, ara\u00e7 y\u0131kama, kaba temizlik i\u015fleri gibi i\u00e7me suyu kalitesinde olmas\u0131 gerekmeyen alanlarda kullan\u0131larak, \u015febeke suyuna duyulan ihtiya\u00e7 azalt\u0131lmaktad\u0131r. gri su proje gri su ar\u0131tma fiyat\u0131","robots":{"index":"index","follow":"follow","max-snippet":"max-snippet:-1","max-image-preview":"max-image-preview:large","max-video-preview":"max-video-preview:-1"},"canonical":"https:\/\/www.biyochem.com.tr\/en\/gri-su-aritma-sistemler\/","og_locale":"en_US","og_type":"article","og_title":"Gri Su Ar\u0131tma Sistemleri | Biyochem M&uuml;hendislik","og_description":"Foseptik at\u0131\u011f\u0131 i\u00e7ermeyen, du\u015f, k\u00fcvet ve lavabolardan gelen az kirli evsel at\u0131k sulara \u201cGri Su\u201ddenir. Gri Su geri kazan\u0131larak; rezervuar besleme, bah\u00e7e sulama, ara\u00e7 y\u0131kama, kaba temizlik i\u015fleri gibi i\u00e7me suyu kalitesinde olmas\u0131 gerekmeyen alanlarda kullan\u0131larak, \u015febeke suyuna duyulan ihtiya\u00e7 azalt\u0131lmaktad\u0131r. gri su proje gri su ar\u0131tma fiyat\u0131","og_url":"https:\/\/www.biyochem.com.tr\/en\/gri-su-aritma-sistemler\/","og_site_name":"Biyochem M&uuml;hendislik","article_modified_time":"2021-07-06T16:28:53+00:00","twitter_card":"summary_large_image","twitter_misc":{"Est. reading time":"1 minute"},"schema":{"@context":"https:\/\/schema.org","@graph":[{"@type":"WebPage","@id":"https:\/\/www.biyochem.com.tr\/gri-su-aritma-sistemler\/","url":"https:\/\/www.biyochem.com.tr\/gri-su-aritma-sistemler\/","name":"Gri Su Ar\u0131tma Sistemleri | Biyochem M&uuml;hendislik","isPartOf":{"@id":"https:\/\/www.biyochem.com.tr\/#website"},"datePublished":"2021-06-01T19:06:18+00:00","dateModified":"2021-07-06T16:28:53+00:00","description":"Foseptik at\u0131\u011f\u0131 i\u00e7ermeyen, du\u015f, k\u00fcvet ve lavabolardan gelen az kirli evsel at\u0131k sulara \u201cGri Su\u201ddenir. Gri Su geri kazan\u0131larak; rezervuar besleme, bah\u00e7e sulama, ara\u00e7 y\u0131kama, kaba temizlik i\u015fleri gibi i\u00e7me suyu kalitesinde olmas\u0131 gerekmeyen alanlarda kullan\u0131larak, \u015febeke suyuna duyulan ihtiya\u00e7 azalt\u0131lmaktad\u0131r. gri su proje gri su ar\u0131tma fiyat\u0131","breadcrumb":{"@id":"https:\/\/www.biyochem.com.tr\/gri-su-aritma-sistemler\/#breadcrumb"},"inLanguage":"en-US","potentialAction":[{"@type":"ReadAction","target":["https:\/\/www.biyochem.com.tr\/gri-su-aritma-sistemler\/"]}]},{"@type":"BreadcrumbList","@id":"https:\/\/www.biyochem.com.tr\/gri-su-aritma-sistemler\/#breadcrumb","itemListElement":[{"@type":"ListItem","position":1,"name":"Home","item":"https:\/\/www.biyochem.com.tr\/"},{"@type":"ListItem","position":2,"name":"Gri Su Ar\u0131tma Sistemleri"}]},{"@type":"WebSite","@id":"https:\/\/www.biyochem.com.tr\/#website","url":"https:\/\/www.biyochem.com.tr\/","name":"Biyochem M&uuml;hendislik","description":"Su ar\u0131tma ve kimyasallar\u0131","publisher":{"@id":"https:\/\/www.biyochem.com.tr\/#organization"},"potentialAction":[{"@type":"SearchAction","target":{"@type":"EntryPoint","urlTemplate":"https:\/\/www.biyochem.com.tr\/?s={search_term_string}"},"query-input":{"@type":"PropertyValueSpecification","valueRequired":true,"valueName":"search_term_string"}}],"inLanguage":"en-US"},{"@type":"Organization","@id":"https:\/\/www.biyochem.com.tr\/#organization","name":"Biyochem M\u00fchendislik Su ar\u0131tma sistemleri ve kimyasallar\u0131","url":"https:\/\/www.biyochem.com.tr\/","logo":{"@type":"ImageObject","inLanguage":"en-US","@id":"https:\/\/www.biyochem.com.tr\/#\/schema\/logo\/image\/","url":"https:\/\/www.biyochem.com.tr\/wp-content\/uploads\/2021\/05\/bc.png","contentUrl":"https:\/\/www.biyochem.com.tr\/wp-content\/uploads\/2021\/05\/bc.png","width":433,"height":105,"caption":"Biyochem M\u00fchendislik Su ar\u0131tma sistemleri ve kimyasallar\u0131"},"image":{"@id":"https:\/\/www.biyochem.com.tr\/#\/schema\/logo\/image\/"}}]}},"_links":{"self":[{"href":"https:\/\/www.biyochem.com.tr\/en\/wp-json\/wp\/v2\/pages\/289","targetHints":{"allow":["GET"]}}],"collection":[{"href":"https:\/\/www.biyochem.com.tr\/en\/wp-json\/wp\/v2\/pages"}],"about":[{"href":"https:\/\/www.biyochem.com.tr\/en\/wp-json\/wp\/v2\/types\/page"}],"author":[{"embeddable":true,"href":"https:\/\/www.biyochem.com.tr\/en\/wp-json\/wp\/v2\/users\/1"}],"replies":[{"embeddable":true,"href":"https:\/\/www.biyochem.com.tr\/en\/wp-json\/wp\/v2\/comments?post=289"}],"version-history":[{"count":2,"href":"https:\/\/www.biyochem.com.tr\/en\/wp-json\/wp\/v2\/pages\/289\/revisions"}],"predecessor-version":[{"id":291,"href":"https:\/\/www.biyochem.com.tr\/en\/wp-json\/wp\/v2\/pages\/289\/revisions\/291"}],"wp:attachment":[{"href":"https:\/\/www.biyochem.com.tr\/en\/wp-json\/wp\/v2\/media?parent=289"}],"curies":[{"name":"wp","href":"https:\/\/api.w.org\/{rel}","templated":true}]}}