{"id":293,"date":"2021-06-01T20:21:02","date_gmt":"2021-06-01T20:21:02","guid":{"rendered":"https:\/\/www.biyochem.com.tr\/?page_id=293"},"modified":"2021-06-01T20:22:32","modified_gmt":"2021-06-01T20:22:32","slug":"deniz-suyu-aritma","status":"publish","type":"page","link":"https:\/\/www.biyochem.com.tr\/en\/deniz-suyu-aritma\/","title":{"rendered":"Sea Water Treatment Systems"},"content":{"rendered":"<div class=\"vce-row-container\" data-vce-boxed-width=\"true\"><div class=\"vce-row vce-row--col-gap-30 vce-row-equal-height vce-row-content--top\" id=\"el-d6d846d8\" data-vce-do-apply=\"all el-d6d846d8\"><div class=\"vce-row-content\" data-vce-element-content=\"true\"><div class=\"vce-col vce-col--md-auto vce-col--xs-1 vce-col--xs-last vce-col--xs-first vce-col--sm-last vce-col--sm-first vce-col--md-last vce-col--lg-last vce-col--xl-last vce-col--md-first vce-col--lg-first vce-col--xl-first\" id=\"el-ce0622f8\"><div class=\"vce-col-inner\" data-vce-do-apply=\"border margin background  el-ce0622f8\"><div class=\"vce-col-content\" data-vce-element-content=\"true\" data-vce-do-apply=\"padding el-ce0622f8\"><div class=\"vce-text-block\"><div class=\"vce-text-block-wrapper vce\" id=\"el-2bd23b34\" data-vce-do-apply=\"all el-2bd23b34\">\n<p>Nowadays, the gradual decrease and pollution of surface and underground waters, salinization, and absence of them in some places, has led humanity to sea water treatment.<br>In the reverse osmosis method, it is defined as the physical purification process applied by subjecting seawater to high pressure and separating large-scale insoluble compounds and passing only compounds with very small molecular diameters through membranes. In short, it is the physical treatment of sea water by means of membranes with high pressure.<br>Energy consumption is minimized with the recovery found in the standard of Biyochem Sea Water Treatment Systems. We keep the efficiency at the optimum level by using the highest quality products in system equipment.<\/p>\n<\/div><\/div><div class=\"vce-single-image-container vce-single-image--align-center\"><div class=\"vce vce-single-image-wrapper\" id=\"el-07781b55\" data-vce-do-apply=\"all el-07781b55\"><figure><div class=\"vce-single-image-inner vce-single-image--absolute\" style=\"padding-bottom: 56.1111%; width: 540px;\"><img loading=\"lazy\" decoding=\"async\" class=\"vce-single-image vcv-lozad\" data-src=\"https:\/\/www.biyochem.com.tr\/wp-content\/uploads\/2021\/06\/deniz-suyu-aritma.png\" width=\"540\" height=\"303\" src=\"\" data-img-src=\"https:\/\/www.biyochem.com.tr\/wp-content\/uploads\/2021\/06\/deniz-suyu-aritma.png\" alt=\"\" title=\"deniz suyu ar\u0131tma\" \/><noscript>\n        <img loading=\"lazy\" decoding=\"async\" class=\"vce-single-image\" src=\"https:\/\/www.biyochem.com.tr\/wp-content\/uploads\/2021\/06\/deniz-suyu-aritma.png\" width=\"540\" height=\"303\" alt=\"\" title=\"deniz suyu ar\u0131tma\" \/>\n      <\/noscript><\/div><figcaption hidden=\"\"><\/figcaption><\/figure><\/div><\/div><\/div><\/div><\/div><\/div><\/div><\/div>","protected":false},"excerpt":{"rendered":"<p>G\u00fcn\u00fcm\u00fczde, yer \u00fcst\u00fc ve yer alt\u0131 sular\u0131n\u0131n giderek azalmas\u0131 ve kirlenmesi tuzlanmas\u0131, baz\u0131 yerlerde ise hi\u00e7 bulunmamas\u0131 insanl\u0131\u011f\u0131, deniz suyu ar\u0131t\u0131m\u0131na y\u00f6neltmi\u015ftir.Ters osmoz y\u00f6nteminde, deniz suyu y\u00fcksek bas\u0131nca tabi tutularak b\u00fcy\u00fck \u00e7apl\u0131 \u00e7\u00f6z\u00fcnmeyen bile\u015fikler ayr\u0131larak sadece \u00e7ok k\u00fc\u00e7\u00fck molek\u00fcl \u00e7ap\u0131na sahip bile\u015fiklerin membranlardan ge\u00e7mesiyle uygulanan fiziksel ar\u0131tma i\u015flemi olarak tan\u0131mlan\u0131r. K\u0131saca, deniz suyunun y\u00fcksek bas\u0131n\u00e7la &#8230; <a title=\"Sea Water Treatment Systems\" class=\"read-more\" href=\"https:\/\/www.biyochem.com.tr\/en\/deniz-suyu-aritma\/\" aria-label=\"Read more about Deniz Suyu Ar\u0131tma Sistemleri\">Read more<\/a><\/p>","protected":false},"author":1,"featured_media":0,"parent":0,"menu_order":0,"comment_status":"closed","ping_status":"closed","template":"","meta":{"footnotes":""},"class_list":["post-293","page","type-page","status-publish"],"yoast_head":"<!-- This site is optimized with the Yoast SEO plugin v24.2 - https:\/\/yoast.com\/wordpress\/plugins\/seo\/ -->\n<title>Deniz Suyu Ar\u0131tma Sistemleri | Biyochem M&uuml;hendislik<\/title>\n<meta name=\"description\" content=\"G\u00fcn\u00fcm\u00fczde, yer \u00fcst\u00fc ve yer alt\u0131 sular\u0131n\u0131n giderek azalmas\u0131 ve kirlenmesi tuzlanmas\u0131, baz\u0131 yerlerde ise hi\u00e7 bulunmamas\u0131 insanl\u0131\u011f\u0131, deniz suyu ar\u0131tma sistemlerine y\u00f6nelmi\u015ftir.\" \/>\n<meta name=\"robots\" content=\"index, follow, max-snippet:-1, max-image-preview:large, max-video-preview:-1\" \/>\n<link rel=\"canonical\" href=\"https:\/\/www.biyochem.com.tr\/en\/deniz-suyu-aritma\/\" \/>\n<meta property=\"og:locale\" content=\"en_US\" \/>\n<meta property=\"og:type\" content=\"article\" \/>\n<meta property=\"og:title\" content=\"Deniz Suyu Ar\u0131tma Sistemleri | Biyochem M&uuml;hendislik\" \/>\n<meta property=\"og:description\" content=\"G\u00fcn\u00fcm\u00fczde, yer \u00fcst\u00fc ve yer alt\u0131 sular\u0131n\u0131n giderek azalmas\u0131 ve kirlenmesi tuzlanmas\u0131, baz\u0131 yerlerde ise hi\u00e7 bulunmamas\u0131 insanl\u0131\u011f\u0131, deniz suyu ar\u0131tma sistemlerine y\u00f6nelmi\u015ftir.\" \/>\n<meta property=\"og:url\" content=\"https:\/\/www.biyochem.com.tr\/en\/deniz-suyu-aritma\/\" \/>\n<meta property=\"og:site_name\" content=\"Biyochem M&uuml;hendislik\" \/>\n<meta property=\"article:modified_time\" content=\"2021-06-01T20:22:32+00:00\" \/>\n<meta name=\"twitter:card\" content=\"summary_large_image\" \/>\n<meta name=\"twitter:label1\" content=\"Est. reading time\" \/>\n\t<meta name=\"twitter:data1\" content=\"1 minute\" \/>\n<script type=\"application\/ld+json\" class=\"yoast-schema-graph\">{\"@context\":\"https:\/\/schema.org\",\"@graph\":[{\"@type\":\"WebPage\",\"@id\":\"https:\/\/www.biyochem.com.tr\/en\/deniz-suyu-aritma\/\",\"url\":\"https:\/\/www.biyochem.com.tr\/en\/deniz-suyu-aritma\/\",\"name\":\"Deniz Suyu Ar\u0131tma Sistemleri | Biyochem M&uuml;hendislik\",\"isPartOf\":{\"@id\":\"https:\/\/www.biyochem.com.tr\/#website\"},\"datePublished\":\"2021-06-01T20:21:02+00:00\",\"dateModified\":\"2021-06-01T20:22:32+00:00\",\"description\":\"G\u00fcn\u00fcm\u00fczde, yer \u00fcst\u00fc ve yer alt\u0131 sular\u0131n\u0131n giderek azalmas\u0131 ve kirlenmesi tuzlanmas\u0131, baz\u0131 yerlerde ise hi\u00e7 bulunmamas\u0131 insanl\u0131\u011f\u0131, deniz suyu ar\u0131tma sistemlerine y\u00f6nelmi\u015ftir.\",\"breadcrumb\":{\"@id\":\"https:\/\/www.biyochem.com.tr\/en\/deniz-suyu-aritma\/#breadcrumb\"},\"inLanguage\":\"en-US\",\"potentialAction\":[{\"@type\":\"ReadAction\",\"target\":[\"https:\/\/www.biyochem.com.tr\/en\/deniz-suyu-aritma\/\"]}]},{\"@type\":\"BreadcrumbList\",\"@id\":\"https:\/\/www.biyochem.com.tr\/en\/deniz-suyu-aritma\/#breadcrumb\",\"itemListElement\":[{\"@type\":\"ListItem\",\"position\":1,\"name\":\"Home\",\"item\":\"https:\/\/www.biyochem.com.tr\/\"},{\"@type\":\"ListItem\",\"position\":2,\"name\":\"Deniz Suyu Ar\u0131tma Sistemleri\"}]},{\"@type\":\"WebSite\",\"@id\":\"https:\/\/www.biyochem.com.tr\/#website\",\"url\":\"https:\/\/www.biyochem.com.tr\/\",\"name\":\"Biyochem M&uuml;hendislik\",\"description\":\"Su ar\u0131tma ve kimyasallar\u0131\",\"publisher\":{\"@id\":\"https:\/\/www.biyochem.com.tr\/#organization\"},\"potentialAction\":[{\"@type\":\"SearchAction\",\"target\":{\"@type\":\"EntryPoint\",\"urlTemplate\":\"https:\/\/www.biyochem.com.tr\/?s={search_term_string}\"},\"query-input\":{\"@type\":\"PropertyValueSpecification\",\"valueRequired\":true,\"valueName\":\"search_term_string\"}}],\"inLanguage\":\"en-US\"},{\"@type\":\"Organization\",\"@id\":\"https:\/\/www.biyochem.com.tr\/#organization\",\"name\":\"Biyochem M\u00fchendislik Su ar\u0131tma sistemleri ve kimyasallar\u0131\",\"url\":\"https:\/\/www.biyochem.com.tr\/\",\"logo\":{\"@type\":\"ImageObject\",\"inLanguage\":\"en-US\",\"@id\":\"https:\/\/www.biyochem.com.tr\/#\/schema\/logo\/image\/\",\"url\":\"https:\/\/www.biyochem.com.tr\/wp-content\/uploads\/2021\/05\/bc.png\",\"contentUrl\":\"https:\/\/www.biyochem.com.tr\/wp-content\/uploads\/2021\/05\/bc.png\",\"width\":433,\"height\":105,\"caption\":\"Biyochem M\u00fchendislik Su ar\u0131tma sistemleri ve kimyasallar\u0131\"},\"image\":{\"@id\":\"https:\/\/www.biyochem.com.tr\/#\/schema\/logo\/image\/\"}}]}<\/script>\n<!-- \/ Yoast SEO plugin. -->","yoast_head_json":{"title":"Deniz Suyu Ar\u0131tma Sistemleri | Biyochem M&uuml;hendislik","description":"G\u00fcn\u00fcm\u00fczde, yer \u00fcst\u00fc ve yer alt\u0131 sular\u0131n\u0131n giderek azalmas\u0131 ve kirlenmesi tuzlanmas\u0131, baz\u0131 yerlerde ise hi\u00e7 bulunmamas\u0131 insanl\u0131\u011f\u0131, deniz suyu ar\u0131tma sistemlerine y\u00f6nelmi\u015ftir.","robots":{"index":"index","follow":"follow","max-snippet":"max-snippet:-1","max-image-preview":"max-image-preview:large","max-video-preview":"max-video-preview:-1"},"canonical":"https:\/\/www.biyochem.com.tr\/en\/deniz-suyu-aritma\/","og_locale":"en_US","og_type":"article","og_title":"Deniz Suyu Ar\u0131tma Sistemleri | Biyochem M&uuml;hendislik","og_description":"G\u00fcn\u00fcm\u00fczde, yer \u00fcst\u00fc ve yer alt\u0131 sular\u0131n\u0131n giderek azalmas\u0131 ve kirlenmesi tuzlanmas\u0131, baz\u0131 yerlerde ise hi\u00e7 bulunmamas\u0131 insanl\u0131\u011f\u0131, deniz suyu ar\u0131tma sistemlerine y\u00f6nelmi\u015ftir.","og_url":"https:\/\/www.biyochem.com.tr\/en\/deniz-suyu-aritma\/","og_site_name":"Biyochem M&uuml;hendislik","article_modified_time":"2021-06-01T20:22:32+00:00","twitter_card":"summary_large_image","twitter_misc":{"Est. reading time":"1 minute"},"schema":{"@context":"https:\/\/schema.org","@graph":[{"@type":"WebPage","@id":"https:\/\/www.biyochem.com.tr\/en\/deniz-suyu-aritma\/","url":"https:\/\/www.biyochem.com.tr\/en\/deniz-suyu-aritma\/","name":"Deniz Suyu Ar\u0131tma Sistemleri | Biyochem M&uuml;hendislik","isPartOf":{"@id":"https:\/\/www.biyochem.com.tr\/#website"},"datePublished":"2021-06-01T20:21:02+00:00","dateModified":"2021-06-01T20:22:32+00:00","description":"G\u00fcn\u00fcm\u00fczde, yer \u00fcst\u00fc ve yer alt\u0131 sular\u0131n\u0131n giderek azalmas\u0131 ve kirlenmesi tuzlanmas\u0131, baz\u0131 yerlerde ise hi\u00e7 bulunmamas\u0131 insanl\u0131\u011f\u0131, deniz suyu ar\u0131tma sistemlerine y\u00f6nelmi\u015ftir.","breadcrumb":{"@id":"https:\/\/www.biyochem.com.tr\/en\/deniz-suyu-aritma\/#breadcrumb"},"inLanguage":"en-US","potentialAction":[{"@type":"ReadAction","target":["https:\/\/www.biyochem.com.tr\/en\/deniz-suyu-aritma\/"]}]},{"@type":"BreadcrumbList","@id":"https:\/\/www.biyochem.com.tr\/en\/deniz-suyu-aritma\/#breadcrumb","itemListElement":[{"@type":"ListItem","position":1,"name":"Home","item":"https:\/\/www.biyochem.com.tr\/"},{"@type":"ListItem","position":2,"name":"Deniz Suyu Ar\u0131tma Sistemleri"}]},{"@type":"WebSite","@id":"https:\/\/www.biyochem.com.tr\/#website","url":"https:\/\/www.biyochem.com.tr\/","name":"Biyochem M&uuml;hendislik","description":"Su ar\u0131tma ve kimyasallar\u0131","publisher":{"@id":"https:\/\/www.biyochem.com.tr\/#organization"},"potentialAction":[{"@type":"SearchAction","target":{"@type":"EntryPoint","urlTemplate":"https:\/\/www.biyochem.com.tr\/?s={search_term_string}"},"query-input":{"@type":"PropertyValueSpecification","valueRequired":true,"valueName":"search_term_string"}}],"inLanguage":"en-US"},{"@type":"Organization","@id":"https:\/\/www.biyochem.com.tr\/#organization","name":"Biyochem M\u00fchendislik Su ar\u0131tma sistemleri ve kimyasallar\u0131","url":"https:\/\/www.biyochem.com.tr\/","logo":{"@type":"ImageObject","inLanguage":"en-US","@id":"https:\/\/www.biyochem.com.tr\/#\/schema\/logo\/image\/","url":"https:\/\/www.biyochem.com.tr\/wp-content\/uploads\/2021\/05\/bc.png","contentUrl":"https:\/\/www.biyochem.com.tr\/wp-content\/uploads\/2021\/05\/bc.png","width":433,"height":105,"caption":"Biyochem M\u00fchendislik Su ar\u0131tma sistemleri ve kimyasallar\u0131"},"image":{"@id":"https:\/\/www.biyochem.com.tr\/#\/schema\/logo\/image\/"}}]}},"_links":{"self":[{"href":"https:\/\/www.biyochem.com.tr\/en\/wp-json\/wp\/v2\/pages\/293","targetHints":{"allow":["GET"]}}],"collection":[{"href":"https:\/\/www.biyochem.com.tr\/en\/wp-json\/wp\/v2\/pages"}],"about":[{"href":"https:\/\/www.biyochem.com.tr\/en\/wp-json\/wp\/v2\/types\/page"}],"author":[{"embeddable":true,"href":"https:\/\/www.biyochem.com.tr\/en\/wp-json\/wp\/v2\/users\/1"}],"replies":[{"embeddable":true,"href":"https:\/\/www.biyochem.com.tr\/en\/wp-json\/wp\/v2\/comments?post=293"}],"version-history":[{"count":2,"href":"https:\/\/www.biyochem.com.tr\/en\/wp-json\/wp\/v2\/pages\/293\/revisions"}],"predecessor-version":[{"id":296,"href":"https:\/\/www.biyochem.com.tr\/en\/wp-json\/wp\/v2\/pages\/293\/revisions\/296"}],"wp:attachment":[{"href":"https:\/\/www.biyochem.com.tr\/en\/wp-json\/wp\/v2\/media?parent=293"}],"curies":[{"name":"wp","href":"https:\/\/api.w.org\/{rel}","templated":true}]}}