{"id":297,"date":"2021-06-01T20:46:54","date_gmt":"2021-06-01T20:46:54","guid":{"rendered":"https:\/\/www.biyochem.com.tr\/?page_id=297"},"modified":"2021-06-01T20:50:22","modified_gmt":"2021-06-01T20:50:22","slug":"yuzey-suyu-aritma-yontemleri","status":"publish","type":"page","link":"https:\/\/www.biyochem.com.tr\/en\/yuzey-suyu-aritma-yontemleri\/","title":{"rendered":"Surface Water Treatment Systems"},"content":{"rendered":"<div class=\"vce-row-container\" data-vce-boxed-width=\"true\"><div class=\"vce-row vce-row--col-gap-30 vce-row-equal-height vce-row-content--top\" id=\"el-bb03d5cb\" data-vce-do-apply=\"all el-bb03d5cb\"><div class=\"vce-row-content\" data-vce-element-content=\"true\"><div class=\"vce-col vce-col--md-auto vce-col--xs-1 vce-col--xs-last vce-col--xs-first vce-col--sm-last vce-col--sm-first vce-col--md-last vce-col--lg-last vce-col--xl-last vce-col--md-first vce-col--lg-first vce-col--xl-first\" id=\"el-a5c3946e\"><div class=\"vce-col-inner\" data-vce-do-apply=\"border margin background  el-a5c3946e\"><div class=\"vce-col-content\" data-vce-element-content=\"true\" data-vce-do-apply=\"padding el-a5c3946e\"><div class=\"vce-text-block\"><div class=\"vce-text-block-wrapper vce\" id=\"el-4fb3f78b\" data-vce-do-apply=\"all el-4fb3f78b\">\n<p>Due to the high cost of drinking water and the fact that water is not always available, more and more industries and municipalities use treated surface water. Normally the surface water needs to be treated before it has the required water quality. Surface water typically contains a high suspended solids content, bacteria, algae, organic matter, creating bad taste and odour. In some areas, like river estuaries, surface water can be brackish, reaching up to 8000 mg\/L of salts.<\/p>\n\n<p>&nbsp;<\/p>\n<!-- \/wp:paragraph --><\/div><\/div><\/div><\/div><\/div><\/div><\/div><\/div><div class=\"vce-row-container\" data-vce-boxed-width=\"true\"><div class=\"vce-row vce-row--col-gap-30 vce-row-equal-height vce-row-content--top\" id=\"el-8ed8c79d\" data-vce-do-apply=\"all el-8ed8c79d\"><div class=\"vce-row-content\" data-vce-element-content=\"true\"><div class=\"vce-col vce-col--md-auto vce-col--xs-1 vce-col--xs-last vce-col--xs-first vce-col--sm-last vce-col--sm-first vce-col--md-first vce-col--lg-first vce-col--xl-first\" id=\"el-2b0d6fb8\"><div class=\"vce-col-inner\" data-vce-do-apply=\"border margin background  el-2b0d6fb8\"><div class=\"vce-col-content\" data-vce-element-content=\"true\" data-vce-do-apply=\"padding el-2b0d6fb8\"><div class=\"vce-text-block\"><div class=\"vce-text-block-wrapper vce\" id=\"el-444db55a\" data-vce-do-apply=\"all el-444db55a\"><p>Two processes are commonly used to treat surface water:<\/p>\n<p>\u2022 Conventional treatment including clarification (coagulation\/flocculation, sedimentation or dissolved air flotation), sand filtration, activated carbon adsorption and disinfection.<\/p>\n<p>\u2022 Advanced treatment based on ultrafiltration technology.<\/p><\/div><\/div><\/div><\/div><\/div><div class=\"vce-col vce-col--md-auto vce-col--xs-1 vce-col--xs-last vce-col--xs-first vce-col--sm-last vce-col--sm-first vce-col--md-last vce-col--lg-last vce-col--xl-last\" id=\"el-04809673\"><div class=\"vce-col-inner\" data-vce-do-apply=\"border margin background  el-04809673\"><div class=\"vce-col-content\" data-vce-element-content=\"true\" data-vce-do-apply=\"padding el-04809673\"><div class=\"vce-single-image-container vce-single-image--align-center\"><div class=\"vce vce-single-image-wrapper\" id=\"el-06b7f2ec\" data-vce-do-apply=\"all el-06b7f2ec\"><figure><div class=\"vce-single-image-inner vce-single-image--absolute\" style=\"padding-bottom: 75.2137%; width: 468px;\"><img loading=\"lazy\" decoding=\"async\" class=\"vce-single-image vcv-lozad\" data-src=\"https:\/\/www.biyochem.com.tr\/wp-content\/uploads\/2021\/06\/yuzey-suyu-aritma.png\" width=\"468\" height=\"352\" src=\"\" data-img-src=\"https:\/\/www.biyochem.com.tr\/wp-content\/uploads\/2021\/06\/yuzey-suyu-aritma.png\" alt=\"\" title=\"y\u00fczey suyu ar\u0131tma\" \/><noscript>\n        <img loading=\"lazy\" decoding=\"async\" class=\"vce-single-image\" src=\"https:\/\/www.biyochem.com.tr\/wp-content\/uploads\/2021\/06\/yuzey-suyu-aritma.png\" width=\"468\" height=\"352\" alt=\"\" title=\"y\u00fczey suyu ar\u0131tma\" \/>\n      <\/noscript><\/div><figcaption hidden=\"\"><\/figcaption><\/figure><\/div><\/div><\/div><\/div><\/div><\/div><\/div><\/div><div class=\"vce-row-container\" data-vce-boxed-width=\"true\"><div class=\"vce-row vce-row--col-gap-30 vce-row-equal-height vce-row-content--top\" id=\"el-24f2fe6e\" data-vce-do-apply=\"all el-24f2fe6e\"><div class=\"vce-row-content\" data-vce-element-content=\"true\"><div class=\"vce-col vce-col--md-auto vce-col--xs-1 vce-col--xs-last vce-col--xs-first vce-col--sm-last vce-col--sm-first vce-col--md-last vce-col--lg-last vce-col--xl-last vce-col--md-first vce-col--lg-first vce-col--xl-first\" id=\"el-b62a98a6\"><div class=\"vce-col-inner\" data-vce-do-apply=\"border margin background  el-b62a98a6\"><div class=\"vce-col-content\" data-vce-element-content=\"true\" data-vce-do-apply=\"padding el-b62a98a6\"><\/div><\/div><\/div><\/div><\/div><\/div>","protected":false},"excerpt":{"rendered":"<p>\u0130\u00e7me suyu maliyetinin y\u00fcksek olmas\u0131 ve suyun her zaman mevcut olmamas\u0131 nedeniyle, end\u00fcstri sekt\u00f6r\u00fc ve belediyeler ar\u0131t\u0131lm\u0131\u015f y\u00fczey suyunu daha fazla kullanmaktad\u0131r. Normalde y\u00fczey suyunun gerekli su kalitesine ula\u015fmadan \u00f6nce ar\u0131t\u0131lmas\u0131 gerekir. Y\u00fczey suyu tipik olarak y\u00fcksek oranda ask\u0131da kat\u0131 madde i\u00e7eri\u011fi, bakteri, yosun, organik madde i\u00e7erir ve k\u00f6t\u00fc tat ile koku olu\u015fturur. Nehir hali\u00e7leri &#8230; <a title=\"Surface Water Treatment Systems\" class=\"read-more\" href=\"https:\/\/www.biyochem.com.tr\/en\/yuzey-suyu-aritma-yontemleri\/\" aria-label=\"Read more about Y\u00fczey Suyu Ar\u0131tma Y\u00f6ntemleri\">Read more<\/a><\/p>","protected":false},"author":1,"featured_media":0,"parent":0,"menu_order":0,"comment_status":"closed","ping_status":"closed","template":"","meta":{"footnotes":""},"class_list":["post-297","page","type-page","status-publish"],"yoast_head":"<!-- This site is optimized with the Yoast SEO plugin v24.2 - https:\/\/yoast.com\/wordpress\/plugins\/seo\/ -->\n<title>Y\u00fczey Suyu Ar\u0131tma Y\u00f6ntemleri | Biyochem M&uuml;hendislik<\/title>\n<meta name=\"description\" content=\"Y\u00fczey suyunu ar\u0131tmak i\u00e7in yayg\u0131n olarak iki i\u015flem kullan\u0131l\u0131r. \u2022 Ar\u0131tma, kum filtrasyonu, aktif karbon adsorpsiyonu ve dezenfeksiyon,Ultrafiltrasyon teknolojisine dayal\u0131 ar\u0131tma\" \/>\n<meta name=\"robots\" content=\"index, follow, max-snippet:-1, max-image-preview:large, max-video-preview:-1\" \/>\n<link rel=\"canonical\" href=\"https:\/\/www.biyochem.com.tr\/en\/yuzey-suyu-aritma-yontemleri\/\" \/>\n<meta property=\"og:locale\" content=\"en_US\" \/>\n<meta property=\"og:type\" content=\"article\" \/>\n<meta property=\"og:title\" content=\"Y\u00fczey Suyu Ar\u0131tma Y\u00f6ntemleri | Biyochem M&uuml;hendislik\" \/>\n<meta property=\"og:description\" content=\"Y\u00fczey suyunu ar\u0131tmak i\u00e7in yayg\u0131n olarak iki i\u015flem kullan\u0131l\u0131r. \u2022 Ar\u0131tma, kum filtrasyonu, aktif karbon adsorpsiyonu ve dezenfeksiyon,Ultrafiltrasyon teknolojisine dayal\u0131 ar\u0131tma\" \/>\n<meta property=\"og:url\" content=\"https:\/\/www.biyochem.com.tr\/en\/yuzey-suyu-aritma-yontemleri\/\" \/>\n<meta property=\"og:site_name\" content=\"Biyochem M&uuml;hendislik\" \/>\n<meta property=\"article:modified_time\" content=\"2021-06-01T20:50:22+00:00\" \/>\n<meta name=\"twitter:card\" content=\"summary_large_image\" \/>\n<meta name=\"twitter:label1\" content=\"Est. reading time\" \/>\n\t<meta name=\"twitter:data1\" content=\"1 minute\" \/>\n<script type=\"application\/ld+json\" class=\"yoast-schema-graph\">{\"@context\":\"https:\/\/schema.org\",\"@graph\":[{\"@type\":\"WebPage\",\"@id\":\"https:\/\/www.biyochem.com.tr\/en\/yuzey-suyu-aritma-yontemleri\/\",\"url\":\"https:\/\/www.biyochem.com.tr\/en\/yuzey-suyu-aritma-yontemleri\/\",\"name\":\"Y\u00fczey Suyu Ar\u0131tma Y\u00f6ntemleri | Biyochem M&uuml;hendislik\",\"isPartOf\":{\"@id\":\"https:\/\/www.biyochem.com.tr\/#website\"},\"datePublished\":\"2021-06-01T20:46:54+00:00\",\"dateModified\":\"2021-06-01T20:50:22+00:00\",\"description\":\"Y\u00fczey suyunu ar\u0131tmak i\u00e7in yayg\u0131n olarak iki i\u015flem kullan\u0131l\u0131r. \u2022 Ar\u0131tma, kum filtrasyonu, aktif karbon adsorpsiyonu ve dezenfeksiyon,Ultrafiltrasyon teknolojisine dayal\u0131 ar\u0131tma\",\"breadcrumb\":{\"@id\":\"https:\/\/www.biyochem.com.tr\/en\/yuzey-suyu-aritma-yontemleri\/#breadcrumb\"},\"inLanguage\":\"en-US\",\"potentialAction\":[{\"@type\":\"ReadAction\",\"target\":[\"https:\/\/www.biyochem.com.tr\/en\/yuzey-suyu-aritma-yontemleri\/\"]}]},{\"@type\":\"BreadcrumbList\",\"@id\":\"https:\/\/www.biyochem.com.tr\/en\/yuzey-suyu-aritma-yontemleri\/#breadcrumb\",\"itemListElement\":[{\"@type\":\"ListItem\",\"position\":1,\"name\":\"Home\",\"item\":\"https:\/\/www.biyochem.com.tr\/\"},{\"@type\":\"ListItem\",\"position\":2,\"name\":\"Y\u00fczey Suyu Ar\u0131tma Y\u00f6ntemleri\"}]},{\"@type\":\"WebSite\",\"@id\":\"https:\/\/www.biyochem.com.tr\/#website\",\"url\":\"https:\/\/www.biyochem.com.tr\/\",\"name\":\"Biyochem M&uuml;hendislik\",\"description\":\"Su ar\u0131tma ve kimyasallar\u0131\",\"publisher\":{\"@id\":\"https:\/\/www.biyochem.com.tr\/#organization\"},\"potentialAction\":[{\"@type\":\"SearchAction\",\"target\":{\"@type\":\"EntryPoint\",\"urlTemplate\":\"https:\/\/www.biyochem.com.tr\/?s={search_term_string}\"},\"query-input\":{\"@type\":\"PropertyValueSpecification\",\"valueRequired\":true,\"valueName\":\"search_term_string\"}}],\"inLanguage\":\"en-US\"},{\"@type\":\"Organization\",\"@id\":\"https:\/\/www.biyochem.com.tr\/#organization\",\"name\":\"Biyochem M\u00fchendislik Su ar\u0131tma sistemleri ve kimyasallar\u0131\",\"url\":\"https:\/\/www.biyochem.com.tr\/\",\"logo\":{\"@type\":\"ImageObject\",\"inLanguage\":\"en-US\",\"@id\":\"https:\/\/www.biyochem.com.tr\/#\/schema\/logo\/image\/\",\"url\":\"https:\/\/www.biyochem.com.tr\/wp-content\/uploads\/2021\/05\/bc.png\",\"contentUrl\":\"https:\/\/www.biyochem.com.tr\/wp-content\/uploads\/2021\/05\/bc.png\",\"width\":433,\"height\":105,\"caption\":\"Biyochem M\u00fchendislik Su ar\u0131tma sistemleri ve kimyasallar\u0131\"},\"image\":{\"@id\":\"https:\/\/www.biyochem.com.tr\/#\/schema\/logo\/image\/\"}}]}<\/script>\n<!-- \/ Yoast SEO plugin. -->","yoast_head_json":{"title":"Y\u00fczey Suyu Ar\u0131tma Y\u00f6ntemleri | Biyochem M&uuml;hendislik","description":"Y\u00fczey suyunu ar\u0131tmak i\u00e7in yayg\u0131n olarak iki i\u015flem kullan\u0131l\u0131r. \u2022 Ar\u0131tma, kum filtrasyonu, aktif karbon adsorpsiyonu ve dezenfeksiyon,Ultrafiltrasyon teknolojisine dayal\u0131 ar\u0131tma","robots":{"index":"index","follow":"follow","max-snippet":"max-snippet:-1","max-image-preview":"max-image-preview:large","max-video-preview":"max-video-preview:-1"},"canonical":"https:\/\/www.biyochem.com.tr\/en\/yuzey-suyu-aritma-yontemleri\/","og_locale":"en_US","og_type":"article","og_title":"Y\u00fczey Suyu Ar\u0131tma Y\u00f6ntemleri | Biyochem M&uuml;hendislik","og_description":"Y\u00fczey suyunu ar\u0131tmak i\u00e7in yayg\u0131n olarak iki i\u015flem kullan\u0131l\u0131r. \u2022 Ar\u0131tma, kum filtrasyonu, aktif karbon adsorpsiyonu ve dezenfeksiyon,Ultrafiltrasyon teknolojisine dayal\u0131 ar\u0131tma","og_url":"https:\/\/www.biyochem.com.tr\/en\/yuzey-suyu-aritma-yontemleri\/","og_site_name":"Biyochem M&uuml;hendislik","article_modified_time":"2021-06-01T20:50:22+00:00","twitter_card":"summary_large_image","twitter_misc":{"Est. reading time":"1 minute"},"schema":{"@context":"https:\/\/schema.org","@graph":[{"@type":"WebPage","@id":"https:\/\/www.biyochem.com.tr\/en\/yuzey-suyu-aritma-yontemleri\/","url":"https:\/\/www.biyochem.com.tr\/en\/yuzey-suyu-aritma-yontemleri\/","name":"Y\u00fczey Suyu Ar\u0131tma Y\u00f6ntemleri | Biyochem M&uuml;hendislik","isPartOf":{"@id":"https:\/\/www.biyochem.com.tr\/#website"},"datePublished":"2021-06-01T20:46:54+00:00","dateModified":"2021-06-01T20:50:22+00:00","description":"Y\u00fczey suyunu ar\u0131tmak i\u00e7in yayg\u0131n olarak iki i\u015flem kullan\u0131l\u0131r. \u2022 Ar\u0131tma, kum filtrasyonu, aktif karbon adsorpsiyonu ve dezenfeksiyon,Ultrafiltrasyon teknolojisine dayal\u0131 ar\u0131tma","breadcrumb":{"@id":"https:\/\/www.biyochem.com.tr\/en\/yuzey-suyu-aritma-yontemleri\/#breadcrumb"},"inLanguage":"en-US","potentialAction":[{"@type":"ReadAction","target":["https:\/\/www.biyochem.com.tr\/en\/yuzey-suyu-aritma-yontemleri\/"]}]},{"@type":"BreadcrumbList","@id":"https:\/\/www.biyochem.com.tr\/en\/yuzey-suyu-aritma-yontemleri\/#breadcrumb","itemListElement":[{"@type":"ListItem","position":1,"name":"Home","item":"https:\/\/www.biyochem.com.tr\/"},{"@type":"ListItem","position":2,"name":"Y\u00fczey Suyu Ar\u0131tma Y\u00f6ntemleri"}]},{"@type":"WebSite","@id":"https:\/\/www.biyochem.com.tr\/#website","url":"https:\/\/www.biyochem.com.tr\/","name":"Biyochem M&uuml;hendislik","description":"Su ar\u0131tma ve kimyasallar\u0131","publisher":{"@id":"https:\/\/www.biyochem.com.tr\/#organization"},"potentialAction":[{"@type":"SearchAction","target":{"@type":"EntryPoint","urlTemplate":"https:\/\/www.biyochem.com.tr\/?s={search_term_string}"},"query-input":{"@type":"PropertyValueSpecification","valueRequired":true,"valueName":"search_term_string"}}],"inLanguage":"en-US"},{"@type":"Organization","@id":"https:\/\/www.biyochem.com.tr\/#organization","name":"Biyochem M\u00fchendislik Su ar\u0131tma sistemleri ve kimyasallar\u0131","url":"https:\/\/www.biyochem.com.tr\/","logo":{"@type":"ImageObject","inLanguage":"en-US","@id":"https:\/\/www.biyochem.com.tr\/#\/schema\/logo\/image\/","url":"https:\/\/www.biyochem.com.tr\/wp-content\/uploads\/2021\/05\/bc.png","contentUrl":"https:\/\/www.biyochem.com.tr\/wp-content\/uploads\/2021\/05\/bc.png","width":433,"height":105,"caption":"Biyochem M\u00fchendislik Su ar\u0131tma sistemleri ve kimyasallar\u0131"},"image":{"@id":"https:\/\/www.biyochem.com.tr\/#\/schema\/logo\/image\/"}}]}},"_links":{"self":[{"href":"https:\/\/www.biyochem.com.tr\/en\/wp-json\/wp\/v2\/pages\/297","targetHints":{"allow":["GET"]}}],"collection":[{"href":"https:\/\/www.biyochem.com.tr\/en\/wp-json\/wp\/v2\/pages"}],"about":[{"href":"https:\/\/www.biyochem.com.tr\/en\/wp-json\/wp\/v2\/types\/page"}],"author":[{"embeddable":true,"href":"https:\/\/www.biyochem.com.tr\/en\/wp-json\/wp\/v2\/users\/1"}],"replies":[{"embeddable":true,"href":"https:\/\/www.biyochem.com.tr\/en\/wp-json\/wp\/v2\/comments?post=297"}],"version-history":[{"count":3,"href":"https:\/\/www.biyochem.com.tr\/en\/wp-json\/wp\/v2\/pages\/297\/revisions"}],"predecessor-version":[{"id":301,"href":"https:\/\/www.biyochem.com.tr\/en\/wp-json\/wp\/v2\/pages\/297\/revisions\/301"}],"wp:attachment":[{"href":"https:\/\/www.biyochem.com.tr\/en\/wp-json\/wp\/v2\/media?parent=297"}],"curies":[{"name":"wp","href":"https:\/\/api.w.org\/{rel}","templated":true}]}}