{"id":315,"date":"2021-06-14T19:29:23","date_gmt":"2021-06-14T19:29:23","guid":{"rendered":"https:\/\/www.biyochem.com.tr\/?page_id=315"},"modified":"2021-06-14T19:34:32","modified_gmt":"2021-06-14T19:34:32","slug":"endustriyel-atiksu-geri-kazanim-sistemleri","status":"publish","type":"page","link":"https:\/\/www.biyochem.com.tr\/en\/endustriyel-atiksu-geri-kazanim-sistemleri\/","title":{"rendered":"Industrial Wastewater Recovery Systems"},"content":{"rendered":"<div class=\"vce-row-container\" data-vce-boxed-width=\"true\"><div class=\"vce-row vce-row--col-gap-30 vce-row-equal-height vce-row-content--top\" id=\"el-12c7fd06\" data-vce-do-apply=\"all el-12c7fd06\"><div class=\"vce-content-background-container\"><\/div><div class=\"vce-row-content\" data-vce-element-content=\"true\"><div class=\"vce-col vce-col--md-auto vce-col--xs-1 vce-col--xs-last vce-col--xs-first vce-col--sm-last vce-col--sm-first vce-col--md-first vce-col--lg-first vce-col--xl-first\" id=\"el-c12cb91f\"><div class=\"vce-col-inner\" data-vce-do-apply=\"border margin background  el-c12cb91f\"><div class=\"vce-col-content\" data-vce-element-content=\"true\" data-vce-do-apply=\"padding el-c12cb91f\"><div class=\"vce-text-block\"><div class=\"vce-text-block-wrapper vce\" id=\"el-c06cad7d\" data-vce-do-apply=\"all el-c06cad7d\">\n<p>Water recovery and reuse from waste water has been given attention in the last decades. Water stress and strict environmental regulations strive to the application advanced wastewater treatment methods in a global scale.<\/p>\n\n\n\n<p>Process wastewater contains minerals and nutrients of value for reuse. Our know-how and experience on a broad range of membrane separation and electrochemical processes integrates value in industry processes.<\/p>\n\n\n\n<p>Biyochem\u2019s experienced team access carefully each liquid stream, offering feasibility studies from laboratory experiments, pilot units testing and delivering full scale solution.<\/p>\n\n\n\n<p>Each industry and application are unique, and our expertise and industry know-how bring to our clients the value required for an effective wastewater treatment and reuse process, contributing to a sustainable management of resources.<\/p>\n<\/div><\/div><\/div><\/div><\/div><div class=\"vce-col vce-col--md-auto vce-col--xs-1 vce-col--xs-last vce-col--xs-first vce-col--sm-last vce-col--sm-first vce-col--md-last vce-col--lg-last vce-col--xl-last\" id=\"el-11c9d406\"><div class=\"vce-col-inner\" data-vce-do-apply=\"border margin background  el-11c9d406\"><div class=\"vce-col-content\" data-vce-element-content=\"true\" data-vce-do-apply=\"padding el-11c9d406\"><div class=\"vce-single-image-container vce-single-image--align-left\"><div class=\"vce vce-single-image-wrapper\" id=\"el-470e4070\" data-vce-do-apply=\"all el-470e4070\"><figure><div class=\"vce-single-image-inner vce-single-image--absolute\" style=\"padding-bottom: 79.7219%; width: 863px;\"><img loading=\"lazy\" decoding=\"async\" class=\"vce-single-image vcv-lozad\" data-src=\"https:\/\/www.biyochem.com.tr\/wp-content\/uploads\/2021\/06\/endustriyel-atiksu-geri-kazanim-sistemleri.png\" width=\"863\" height=\"688\" src=\"\" data-img-src=\"https:\/\/www.biyochem.com.tr\/wp-content\/uploads\/2021\/06\/endustriyel-atiksu-geri-kazanim-sistemleri.png\" alt=\"\" title=\"end\u00fcstriyel at\u0131ksu geri kazan\u0131m sistemleri\" \/><noscript>\n        <img loading=\"lazy\" decoding=\"async\" class=\"vce-single-image\" src=\"https:\/\/www.biyochem.com.tr\/wp-content\/uploads\/2021\/06\/endustriyel-atiksu-geri-kazanim-sistemleri.png\" width=\"863\" height=\"688\" alt=\"\" title=\"end\u00fcstriyel at\u0131ksu geri kazan\u0131m sistemleri\" \/>\n      <\/noscript><\/div><figcaption hidden=\"\"><\/figcaption><\/figure><\/div><\/div><\/div><\/div><\/div><\/div><\/div><\/div>","protected":false},"excerpt":{"rendered":"<p>End\u00fcstriyel at\u0131ksu su geri kazan\u0131m\u0131 ve yeniden kullan\u0131m\u0131na son on y\u0131lda \u00f6nem verilmi\u015ftir. Azalan su kaynaklar\u0131 ve kat\u0131 \u00e7evresel d\u00fczenlemeler, k\u00fcresel \u00f6l\u00e7ekte geli\u015fmi\u015f at\u0131k su ar\u0131tma y\u00f6ntemlerini uygulamaya ge\u00e7irmi\u015ftir. Proses at\u0131k suyu, yeniden kullan\u0131m i\u00e7in de\u011ferli mineraller ve besinler i\u00e7erir. Geni\u015f bir yelpazede membran ay\u0131rma ve elektrokimyasal s\u00fcre\u00e7ler konusundaki bilgi birikimimiz ve deneyimimiz, end\u00fcstri s\u00fcre\u00e7lerindeki &#8230; <a title=\"Industrial Wastewater Recovery Systems\" class=\"read-more\" href=\"https:\/\/www.biyochem.com.tr\/en\/endustriyel-atiksu-geri-kazanim-sistemleri\/\" aria-label=\"Read more about End\u00fcstriyel At\u0131ksu Geri Kazan\u0131m Sistemleri\">Read more<\/a><\/p>","protected":false},"author":1,"featured_media":0,"parent":0,"menu_order":0,"comment_status":"closed","ping_status":"closed","template":"","meta":{"footnotes":""},"class_list":["post-315","page","type-page","status-publish"],"yoast_head":"<!-- This site is optimized with the Yoast SEO plugin v24.2 - https:\/\/yoast.com\/wordpress\/plugins\/seo\/ -->\n<title>End\u00fcstriyel At\u0131ksu Geri Kazan\u0131m Sistemleri | Biyochem M&uuml;hendislik<\/title>\n<meta name=\"description\" content=\"Biyochem M&uuml;hendislik end\u00fcstriyel at\u0131ksu geri kazan\u0131m sistemleri\" \/>\n<meta name=\"robots\" content=\"index, follow, max-snippet:-1, max-image-preview:large, max-video-preview:-1\" \/>\n<link rel=\"canonical\" href=\"https:\/\/www.biyochem.com.tr\/en\/endustriyel-atiksu-geri-kazanim-sistemleri\/\" \/>\n<meta property=\"og:locale\" content=\"en_US\" \/>\n<meta property=\"og:type\" content=\"article\" \/>\n<meta property=\"og:title\" content=\"End\u00fcstriyel At\u0131ksu Geri Kazan\u0131m Sistemleri | Biyochem M&uuml;hendislik\" \/>\n<meta property=\"og:description\" content=\"Biyochem M&uuml;hendislik end\u00fcstriyel at\u0131ksu geri kazan\u0131m sistemleri\" \/>\n<meta property=\"og:url\" content=\"https:\/\/www.biyochem.com.tr\/en\/endustriyel-atiksu-geri-kazanim-sistemleri\/\" \/>\n<meta property=\"og:site_name\" content=\"Biyochem M&uuml;hendislik\" \/>\n<meta property=\"article:modified_time\" content=\"2021-06-14T19:34:32+00:00\" \/>\n<meta name=\"twitter:card\" content=\"summary_large_image\" \/>\n<meta name=\"twitter:label1\" content=\"Est. reading time\" \/>\n\t<meta name=\"twitter:data1\" content=\"1 minute\" \/>\n<script type=\"application\/ld+json\" class=\"yoast-schema-graph\">{\"@context\":\"https:\/\/schema.org\",\"@graph\":[{\"@type\":\"WebPage\",\"@id\":\"https:\/\/www.biyochem.com.tr\/endustriyel-atiksu-geri-kazanim-sistemleri\/\",\"url\":\"https:\/\/www.biyochem.com.tr\/endustriyel-atiksu-geri-kazanim-sistemleri\/\",\"name\":\"End\u00fcstriyel At\u0131ksu Geri Kazan\u0131m Sistemleri | Biyochem M&uuml;hendislik\",\"isPartOf\":{\"@id\":\"https:\/\/www.biyochem.com.tr\/#website\"},\"datePublished\":\"2021-06-14T19:29:23+00:00\",\"dateModified\":\"2021-06-14T19:34:32+00:00\",\"description\":\"Biyochem M&uuml;hendislik end\u00fcstriyel at\u0131ksu geri kazan\u0131m sistemleri\",\"breadcrumb\":{\"@id\":\"https:\/\/www.biyochem.com.tr\/endustriyel-atiksu-geri-kazanim-sistemleri\/#breadcrumb\"},\"inLanguage\":\"en-US\",\"potentialAction\":[{\"@type\":\"ReadAction\",\"target\":[\"https:\/\/www.biyochem.com.tr\/endustriyel-atiksu-geri-kazanim-sistemleri\/\"]}]},{\"@type\":\"BreadcrumbList\",\"@id\":\"https:\/\/www.biyochem.com.tr\/endustriyel-atiksu-geri-kazanim-sistemleri\/#breadcrumb\",\"itemListElement\":[{\"@type\":\"ListItem\",\"position\":1,\"name\":\"Home\",\"item\":\"https:\/\/www.biyochem.com.tr\/\"},{\"@type\":\"ListItem\",\"position\":2,\"name\":\"End\u00fcstriyel At\u0131ksu Geri Kazan\u0131m Sistemleri\"}]},{\"@type\":\"WebSite\",\"@id\":\"https:\/\/www.biyochem.com.tr\/#website\",\"url\":\"https:\/\/www.biyochem.com.tr\/\",\"name\":\"Biyochem M&uuml;hendislik\",\"description\":\"Su ar\u0131tma ve kimyasallar\u0131\",\"publisher\":{\"@id\":\"https:\/\/www.biyochem.com.tr\/#organization\"},\"potentialAction\":[{\"@type\":\"SearchAction\",\"target\":{\"@type\":\"EntryPoint\",\"urlTemplate\":\"https:\/\/www.biyochem.com.tr\/?s={search_term_string}\"},\"query-input\":{\"@type\":\"PropertyValueSpecification\",\"valueRequired\":true,\"valueName\":\"search_term_string\"}}],\"inLanguage\":\"en-US\"},{\"@type\":\"Organization\",\"@id\":\"https:\/\/www.biyochem.com.tr\/#organization\",\"name\":\"Biyochem M\u00fchendislik Su ar\u0131tma sistemleri ve kimyasallar\u0131\",\"url\":\"https:\/\/www.biyochem.com.tr\/\",\"logo\":{\"@type\":\"ImageObject\",\"inLanguage\":\"en-US\",\"@id\":\"https:\/\/www.biyochem.com.tr\/#\/schema\/logo\/image\/\",\"url\":\"https:\/\/www.biyochem.com.tr\/wp-content\/uploads\/2021\/05\/bc.png\",\"contentUrl\":\"https:\/\/www.biyochem.com.tr\/wp-content\/uploads\/2021\/05\/bc.png\",\"width\":433,\"height\":105,\"caption\":\"Biyochem M\u00fchendislik Su ar\u0131tma sistemleri ve kimyasallar\u0131\"},\"image\":{\"@id\":\"https:\/\/www.biyochem.com.tr\/#\/schema\/logo\/image\/\"}}]}<\/script>\n<!-- \/ Yoast SEO plugin. -->","yoast_head_json":{"title":"End\u00fcstriyel At\u0131ksu Geri Kazan\u0131m Sistemleri | Biyochem M&uuml;hendislik","description":"Biyochem M&uuml;hendislik end\u00fcstriyel at\u0131ksu geri kazan\u0131m sistemleri","robots":{"index":"index","follow":"follow","max-snippet":"max-snippet:-1","max-image-preview":"max-image-preview:large","max-video-preview":"max-video-preview:-1"},"canonical":"https:\/\/www.biyochem.com.tr\/en\/endustriyel-atiksu-geri-kazanim-sistemleri\/","og_locale":"en_US","og_type":"article","og_title":"End\u00fcstriyel At\u0131ksu Geri Kazan\u0131m Sistemleri | Biyochem M&uuml;hendislik","og_description":"Biyochem M&uuml;hendislik end\u00fcstriyel at\u0131ksu geri kazan\u0131m sistemleri","og_url":"https:\/\/www.biyochem.com.tr\/en\/endustriyel-atiksu-geri-kazanim-sistemleri\/","og_site_name":"Biyochem M&uuml;hendislik","article_modified_time":"2021-06-14T19:34:32+00:00","twitter_card":"summary_large_image","twitter_misc":{"Est. reading time":"1 minute"},"schema":{"@context":"https:\/\/schema.org","@graph":[{"@type":"WebPage","@id":"https:\/\/www.biyochem.com.tr\/endustriyel-atiksu-geri-kazanim-sistemleri\/","url":"https:\/\/www.biyochem.com.tr\/endustriyel-atiksu-geri-kazanim-sistemleri\/","name":"End\u00fcstriyel At\u0131ksu Geri Kazan\u0131m Sistemleri | Biyochem M&uuml;hendislik","isPartOf":{"@id":"https:\/\/www.biyochem.com.tr\/#website"},"datePublished":"2021-06-14T19:29:23+00:00","dateModified":"2021-06-14T19:34:32+00:00","description":"Biyochem M&uuml;hendislik end\u00fcstriyel at\u0131ksu geri kazan\u0131m sistemleri","breadcrumb":{"@id":"https:\/\/www.biyochem.com.tr\/endustriyel-atiksu-geri-kazanim-sistemleri\/#breadcrumb"},"inLanguage":"en-US","potentialAction":[{"@type":"ReadAction","target":["https:\/\/www.biyochem.com.tr\/endustriyel-atiksu-geri-kazanim-sistemleri\/"]}]},{"@type":"BreadcrumbList","@id":"https:\/\/www.biyochem.com.tr\/endustriyel-atiksu-geri-kazanim-sistemleri\/#breadcrumb","itemListElement":[{"@type":"ListItem","position":1,"name":"Home","item":"https:\/\/www.biyochem.com.tr\/"},{"@type":"ListItem","position":2,"name":"End\u00fcstriyel At\u0131ksu Geri Kazan\u0131m Sistemleri"}]},{"@type":"WebSite","@id":"https:\/\/www.biyochem.com.tr\/#website","url":"https:\/\/www.biyochem.com.tr\/","name":"Biyochem M&uuml;hendislik","description":"Su ar\u0131tma ve kimyasallar\u0131","publisher":{"@id":"https:\/\/www.biyochem.com.tr\/#organization"},"potentialAction":[{"@type":"SearchAction","target":{"@type":"EntryPoint","urlTemplate":"https:\/\/www.biyochem.com.tr\/?s={search_term_string}"},"query-input":{"@type":"PropertyValueSpecification","valueRequired":true,"valueName":"search_term_string"}}],"inLanguage":"en-US"},{"@type":"Organization","@id":"https:\/\/www.biyochem.com.tr\/#organization","name":"Biyochem M\u00fchendislik Su ar\u0131tma sistemleri ve kimyasallar\u0131","url":"https:\/\/www.biyochem.com.tr\/","logo":{"@type":"ImageObject","inLanguage":"en-US","@id":"https:\/\/www.biyochem.com.tr\/#\/schema\/logo\/image\/","url":"https:\/\/www.biyochem.com.tr\/wp-content\/uploads\/2021\/05\/bc.png","contentUrl":"https:\/\/www.biyochem.com.tr\/wp-content\/uploads\/2021\/05\/bc.png","width":433,"height":105,"caption":"Biyochem M\u00fchendislik Su ar\u0131tma sistemleri ve kimyasallar\u0131"},"image":{"@id":"https:\/\/www.biyochem.com.tr\/#\/schema\/logo\/image\/"}}]}},"_links":{"self":[{"href":"https:\/\/www.biyochem.com.tr\/en\/wp-json\/wp\/v2\/pages\/315","targetHints":{"allow":["GET"]}}],"collection":[{"href":"https:\/\/www.biyochem.com.tr\/en\/wp-json\/wp\/v2\/pages"}],"about":[{"href":"https:\/\/www.biyochem.com.tr\/en\/wp-json\/wp\/v2\/types\/page"}],"author":[{"embeddable":true,"href":"https:\/\/www.biyochem.com.tr\/en\/wp-json\/wp\/v2\/users\/1"}],"replies":[{"embeddable":true,"href":"https:\/\/www.biyochem.com.tr\/en\/wp-json\/wp\/v2\/comments?post=315"}],"version-history":[{"count":2,"href":"https:\/\/www.biyochem.com.tr\/en\/wp-json\/wp\/v2\/pages\/315\/revisions"}],"predecessor-version":[{"id":318,"href":"https:\/\/www.biyochem.com.tr\/en\/wp-json\/wp\/v2\/pages\/315\/revisions\/318"}],"wp:attachment":[{"href":"https:\/\/www.biyochem.com.tr\/en\/wp-json\/wp\/v2\/media?parent=315"}],"curies":[{"name":"wp","href":"https:\/\/api.w.org\/{rel}","templated":true}]}}